{"id":10695,"date":"2015-01-30T13:30:37","date_gmt":"2015-01-30T13:30:37","guid":{"rendered":"http:\/\/pusuladernegi.org\/?page_id=10695"},"modified":"2015-01-30T13:33:04","modified_gmt":"2015-01-30T13:33:04","slug":"sultanahmet-meydani-ve-gulhane-parki-gezisi-2014-2015","status":"publish","type":"page","link":"https:\/\/pusuladernegi.org\/?page_id=10695","title":{"rendered":"Sultanahmet Meydan\u0131 ve G\u00fclhane Park\u0131 Gezisi (2014-2015)"},"content":{"rendered":"<table border=\"0\" cellspacing=\"0\" cellpadding=\"0\">\n<tbody>\n<tr>\n<td width=\"205\">\n<figure id=\"attachment_10696\" aria-describedby=\"caption-attachment-10696\" style=\"width: 150px\" class=\"wp-caption alignleft\"><a href=\"https:\/\/pusuladernegi.org\/wp-content\/uploads\/2014_01_24-sultanahmet-meydan\u0131-ve-g\u00fclhane-park\u0131-gezisi.jpg\"><img loading=\"lazy\" decoding=\"async\" class=\"size-thumbnail wp-image-10696\" title=\"2014_01_24 sultanahmet meydan\u0131 ve g\u00fclhane park\u0131 gezisi\" src=\"https:\/\/pusuladernegi.org\/wp-content\/uploads\/2014_01_24-sultanahmet-meydan\u0131-ve-g\u00fclhane-park\u0131-gezisi-150x150.jpg\" alt=\"\" width=\"150\" height=\"150\" \/><\/a><figcaption id=\"caption-attachment-10696\" class=\"wp-caption-text\">sultanahmet meydan\u0131 ve g\u00fclhane park\u0131 gezisi 24 ocak 2015<\/figcaption><\/figure>\n<p align=\"center\">\n<\/td>\n<td width=\"205\">\n<figure id=\"attachment_10697\" aria-describedby=\"caption-attachment-10697\" style=\"width: 150px\" class=\"wp-caption alignleft\"><a href=\"https:\/\/pusuladernegi.org\/wp-content\/uploads\/2014_01_24-sultanahmet-meydan\u0131-ve-g\u00fclhane-park\u0131-gezisi-1.jpg\"><img loading=\"lazy\" decoding=\"async\" class=\"size-thumbnail wp-image-10697\" title=\"2014_01_24 sultanahmet meydan\u0131 ve g\u00fclhane park\u0131 gezisi (1)\" src=\"https:\/\/pusuladernegi.org\/wp-content\/uploads\/2014_01_24-sultanahmet-meydan\u0131-ve-g\u00fclhane-park\u0131-gezisi-1-150x150.jpg\" alt=\"\" width=\"150\" height=\"150\" \/><\/a><figcaption id=\"caption-attachment-10697\" class=\"wp-caption-text\">sultanahmet meydan\u0131 ve g\u00fclhane park\u0131 gezisi 24 ocak 2015<\/figcaption><\/figure>\n<p align=\"center\">\n<\/td>\n<td width=\"205\">\n<figure id=\"attachment_10698\" aria-describedby=\"caption-attachment-10698\" style=\"width: 150px\" class=\"wp-caption alignleft\"><a href=\"https:\/\/pusuladernegi.org\/wp-content\/uploads\/2014_01_24-sultanahmet-meydan\u0131-ve-g\u00fclhane-park\u0131-gezisi-2.jpg\"><img loading=\"lazy\" decoding=\"async\" class=\"size-thumbnail wp-image-10698\" title=\"2014_01_24 sultanahmet meydan\u0131 ve g\u00fclhane park\u0131 gezisi (2)\" src=\"https:\/\/pusuladernegi.org\/wp-content\/uploads\/2014_01_24-sultanahmet-meydan\u0131-ve-g\u00fclhane-park\u0131-gezisi-2-150x150.jpg\" alt=\"\" width=\"150\" height=\"150\" \/><\/a><figcaption id=\"caption-attachment-10698\" class=\"wp-caption-text\">sultanahmet meydan\u0131 ve g\u00fclhane park\u0131 gezisi 24 ocak 2015<\/figcaption><\/figure>\n<p align=\"center\">\n<\/td>\n<\/tr>\n<tr>\n<td width=\"205\">\n<figure id=\"attachment_10699\" aria-describedby=\"caption-attachment-10699\" style=\"width: 150px\" class=\"wp-caption alignleft\"><a href=\"https:\/\/pusuladernegi.org\/wp-content\/uploads\/2014_01_24-sultanahmet-meydan\u0131-ve-g\u00fclhane-park\u0131-gezisi-3.jpg\"><img loading=\"lazy\" decoding=\"async\" class=\"size-thumbnail wp-image-10699\" title=\"2014_01_24 sultanahmet meydan\u0131 ve g\u00fclhane park\u0131 gezisi (3)\" src=\"https:\/\/pusuladernegi.org\/wp-content\/uploads\/2014_01_24-sultanahmet-meydan\u0131-ve-g\u00fclhane-park\u0131-gezisi-3-150x150.jpg\" alt=\"\" width=\"150\" height=\"150\" \/><\/a><figcaption id=\"caption-attachment-10699\" class=\"wp-caption-text\">sultanahmet meydan\u0131 ve g\u00fclhane park\u0131 gezisi 24 ocak 2015<\/figcaption><\/figure>\n<p align=\"center\">\n<\/td>\n<td width=\"205\">\n<figure id=\"attachment_10700\" aria-describedby=\"caption-attachment-10700\" style=\"width: 150px\" class=\"wp-caption alignleft\"><a href=\"https:\/\/pusuladernegi.org\/wp-content\/uploads\/2014_01_24-sultanahmet-meydan\u0131-ve-g\u00fclhane-park\u0131-gezisi-4.jpg\"><img loading=\"lazy\" decoding=\"async\" class=\"size-thumbnail wp-image-10700\" title=\"2014_01_24 sultanahmet meydan\u0131 ve g\u00fclhane park\u0131 gezisi (4)\" src=\"https:\/\/pusuladernegi.org\/wp-content\/uploads\/2014_01_24-sultanahmet-meydan\u0131-ve-g\u00fclhane-park\u0131-gezisi-4-150x150.jpg\" alt=\"\" width=\"150\" height=\"150\" \/><\/a><figcaption id=\"caption-attachment-10700\" class=\"wp-caption-text\">sultanahmet meydan\u0131 ve g\u00fclhane park\u0131 gezisi 24 ocak 2015<\/figcaption><\/figure>\n<p align=\"center\">\n<\/td>\n<td width=\"205\">\n<figure id=\"attachment_10701\" aria-describedby=\"caption-attachment-10701\" style=\"width: 150px\" class=\"wp-caption alignleft\"><a href=\"https:\/\/pusuladernegi.org\/wp-content\/uploads\/2014_01_24-sultanahmet-meydan\u0131-ve-g\u00fclhane-park\u0131-gezisi-5.jpg\"><img loading=\"lazy\" decoding=\"async\" class=\"size-thumbnail wp-image-10701\" title=\"2014_01_24 sultanahmet meydan\u0131 ve g\u00fclhane park\u0131 gezisi (5)\" src=\"https:\/\/pusuladernegi.org\/wp-content\/uploads\/2014_01_24-sultanahmet-meydan\u0131-ve-g\u00fclhane-park\u0131-gezisi-5-150x150.jpg\" alt=\"\" width=\"150\" height=\"150\" \/><\/a><figcaption id=\"caption-attachment-10701\" class=\"wp-caption-text\">sultanahmet meydan\u0131 ve g\u00fclhane park\u0131 gezisi 24 ocak 2015<\/figcaption><\/figure>\n<p align=\"center\">\n<\/td>\n<\/tr>\n<tr>\n<td width=\"205\">\n<figure id=\"attachment_10702\" aria-describedby=\"caption-attachment-10702\" style=\"width: 150px\" class=\"wp-caption alignleft\"><a href=\"https:\/\/pusuladernegi.org\/wp-content\/uploads\/2014_01_24-sultanahmet-meydan\u0131-ve-g\u00fclhane-park\u0131-gezisi-6.jpg\"><img loading=\"lazy\" decoding=\"async\" class=\"size-thumbnail wp-image-10702\" title=\"2014_01_24 sultanahmet meydan\u0131 ve g\u00fclhane park\u0131 gezisi (6)\" src=\"https:\/\/pusuladernegi.org\/wp-content\/uploads\/2014_01_24-sultanahmet-meydan\u0131-ve-g\u00fclhane-park\u0131-gezisi-6-150x150.jpg\" alt=\"\" width=\"150\" height=\"150\" \/><\/a><figcaption id=\"caption-attachment-10702\" class=\"wp-caption-text\">sultanahmet meydan\u0131 ve g\u00fclhane park\u0131 gezisi 24 ocak 2015<\/figcaption><\/figure>\n<p align=\"center\">\n<\/td>\n<td width=\"205\">\n<figure id=\"attachment_10703\" aria-describedby=\"caption-attachment-10703\" style=\"width: 150px\" class=\"wp-caption alignleft\"><a href=\"https:\/\/pusuladernegi.org\/wp-content\/uploads\/2014_01_24-sultanahmet-meydan\u0131-ve-g\u00fclhane-park\u0131-gezisi-7.jpg\"><img loading=\"lazy\" decoding=\"async\" class=\"size-thumbnail wp-image-10703\" title=\"2014_01_24 sultanahmet meydan\u0131 ve g\u00fclhane park\u0131 gezisi (7)\" src=\"https:\/\/pusuladernegi.org\/wp-content\/uploads\/2014_01_24-sultanahmet-meydan\u0131-ve-g\u00fclhane-park\u0131-gezisi-7-150x150.jpg\" alt=\"\" width=\"150\" height=\"150\" \/><\/a><figcaption id=\"caption-attachment-10703\" class=\"wp-caption-text\">sultanahmet meydan\u0131 ve g\u00fclhane park\u0131 gezisi 24 ocak 2015<\/figcaption><\/figure>\n<p align=\"center\">\n<\/td>\n<td width=\"205\">\n<p><figure id=\"attachment_10704\" aria-describedby=\"caption-attachment-10704\" style=\"width: 150px\" class=\"wp-caption alignleft\"><a href=\"https:\/\/pusuladernegi.org\/wp-content\/uploads\/2014_01_24-sultanahmet-meydan\u0131-ve-g\u00fclhane-park\u0131-gezisi-8.jpg\"><img loading=\"lazy\" decoding=\"async\" class=\"size-thumbnail wp-image-10704\" title=\"2014_01_24 sultanahmet meydan\u0131 ve g\u00fclhane park\u0131 gezisi (8)\" src=\"https:\/\/pusuladernegi.org\/wp-content\/uploads\/2014_01_24-sultanahmet-meydan\u0131-ve-g\u00fclhane-park\u0131-gezisi-8-150x150.jpg\" alt=\"\" width=\"150\" height=\"150\" \/><\/a><figcaption id=\"caption-attachment-10704\" class=\"wp-caption-text\">sultanahmet meydan\u0131 ve g\u00fclhane park\u0131 gezisi 24 ocak 2015<\/figcaption><\/figure><\/td>\n<\/tr>\n<tr>\n<td width=\"205\">\n<p><figure id=\"attachment_10705\" aria-describedby=\"caption-attachment-10705\" style=\"width: 150px\" class=\"wp-caption alignleft\"><a href=\"https:\/\/pusuladernegi.org\/wp-content\/uploads\/2014_01_24-sultanahmet-meydan\u0131-ve-g\u00fclhane-park\u0131-gezisi-9.jpg\"><img loading=\"lazy\" decoding=\"async\" class=\"size-thumbnail wp-image-10705\" title=\"2014_01_24 sultanahmet meydan\u0131 ve g\u00fclhane park\u0131 gezisi (9)\" src=\"https:\/\/pusuladernegi.org\/wp-content\/uploads\/2014_01_24-sultanahmet-meydan\u0131-ve-g\u00fclhane-park\u0131-gezisi-9-150x150.jpg\" alt=\"\" width=\"150\" height=\"150\" \/><\/a><figcaption id=\"caption-attachment-10705\" class=\"wp-caption-text\">sultanahmet meydan\u0131 ve g\u00fclhane park\u0131 gezisi 24 ocak 2015<\/figcaption><\/figure><\/td>\n<td width=\"205\"><\/td>\n<td width=\"205\"><\/td>\n<\/tr>\n<tr>\n<td width=\"205\"><\/td>\n<td width=\"205\"><\/td>\n<td width=\"205\"><\/td>\n<\/tr>\n<tr>\n<td width=\"205\"><\/td>\n<td width=\"205\"><\/td>\n<td width=\"205\"><\/td>\n<\/tr>\n<tr>\n<td width=\"205\"><\/td>\n<td width=\"205\"><\/td>\n<td width=\"205\"><\/td>\n<\/tr>\n<tr>\n<td width=\"205\"><\/td>\n<td width=\"205\"><\/td>\n<td width=\"205\"><\/td>\n<\/tr>\n<tr>\n<td width=\"205\"><\/td>\n<td width=\"205\"><\/td>\n<td width=\"205\"><\/td>\n<\/tr>\n<tr>\n<td width=\"205\"><\/td>\n<td width=\"205\"><\/td>\n<td width=\"205\"><\/td>\n<\/tr>\n<\/tbody>\n<\/table>\n","protected":false},"excerpt":{"rendered":"","protected":false},"author":1,"featured_media":0,"parent":9531,"menu_order":0,"comment_status":"open","ping_status":"open","template":"template-twocolumnsright.php","meta":{"colormag_page_container_layout":"default_layout","colormag_page_sidebar_layout":"default_layout","footnotes":""},"class_list":["post-10695","page","type-page","status-publish","hentry"],"_links":{"self":[{"href":"https:\/\/pusuladernegi.org\/index.php?rest_route=\/wp\/v2\/pages\/10695"}],"collection":[{"href":"https:\/\/pusuladernegi.org\/index.php?rest_route=\/wp\/v2\/pages"}],"about":[{"href":"https:\/\/pusuladernegi.org\/index.php?rest_route=\/wp\/v2\/types\/page"}],"author":[{"embeddable":true,"href":"https:\/\/pusuladernegi.org\/index.php?rest_route=\/wp\/v2\/users\/1"}],"replies":[{"embeddable":true,"href":"https:\/\/pusuladernegi.org\/index.php?rest_route=%2Fwp%2Fv2%2Fcomments&post=10695"}],"version-history":[{"count":3,"href":"https:\/\/pusuladernegi.org\/index.php?rest_route=\/wp\/v2\/pages\/10695\/revisions"}],"predecessor-version":[{"id":10709,"href":"https:\/\/pusuladernegi.org\/index.php?rest_route=\/wp\/v2\/pages\/10695\/revisions\/10709"}],"up":[{"embeddable":true,"href":"https:\/\/pusuladernegi.org\/index.php?rest_route=\/wp\/v2\/pages\/9531"}],"wp:attachment":[{"href":"https:\/\/pusuladernegi.org\/index.php?rest_route=%2Fwp%2Fv2%2Fmedia&parent=10695"}],"curies":[{"name":"wp","href":"https:\/\/api.w.org\/{rel}","templated":true}]}}