{"id":12217,"date":"2015-10-09T06:17:54","date_gmt":"2015-10-09T06:17:54","guid":{"rendered":"http:\/\/pusuladernegi.org\/?page_id=12217"},"modified":"2015-11-24T15:32:07","modified_gmt":"2015-11-24T15:32:07","slug":"ders-programi-ve-icerigi-2015-2016","status":"publish","type":"page","link":"https:\/\/pusuladernegi.org\/?page_id=12217","title":{"rendered":"Ders Program\u0131 ve i\u00e7eri\u011fi 2015-2016"},"content":{"rendered":"<p>&nbsp;<\/p>\n<p><strong>2015-2016 d\u00f6nemi gen\u00e7 pusula i\u015fleyecekleri ana konu g\u00fcn ve saatler\u00a0a\u015fa\u011f\u0131da\u00a0verilmi\u015ftir. Derslerin ayr\u0131nt\u0131s\u0131 i\u00e7in konu \u00fczerine t\u0131klay\u0131n\u0131z!<\/strong><\/p>\n<p>Program lise ve teog\u00a0gurubunda \u00a0haftada \u00a01 saat uygulanacakt\u0131r.<\/p>\n<table width=\"552\" border=\"0\" cellspacing=\"0\" cellpadding=\"0\">\n<tbody>\n<tr>\n<td valign=\"top\" width=\"26\"><\/td>\n<td valign=\"top\" width=\"158\"><strong>Gurup<\/strong><\/td>\n<td valign=\"top\" width=\"94\"><strong>Muallim\/e<\/strong><\/td>\n<td valign=\"top\" width=\"76\"><strong>G\u00fcn<\/strong><\/td>\n<td valign=\"top\" width=\"86\"><strong>Saat\u00a0<\/strong><\/td>\n<td valign=\"top\" width=\"111\"><strong>Ana Ba\u015fl\u0131k<\/strong><\/td>\n<\/tr>\n<tr>\n<td valign=\"top\" width=\"26\">1<\/td>\n<td valign=\"top\" width=\"158\">Gen\u00e7 Pusula K\u0131zlar\u00a0<strong>(Pusula Vatan)<\/strong><\/td>\n<td valign=\"top\" width=\"94\">K\u00fcbra Nay\u0131ro\u011flu<\/td>\n<td valign=\"top\" width=\"76\">Cumartesi<\/td>\n<td valign=\"top\" width=\"86\">13.00-16.00<\/td>\n<td valign=\"top\" width=\"111\"><a href=\"https:\/\/pusuladernegi.org\/?page_id=12423\"><strong>Hadis + \u0130lmihal<\/strong><\/a><\/td>\n<\/tr>\n<tr>\n<td valign=\"top\" width=\"26\">2<\/td>\n<td valign=\"top\" width=\"158\">Gen\u00e7 Pusula K\u0131zlar\u00a0(Teog)\u00a0<strong>(Pusula Vatan)<\/strong><\/td>\n<td valign=\"top\" width=\"94\">Hilal \u00d6zkul<\/td>\n<td valign=\"top\" width=\"76\">Cumartesi<\/td>\n<td valign=\"top\" width=\"86\">13.00-16.00<\/td>\n<td valign=\"top\" width=\"111\"><strong>Sohbet<\/strong><\/td>\n<\/tr>\n<tr>\n<td valign=\"top\" width=\"26\">3<\/td>\n<td valign=\"top\" width=\"158\">Gen\u00e7 Pusula K\u0131zlar\u00a0(Lise)\u00a0<strong>(Pusula Vatan)<\/strong><\/td>\n<td valign=\"top\" width=\"94\">Hilal \u00d6zkul<\/td>\n<td valign=\"top\" width=\"76\">Cumartesi<\/td>\n<td valign=\"top\" width=\"86\">16.00-19.00<\/td>\n<td valign=\"top\" width=\"111\"><a href=\"https:\/\/pusuladernegi.org\/?page_id=12423\"><strong>Hadis + \u0130lmihal<\/strong><\/a><\/td>\n<\/tr>\n<tr>\n<td valign=\"top\" width=\"26\">4<\/td>\n<td valign=\"top\" width=\"158\">Gen\u00e7 Pusula Erkekler\u00a0<strong>(Pusula Vatan)<\/strong><\/td>\n<td valign=\"top\" width=\"94\">Mehmet Nas\u0131r<\/td>\n<td valign=\"top\" width=\"76\">Cumartesi<\/td>\n<td valign=\"top\" width=\"86\">16.00-19.00<\/td>\n<td valign=\"top\" width=\"111\"><strong>\u0130lmihal<\/strong><\/td>\n<\/tr>\n<tr>\n<td valign=\"top\" width=\"26\">5<\/td>\n<td valign=\"top\" width=\"158\">Gen\u00e7 Pusula Erkekler Lise\u00a0<strong>(Pusula Vatan)<\/strong><\/td>\n<td valign=\"top\" width=\"94\">Do\u011fan Y\u0131lmaz<\/td>\n<td valign=\"top\" width=\"76\">Cuma<\/td>\n<td valign=\"top\" width=\"86\">18.00-19.00<\/td>\n<td valign=\"top\" width=\"111\"><a href=\"https:\/\/pusuladernegi.org\/?page_id=12221\"><strong>Kulluk ve Sorumluluk Bilinci \u00a0+ \u0130lmihal<\/strong><\/a><\/td>\n<\/tr>\n<tr>\n<td valign=\"top\" width=\"26\">6<\/td>\n<td valign=\"top\" width=\"158\">Gen\u00e7 Pusula K\u0131zlar\u00a0<strong>(Pusula Cevatpa\u015fa)<\/strong><\/td>\n<td valign=\"top\" width=\"94\">Elif<\/td>\n<td valign=\"top\" width=\"76\">Cumartesi<\/td>\n<td valign=\"top\" width=\"86\">13.00-16.00<\/td>\n<td valign=\"top\" width=\"111\"><strong><a href=\"https:\/\/pusuladernegi.org\/?page_id=6292\">K\u0131sa Sureler<\/a><\/strong><\/td>\n<\/tr>\n<\/tbody>\n<\/table>\n<p>7 \u00a0 \u00a0 \u00a0\u00a0Gen\u00e7 Pusula Erkek (Teog)\u00a0<strong>(Pusula Vatan) \u00a0Do\u011fan Y\u0131lmaz Cumartesi \u00a0 \u00a0 \u00a013.00-14.00 Sohbet<\/strong><\/p>\n<p>&nbsp;<\/p>\n<p>&nbsp;<\/p>\n","protected":false},"excerpt":{"rendered":"<p>&nbsp; 2015-2016 d\u00f6nemi gen\u00e7 pusula i\u015fleyecekleri ana konu g\u00fcn ve saatler\u00a0a\u015fa\u011f\u0131da\u00a0verilmi\u015ftir. Derslerin ayr\u0131nt\u0131s\u0131 i\u00e7in konu \u00fczerine t\u0131klay\u0131n\u0131z! Program lise ve<\/p>\n","protected":false},"author":1,"featured_media":0,"parent":12215,"menu_order":0,"comment_status":"open","ping_status":"open","template":"template-twocolumnsright.php","meta":{"colormag_page_container_layout":"default_layout","colormag_page_sidebar_layout":"default_layout","footnotes":""},"class_list":["post-12217","page","type-page","status-publish","hentry"],"_links":{"self":[{"href":"https:\/\/pusuladernegi.org\/index.php?rest_route=\/wp\/v2\/pages\/12217"}],"collection":[{"href":"https:\/\/pusuladernegi.org\/index.php?rest_route=\/wp\/v2\/pages"}],"about":[{"href":"https:\/\/pusuladernegi.org\/index.php?rest_route=\/wp\/v2\/types\/page"}],"author":[{"embeddable":true,"href":"https:\/\/pusuladernegi.org\/index.php?rest_route=\/wp\/v2\/users\/1"}],"replies":[{"embeddable":true,"href":"https:\/\/pusuladernegi.org\/index.php?rest_route=%2Fwp%2Fv2%2Fcomments&post=12217"}],"version-history":[{"count":9,"href":"https:\/\/pusuladernegi.org\/index.php?rest_route=\/wp\/v2\/pages\/12217\/revisions"}],"predecessor-version":[{"id":12219,"href":"https:\/\/pusuladernegi.org\/index.php?rest_route=\/wp\/v2\/pages\/12217\/revisions\/12219"}],"up":[{"embeddable":true,"href":"https:\/\/pusuladernegi.org\/index.php?rest_route=\/wp\/v2\/pages\/12215"}],"wp:attachment":[{"href":"https:\/\/pusuladernegi.org\/index.php?rest_route=%2Fwp%2Fv2%2Fmedia&parent=12217"}],"curies":[{"name":"wp","href":"https:\/\/api.w.org\/{rel}","templated":true}]}}