{"id":12841,"date":"2016-01-25T12:03:53","date_gmt":"2016-01-25T12:03:53","guid":{"rendered":"http:\/\/pusuladernegi.org\/?page_id=12841"},"modified":"2016-02-06T10:35:10","modified_gmt":"2016-02-06T10:35:10","slug":"12841-2","status":"publish","type":"page","link":"https:\/\/pusuladernegi.org\/?page_id=12841","title":{"rendered":"Yar\u0131y\u0131l Etkinlik Foto\u011fraflar\u0131-2016"},"content":{"rendered":"<p>A\u015fa\u011f\u0131da Pusula \u00c7ocuk Kul\u00fcb\u00fc (cevatpa\u015fa ve vatan) Yar\u0131y\u0131l etkinliklerine ait foto\u011fraflar\u0131n\u0131 bulabilirsiniz 25-29 \u00a0Ocak\/ 4-5 \u015eubat 2016<\/p>\n<table border=\"0\" cellspacing=\"0\" cellpadding=\"0\">\n<tbody>\n<tr>\n<td valign=\"top\" width=\"186\"><span style=\"font-family: Calibri; font-size: medium;\"><a href=\"https:\/\/pusuladernegi.org\/wp-content\/uploads\/2016-yar\u0131y\u0131l-etkinlikleri-31.jpg\"><img loading=\"lazy\" decoding=\"async\" class=\"alignleft size-thumbnail wp-image-12926\" title=\"2016 yar\u0131y\u0131l etkinlikleri (3)\" src=\"https:\/\/pusuladernegi.org\/wp-content\/uploads\/2016-yar\u0131y\u0131l-etkinlikleri-31-150x150.jpg\" alt=\"\" width=\"150\" height=\"150\" \/><\/a><a href=\"https:\/\/pusuladernegi.org\/wp-content\/uploads\/2016-yar\u0131y\u0131l-etkinlikleri-8.jpg\"><br \/>\n<\/a><\/span><\/td>\n<td valign=\"top\" width=\"186\"><span style=\"font-family: Calibri; font-size: medium;\"><a href=\"https:\/\/pusuladernegi.org\/wp-content\/uploads\/2016-yar\u0131y\u0131l-etkinlikleri-12.jpg\"><img loading=\"lazy\" decoding=\"async\" class=\"alignleft size-thumbnail wp-image-12913\" title=\"2016 yar\u0131y\u0131l etkinlikleri (12)\" src=\"https:\/\/pusuladernegi.org\/wp-content\/uploads\/2016-yar\u0131y\u0131l-etkinlikleri-12-150x150.jpg\" alt=\"\" width=\"150\" height=\"150\" \/><\/a><a href=\"https:\/\/pusuladernegi.org\/wp-content\/uploads\/2016-yar\u0131y\u0131l-etkinlikleri-20.jpg\"><br \/>\n<\/a><\/span><\/td>\n<td valign=\"top\" width=\"186\"><span style=\"font-family: Calibri; font-size: medium;\"><a href=\"https:\/\/pusuladernegi.org\/wp-content\/uploads\/2016-yar\u0131y\u0131l-etkinlikleri-6.jpg\"><img loading=\"lazy\" decoding=\"async\" class=\"alignleft  wp-image-12930\" title=\"2016 yar\u0131y\u0131l etkinlikleri (6)\" src=\"https:\/\/pusuladernegi.org\/wp-content\/uploads\/2016-yar\u0131y\u0131l-etkinlikleri-6-150x150.jpg\" alt=\"\" width=\"150\" height=\"150\" \/><\/a><a href=\"https:\/\/pusuladernegi.org\/wp-content\/uploads\/2016-yar\u0131y\u0131l-etkinlikleri-19.jpg\"><br \/>\n<\/a><\/span><\/td>\n<\/tr>\n<tr>\n<td valign=\"top\" width=\"186\"><span style=\"font-family: Calibri; font-size: medium;\"><span style=\"font-family: Calibri; font-size: medium;\"><\/span><\/span><span style=\"font-family: Calibri; font-size: medium;\"><a href=\"https:\/\/pusuladernegi.org\/wp-content\/uploads\/2016-yar\u0131y\u0131l-etkinlikleri-10.jpg\"><img loading=\"lazy\" decoding=\"async\" class=\"alignleft  wp-image-12911\" title=\"2016 yar\u0131y\u0131l etkinlikleri (10)\" src=\"https:\/\/pusuladernegi.org\/wp-content\/uploads\/2016-yar\u0131y\u0131l-etkinlikleri-10-150x150.jpg\" alt=\"\" width=\"150\" height=\"150\" \/><\/a><a href=\"https:\/\/pusuladernegi.org\/wp-content\/uploads\/2016-yar\u0131y\u0131l-etkinlikleri-8.jpg\"><br \/>\n<\/a><\/span><\/td>\n<td valign=\"top\" width=\"186\">&nbsp;<\/p>\n<p><span style=\"font-family: Calibri; font-size: medium;\"><span style=\"font-family: Calibri; font-size: medium;\"><\/span><\/span><span style=\"font-family: Calibri; font-size: medium;\"><a href=\"https:\/\/pusuladernegi.org\/wp-content\/uploads\/2016-yar\u0131y\u0131l-etkinlikleri-16.jpg\"><img loading=\"lazy\" decoding=\"async\" class=\"alignleft size-thumbnail wp-image-12917\" title=\"2016 yar\u0131y\u0131l etkinlikleri (16)\" src=\"https:\/\/pusuladernegi.org\/wp-content\/uploads\/2016-yar\u0131y\u0131l-etkinlikleri-16-150x150.jpg\" alt=\"\" width=\"150\" height=\"150\" \/><\/a><a href=\"https:\/\/pusuladernegi.org\/wp-content\/uploads\/2016-yar\u0131y\u0131l-etkinlikleri-20.jpg\"><br \/>\n<\/a><\/span><\/p>\n<p><span style=\"font-family: Calibri; font-size: medium;\"><span style=\"font-family: Calibri; font-size: medium;\"><\/span><\/span><span style=\"font-family: Calibri; font-size: medium;\"><a href=\"https:\/\/pusuladernegi.org\/wp-content\/uploads\/2016-yar\u0131y\u0131l-etkinlikleri-20.jpg\"><br \/>\n<\/a><\/span><\/td>\n<td valign=\"top\" width=\"186\"><span style=\"font-family: Calibri; font-size: medium;\"><span style=\"font-family: Calibri; font-size: medium;\"><span style=\"font-family: Calibri; font-size: medium;\"><\/span><\/span><\/span><span style=\"font-family: Calibri; font-size: medium;\"><a href=\"https:\/\/pusuladernegi.org\/wp-content\/uploads\/2016-yar\u0131y\u0131l-etkinlikleri-1.jpg\"><img loading=\"lazy\" decoding=\"async\" class=\"alignleft size-thumbnail wp-image-12927\" title=\"2016 yar\u0131y\u0131l etkinlikleri (1)\" src=\"https:\/\/pusuladernegi.org\/wp-content\/uploads\/2016-yar\u0131y\u0131l-etkinlikleri-1-150x150.jpg\" alt=\"\" width=\"150\" height=\"150\" \/><\/a><a href=\"https:\/\/pusuladernegi.org\/wp-content\/uploads\/2016-yar\u0131y\u0131l-etkinlikleri-19.jpg\"><br \/>\n<\/a><\/span><\/p>\n<p><span style=\"font-family: Calibri; font-size: medium;\"><span style=\"font-family: Calibri; font-size: medium;\"><span style=\"font-family: Calibri; font-size: medium;\"><\/span><\/span><\/span><a href=\"https:\/\/pusuladernegi.org\/wp-content\/uploads\/2016-yar\u0131y\u0131l-etkinlikleri-19.jpg\"><br \/>\n<\/a><\/p>\n<p><span style=\"font-family: Calibri; font-size: medium;\"><span style=\"font-family: Calibri; font-size: medium;\"><span style=\"font-family: Calibri; font-size: medium;\"><\/span><\/span><\/span>&nbsp;<\/td>\n<\/tr>\n<tr>\n<td valign=\"top\" width=\"186\"><span style=\"font-family: Calibri; font-size: medium;\"><span style=\"font-family: Calibri; font-size: medium;\"><\/span><\/span><span style=\"font-family: Calibri; font-size: medium;\"><span style=\"font-family: Calibri; font-size: medium;\"><a href=\"https:\/\/pusuladernegi.org\/wp-content\/uploads\/2016-yar\u0131y\u0131l-etkinlikleri-141.jpg\"><img loading=\"lazy\" decoding=\"async\" class=\"alignleft  wp-image-12931\" title=\"2016 yar\u0131y\u0131l etkinlikleri (14)\" src=\"https:\/\/pusuladernegi.org\/wp-content\/uploads\/2016-yar\u0131y\u0131l-etkinlikleri-141-150x150.jpg\" alt=\"\" width=\"150\" height=\"150\" \/><\/a><\/span><a href=\"https:\/\/pusuladernegi.org\/wp-content\/uploads\/2016-yar\u0131y\u0131l-etkinlikleri-17.jpg\"><br \/>\n<\/a><\/span><\/td>\n<td valign=\"top\" width=\"186\"><span style=\"font-family: Calibri; font-size: medium;\"><span style=\"font-family: Calibri; font-size: medium;\"><span style=\"font-family: Calibri; font-size: medium;\"><a href=\"https:\/\/pusuladernegi.org\/wp-content\/uploads\/2016-yar\u0131y\u0131l-etkinlikleri-4.jpg\"><img loading=\"lazy\" decoding=\"async\" class=\"alignleft  wp-image-12929\" title=\"2016 yar\u0131y\u0131l etkinlikleri (4)\" src=\"https:\/\/pusuladernegi.org\/wp-content\/uploads\/2016-yar\u0131y\u0131l-etkinlikleri-4-150x150.jpg\" alt=\"\" width=\"150\" height=\"150\" \/><\/a><\/span><a href=\"https:\/\/pusuladernegi.org\/wp-content\/uploads\/2016-yar\u0131y\u0131l-etkinlikleri-20.jpg\"><br \/>\n<\/a><\/span><\/span><\/td>\n<td valign=\"top\" width=\"186\"><span style=\"font-family: Calibri; font-size: medium;\"><span style=\"font-family: Calibri; font-size: medium;\"><span style=\"font-family: Calibri; font-size: medium;\"><span style=\"font-family: Calibri; font-size: medium;\"><span style=\"font-family: Calibri; font-size: medium;\"><span style=\"font-family: Calibri; font-size: medium;\"><span style=\"font-family: Calibri; font-size: medium;\"><span style=\"font-family: Calibri; font-size: medium;\"><a href=\"https:\/\/pusuladernegi.org\/wp-content\/uploads\/2016-yar\u0131y\u0131l-etkinlikleri-13.jpg\"><img loading=\"lazy\" decoding=\"async\" class=\"alignleft  wp-image-12914\" title=\"2016 yar\u0131y\u0131l etkinlikleri (13)\" src=\"https:\/\/pusuladernegi.org\/wp-content\/uploads\/2016-yar\u0131y\u0131l-etkinlikleri-13-150x150.jpg\" alt=\"\" width=\"150\" height=\"150\" \/><\/a><\/span><\/span><\/span><\/span><\/span><a href=\"https:\/\/pusuladernegi.org\/wp-content\/uploads\/2016-yar\u0131y\u0131l-etkinlikleri-20.jpg\"><br \/>\n<\/a><\/span><\/span><\/span><\/td>\n<\/tr>\n<tr>\n<td valign=\"top\" width=\"186\"><span style=\"font-family: Calibri; font-size: medium;\"><span style=\"font-family: Calibri; font-size: medium;\"><span style=\"font-family: Calibri; font-size: medium;\"><span style=\"font-family: Calibri; font-size: medium;\"><a href=\"https:\/\/pusuladernegi.org\/wp-content\/uploads\/2016-yar\u0131y\u0131l-etkinlikleri-2.jpg\"><img loading=\"lazy\" decoding=\"async\" class=\"alignleft  wp-image-12928\" title=\"2016 yar\u0131y\u0131l etkinlikleri (2)\" src=\"https:\/\/pusuladernegi.org\/wp-content\/uploads\/2016-yar\u0131y\u0131l-etkinlikleri-2-150x150.jpg\" alt=\"\" width=\"150\" height=\"150\" \/><\/a><\/span><\/span><a href=\"https:\/\/pusuladernegi.org\/wp-content\/uploads\/2016-yar\u0131y\u0131l-etkinlikleri-17.jpg\"><br \/>\n<\/a><\/span><\/span><\/td>\n<td valign=\"top\" width=\"186\"><span style=\"font-family: Calibri; font-size: medium;\"><span style=\"font-family: Calibri; font-size: medium;\"><span style=\"font-family: Calibri; font-size: medium;\"><span style=\"font-family: Calibri; font-size: medium;\"><span style=\"font-family: Calibri; font-size: medium;\"><span style=\"font-family: Calibri; font-size: medium;\"><span style=\"font-family: Calibri; font-size: medium;\"><span style=\"font-family: Calibri; font-size: medium;\"><span style=\"font-family: Calibri; font-size: medium;\"><span style=\"font-family: Calibri; font-size: medium;\"><span style=\"font-family: Calibri; font-size: medium;\"><a href=\"https:\/\/pusuladernegi.org\/wp-content\/uploads\/2016-yar\u0131y\u0131l-etkinlikleri-8.jpg\"><img loading=\"lazy\" decoding=\"async\" class=\"alignleft  wp-image-12909\" title=\"2016 yar\u0131y\u0131l etkinlikleri (8)\" src=\"https:\/\/pusuladernegi.org\/wp-content\/uploads\/2016-yar\u0131y\u0131l-etkinlikleri-8-150x150.jpg\" alt=\"\" width=\"150\" height=\"150\" \/><\/a><\/span><\/span><\/span><\/span><\/span><\/span><\/span><\/span><a href=\"https:\/\/pusuladernegi.org\/wp-content\/uploads\/2016-yar\u0131y\u0131l-etkinlikleri-18.jpg\"><br \/>\n<\/a><\/span><\/span><\/span><\/td>\n<td valign=\"top\" width=\"186\"><span style=\"font-family: Calibri; font-size: medium;\"><span style=\"font-family: Calibri; font-size: medium;\"><\/span><\/span><span style=\"font-family: Calibri; font-size: medium;\"><span style=\"font-family: Calibri; font-size: medium;\"><a href=\"https:\/\/pusuladernegi.org\/wp-content\/uploads\/2016-yar\u0131y\u0131l-etkinlikleri-19.jpg\"><br \/>\n<\/a><\/span><\/span><\/td>\n<\/tr>\n<tr>\n<td valign=\"top\" width=\"186\"><span style=\"font-family: Calibri; font-size: medium;\"><span style=\"font-family: Calibri; font-size: medium;\"><span style=\"font-family: Calibri; font-size: medium;\"><a href=\"https:\/\/pusuladernegi.org\/wp-content\/uploads\/2016-yar\u0131y\u0131l-etkinlikleri-17.jpg\"><img loading=\"lazy\" decoding=\"async\" class=\"alignleft  wp-image-12918\" title=\"2016 yar\u0131y\u0131l etkinlikleri (17)\" src=\"https:\/\/pusuladernegi.org\/wp-content\/uploads\/2016-yar\u0131y\u0131l-etkinlikleri-17-150x150.jpg\" alt=\"\" width=\"150\" height=\"150\" \/><\/a><\/span><\/span><br \/>\n<\/span><\/td>\n<td valign=\"top\" width=\"186\"><span style=\"font-family: Calibri; font-size: medium;\">\u00a0<span style=\"font-family: Calibri; font-size: medium;\"><span style=\"font-family: Calibri; font-size: medium;\"><span style=\"font-family: Calibri; font-size: medium;\"><a href=\"https:\/\/pusuladernegi.org\/wp-content\/uploads\/2016-yar\u0131y\u0131l-etkinlikleri-18.jpg\"><img loading=\"lazy\" decoding=\"async\" class=\"alignleft  wp-image-12919\" title=\"2016 yar\u0131y\u0131l etkinlikleri (18)\" src=\"https:\/\/pusuladernegi.org\/wp-content\/uploads\/2016-yar\u0131y\u0131l-etkinlikleri-18-150x150.jpg\" alt=\"\" width=\"150\" height=\"150\" \/><\/a><\/span><\/span><\/span><\/span><\/td>\n<td valign=\"top\" width=\"186\"><span style=\"font-family: Calibri; font-size: medium;\">\u00a0<span style=\"font-family: Calibri; font-size: medium;\"><span style=\"font-family: Calibri; font-size: medium;\"><a href=\"https:\/\/pusuladernegi.org\/wp-content\/uploads\/2016-yar\u0131y\u0131l-etkinlikleri-19.jpg\"><img loading=\"lazy\" decoding=\"async\" class=\"alignleft  wp-image-12920\" title=\"2016 yar\u0131y\u0131l etkinlikleri (19)\" src=\"https:\/\/pusuladernegi.org\/wp-content\/uploads\/2016-yar\u0131y\u0131l-etkinlikleri-19-150x150.jpg\" alt=\"\" width=\"150\" height=\"150\" \/><\/a><\/span><\/span><\/span><\/td>\n<\/tr>\n<tr>\n<td valign=\"top\" width=\"186\"><span style=\"font-family: Calibri; font-size: medium;\">\u00a0<\/span><\/td>\n<td valign=\"top\" width=\"186\"><span style=\"font-family: Calibri; font-size: medium;\">\u00a0<\/span><\/td>\n<td valign=\"top\" width=\"186\"><span style=\"font-family: Calibri; font-size: medium;\">\u00a0<\/span><\/td>\n<\/tr>\n<tr>\n<td valign=\"top\" width=\"186\"><span style=\"font-family: Calibri; font-size: medium;\">\u00a0<\/span><\/td>\n<td valign=\"top\" width=\"186\"><span style=\"font-family: Calibri; font-size: medium;\">\u00a0<\/span><\/td>\n<td valign=\"top\" width=\"186\"><span style=\"font-family: Calibri; font-size: medium;\">\u00a0<\/span><\/td>\n<\/tr>\n<tr>\n<td valign=\"top\" width=\"186\"><span style=\"font-family: Calibri; font-size: medium;\">\u00a0<\/span><\/td>\n<td valign=\"top\" width=\"186\"><span style=\"font-family: Calibri; font-size: medium;\">\u00a0<\/span><\/td>\n<td valign=\"top\" width=\"186\"><span style=\"font-family: Calibri; font-size: medium;\">\u00a0<\/span><\/td>\n<\/tr>\n<\/tbody>\n<\/table>\n","protected":false},"excerpt":{"rendered":"<p>A\u015fa\u011f\u0131da Pusula \u00c7ocuk Kul\u00fcb\u00fc (cevatpa\u015fa ve vatan) Yar\u0131y\u0131l etkinliklerine ait foto\u011fraflar\u0131n\u0131 bulabilirsiniz 25-29 \u00a0Ocak\/ 4-5 \u015eubat 2016 &nbsp; &nbsp; \u00a0<\/p>\n","protected":false},"author":1,"featured_media":0,"parent":12171,"menu_order":0,"comment_status":"open","ping_status":"open","template":"template-twocolumnsright.php","meta":{"colormag_page_container_layout":"default_layout","colormag_page_sidebar_layout":"default_layout","footnotes":""},"class_list":["post-12841","page","type-page","status-publish","hentry"],"_links":{"self":[{"href":"https:\/\/pusuladernegi.org\/index.php?rest_route=\/wp\/v2\/pages\/12841"}],"collection":[{"href":"https:\/\/pusuladernegi.org\/index.php?rest_route=\/wp\/v2\/pages"}],"about":[{"href":"https:\/\/pusuladernegi.org\/index.php?rest_route=\/wp\/v2\/types\/page"}],"author":[{"embeddable":true,"href":"https:\/\/pusuladernegi.org\/index.php?rest_route=\/wp\/v2\/users\/1"}],"replies":[{"embeddable":true,"href":"https:\/\/pusuladernegi.org\/index.php?rest_route=%2Fwp%2Fv2%2Fcomments&post=12841"}],"version-history":[{"count":6,"href":"https:\/\/pusuladernegi.org\/index.php?rest_route=\/wp\/v2\/pages\/12841\/revisions"}],"predecessor-version":[{"id":12843,"href":"https:\/\/pusuladernegi.org\/index.php?rest_route=\/wp\/v2\/pages\/12841\/revisions\/12843"}],"up":[{"embeddable":true,"href":"https:\/\/pusuladernegi.org\/index.php?rest_route=\/wp\/v2\/pages\/12171"}],"wp:attachment":[{"href":"https:\/\/pusuladernegi.org\/index.php?rest_route=%2Fwp%2Fv2%2Fmedia&parent=12841"}],"curies":[{"name":"wp","href":"https:\/\/api.w.org\/{rel}","templated":true}]}}