{"id":13294,"date":"2016-05-18T16:29:13","date_gmt":"2016-05-18T16:29:13","guid":{"rendered":"http:\/\/pusuladernegi.org\/?page_id=13294"},"modified":"2016-05-23T10:01:41","modified_gmt":"2016-05-23T10:01:41","slug":"mavi-marmaranin-genc-sahidi-furkan-dogan-sergisi-fotograflar","status":"publish","type":"page","link":"https:\/\/pusuladernegi.org\/?page_id=13294","title":{"rendered":"Mavi Marmara&#8217;n\u0131n Gen\u00e7 \u015eahidi Furkan Do\u011fan Sergisi Foto\u011fraflar"},"content":{"rendered":"<p>A\u015fa\u011f\u0131da 19-22 May\u0131s tarihleri aras\u0131nda yap\u0131lan &#8220;Mavi Marmara&#8217;n\u0131n Gen\u00e7 \u015eahidi Furkan Do\u011fan Sergisi&#8221; ne ait foto\u011fraflar\u0131 bulabilirsiniz.<\/p>\n<p>&nbsp;<\/p>\n<table border=\"0\" cellspacing=\"0\" cellpadding=\"0\">\n<tbody>\n<tr>\n<td valign=\"top\" width=\"172\">&nbsp;<\/td>\n<td valign=\"top\" width=\"173\"><a href=\"https:\/\/pusuladernegi.org\/wp-content\/uploads\/2016-may\u0131s-19-22-mavi-marmaran\u0131n-gen\u00e7-\u015fahidi-furkan-dogan-4.jpg\"><img loading=\"lazy\" decoding=\"async\" class=\"alignleft size-thumbnail wp-image-13319\" title=\"2016 may\u0131s 19-22 mavi marmaran\u0131n gen\u00e7 \u015fahidi furkan dogan (4)\" src=\"https:\/\/pusuladernegi.org\/wp-content\/uploads\/2016-may\u0131s-19-22-mavi-marmaran\u0131n-gen\u00e7-\u015fahidi-furkan-dogan-4-150x150.jpg\" alt=\"\" width=\"150\" height=\"150\" \/><\/a><\/td>\n<td valign=\"top\" width=\"173\">&nbsp;<\/td>\n<\/tr>\n<tr>\n<td valign=\"top\" width=\"172\"><a href=\"https:\/\/pusuladernegi.org\/wp-content\/uploads\/2016-may\u0131s-19-22-mavi-marmaran\u0131n-gen\u00e7-\u015fahidi-furkan-dogan-6.jpg\"><img loading=\"lazy\" decoding=\"async\" class=\"alignleft size-thumbnail wp-image-13321\" title=\"2016 may\u0131s 19-22 mavi marmaran\u0131n gen\u00e7 \u015fahidi furkan dogan (6)\" src=\"https:\/\/pusuladernegi.org\/wp-content\/uploads\/2016-may\u0131s-19-22-mavi-marmaran\u0131n-gen\u00e7-\u015fahidi-furkan-dogan-6-150x150.jpg\" alt=\"\" width=\"150\" height=\"150\" \/><\/a><\/td>\n<td valign=\"top\" width=\"173\"><a href=\"https:\/\/pusuladernegi.org\/wp-content\/uploads\/2016-may\u0131s-19-22-mavi-marmaran\u0131n-gen\u00e7-\u015fahidi-furkan-dogan-5.jpg\"><img loading=\"lazy\" decoding=\"async\" class=\"alignleft size-thumbnail wp-image-13320\" title=\"2016 may\u0131s 19-22 mavi marmaran\u0131n gen\u00e7 \u015fahidi furkan dogan (5)\" src=\"https:\/\/pusuladernegi.org\/wp-content\/uploads\/2016-may\u0131s-19-22-mavi-marmaran\u0131n-gen\u00e7-\u015fahidi-furkan-dogan-5-150x150.jpg\" alt=\"\" width=\"150\" height=\"150\" \/><\/a><\/td>\n<td valign=\"top\" width=\"173\"><a href=\"https:\/\/pusuladernegi.org\/wp-content\/uploads\/2016-may\u0131s-19-22-mavi-marmaran\u0131n-gen\u00e7-\u015fahidi-furkan-dogan.jpg\"><img loading=\"lazy\" decoding=\"async\" class=\"alignleft size-thumbnail wp-image-13315\" title=\"2016 may\u0131s 19-22 mavi marmaran\u0131n gen\u00e7 \u015fahidi furkan dogan\" src=\"https:\/\/pusuladernegi.org\/wp-content\/uploads\/2016-may\u0131s-19-22-mavi-marmaran\u0131n-gen\u00e7-\u015fahidi-furkan-dogan-150x150.jpg\" alt=\"\" width=\"150\" height=\"150\" \/><\/a><\/td>\n<\/tr>\n<tr>\n<td valign=\"top\" width=\"172\"><a href=\"https:\/\/pusuladernegi.org\/wp-content\/uploads\/2016-may\u0131s-19-22-mavi-marmaran\u0131n-gen\u00e7-\u015fahidi-furkan-dogan-8.jpg\"><img loading=\"lazy\" decoding=\"async\" class=\"alignleft size-thumbnail wp-image-13323\" title=\"2016 may\u0131s 19-22 mavi marmaran\u0131n gen\u00e7 \u015fahidi furkan dogan (8)\" src=\"https:\/\/pusuladernegi.org\/wp-content\/uploads\/2016-may\u0131s-19-22-mavi-marmaran\u0131n-gen\u00e7-\u015fahidi-furkan-dogan-8-150x150.jpg\" alt=\"\" width=\"150\" height=\"150\" \/><\/a><\/td>\n<td valign=\"top\" width=\"173\"><a href=\"https:\/\/pusuladernegi.org\/wp-content\/uploads\/2016-may\u0131s-19-22-mavi-marmaran\u0131n-gen\u00e7-\u015fahidi-furkan-dogan-7.jpg\"><img loading=\"lazy\" decoding=\"async\" class=\"alignleft size-thumbnail wp-image-13322\" title=\"2016 may\u0131s 19-22 mavi marmaran\u0131n gen\u00e7 \u015fahidi furkan dogan (7)\" src=\"https:\/\/pusuladernegi.org\/wp-content\/uploads\/2016-may\u0131s-19-22-mavi-marmaran\u0131n-gen\u00e7-\u015fahidi-furkan-dogan-7-150x150.jpg\" alt=\"\" width=\"150\" height=\"150\" \/><\/a><\/td>\n<td valign=\"top\" width=\"173\"><a href=\"https:\/\/pusuladernegi.org\/wp-content\/uploads\/2016-may\u0131s-19-22-mavi-marmaran\u0131n-gen\u00e7-\u015fahidi-furkan-dogan-3.jpg\"><img loading=\"lazy\" decoding=\"async\" class=\"alignleft size-thumbnail wp-image-13318\" title=\"2016 may\u0131s 19-22 mavi marmaran\u0131n gen\u00e7 \u015fahidi furkan dogan (3)\" src=\"https:\/\/pusuladernegi.org\/wp-content\/uploads\/2016-may\u0131s-19-22-mavi-marmaran\u0131n-gen\u00e7-\u015fahidi-furkan-dogan-3-150x150.jpg\" alt=\"\" width=\"150\" height=\"150\" \/><\/a><\/td>\n<\/tr>\n<tr>\n<td valign=\"top\" width=\"172\"><a href=\"https:\/\/pusuladernegi.org\/wp-content\/uploads\/2016-may\u0131s-19-22-mavi-marmaran\u0131n-gen\u00e7-\u015fahidi-furkan-dogan-9.jpg\"><img loading=\"lazy\" decoding=\"async\" class=\"alignleft size-thumbnail wp-image-13314\" title=\"2016 may\u0131s 19-22 mavi marmaran\u0131n gen\u00e7 \u015fahidi furkan dogan (9)\" src=\"https:\/\/pusuladernegi.org\/wp-content\/uploads\/2016-may\u0131s-19-22-mavi-marmaran\u0131n-gen\u00e7-\u015fahidi-furkan-dogan-9-150x150.jpg\" alt=\"\" width=\"150\" height=\"150\" \/><\/a><\/td>\n<td valign=\"top\" width=\"173\"><a href=\"https:\/\/pusuladernegi.org\/wp-content\/uploads\/2016-may\u0131s-19-22-mavi-marmaran\u0131n-gen\u00e7-\u015fahidi-furkan-dogan-10.jpg\"><img loading=\"lazy\" decoding=\"async\" class=\"alignleft size-thumbnail wp-image-13325\" title=\"2016 may\u0131s 19-22 mavi marmaran\u0131n gen\u00e7 \u015fahidi furkan dogan (10)\" src=\"https:\/\/pusuladernegi.org\/wp-content\/uploads\/2016-may\u0131s-19-22-mavi-marmaran\u0131n-gen\u00e7-\u015fahidi-furkan-dogan-10-150x150.jpg\" alt=\"\" width=\"150\" height=\"150\" \/><\/a><\/td>\n<td valign=\"top\" width=\"173\"><a href=\"https:\/\/pusuladernegi.org\/wp-content\/uploads\/web-2016-may\u0131s-19-22-mavi-marmaran\u0131n-gen\u00e7-\u015fahidi-furkan-dogan-16.jpg\"><img loading=\"lazy\" decoding=\"async\" class=\"alignleft size-thumbnail wp-image-13329\" title=\"web-2016-may\u0131s-19-22-mavi-marmaran\u0131n-gen\u00e7-\u015fahidi-furkan-dogan-(16)\" src=\"https:\/\/pusuladernegi.org\/wp-content\/uploads\/web-2016-may\u0131s-19-22-mavi-marmaran\u0131n-gen\u00e7-\u015fahidi-furkan-dogan-16-150x150.jpg\" alt=\"\" width=\"150\" height=\"150\" \/><\/a><\/td>\n<\/tr>\n<tr>\n<td valign=\"top\" width=\"172\"><a href=\"https:\/\/pusuladernegi.org\/wp-content\/uploads\/web-2016-may\u0131s-19-22-mavi-marmaran\u0131n-gen\u00e7-\u015fahidi-furkan-dogan-12.jpg\"><img loading=\"lazy\" decoding=\"async\" class=\"alignleft size-thumbnail wp-image-13331\" title=\"web-2016-may\u0131s-19-22-mavi-marmaran\u0131n-gen\u00e7-\u015fahidi-furkan-dogan-(12)\" src=\"https:\/\/pusuladernegi.org\/wp-content\/uploads\/web-2016-may\u0131s-19-22-mavi-marmaran\u0131n-gen\u00e7-\u015fahidi-furkan-dogan-12-150x150.jpg\" alt=\"\" width=\"150\" height=\"150\" \/><\/a><\/td>\n<td valign=\"top\" width=\"173\"><a href=\"https:\/\/pusuladernegi.org\/wp-content\/uploads\/web-2016-may\u0131s-19-22-mavi-marmaran\u0131n-gen\u00e7-\u015fahidi-furkan-dogan-11.jpg\"><img loading=\"lazy\" decoding=\"async\" class=\"alignleft size-thumbnail wp-image-13330\" title=\"web-2016-may\u0131s-19-22-mavi-marmaran\u0131n-gen\u00e7-\u015fahidi-furkan-dogan-(11)\" src=\"https:\/\/pusuladernegi.org\/wp-content\/uploads\/web-2016-may\u0131s-19-22-mavi-marmaran\u0131n-gen\u00e7-\u015fahidi-furkan-dogan-11-150x150.jpg\" alt=\"\" width=\"150\" height=\"150\" \/><\/a><\/td>\n<td valign=\"top\" width=\"173\"><a href=\"https:\/\/pusuladernegi.org\/wp-content\/uploads\/web-2016-may\u0131s-19-22-mavi-marmaran\u0131n-gen\u00e7-\u015fahidi-furkan-dogan-15.jpg\"><img loading=\"lazy\" decoding=\"async\" class=\"alignleft size-thumbnail wp-image-13332\" title=\"web-2016-may\u0131s-19-22-mavi-marmaran\u0131n-gen\u00e7-\u015fahidi-furkan-dogan-(15)\" src=\"https:\/\/pusuladernegi.org\/wp-content\/uploads\/web-2016-may\u0131s-19-22-mavi-marmaran\u0131n-gen\u00e7-\u015fahidi-furkan-dogan-15-150x150.jpg\" alt=\"\" width=\"150\" height=\"150\" \/><\/a><\/td>\n<\/tr>\n<tr>\n<td valign=\"top\" width=\"172\">&nbsp;<\/td>\n<td valign=\"top\" width=\"173\">&nbsp;<\/td>\n<td valign=\"top\" width=\"173\">&nbsp;<\/td>\n<\/tr>\n<tr>\n<td valign=\"top\" width=\"172\">&nbsp;<\/td>\n<td valign=\"top\" width=\"173\">&nbsp;<\/td>\n<td valign=\"top\" width=\"173\">&nbsp;<\/td>\n<\/tr>\n<tr>\n<td valign=\"top\" width=\"172\">&nbsp;<\/td>\n<td valign=\"top\" width=\"173\">&nbsp;<\/td>\n<td valign=\"top\" width=\"173\">&nbsp;<\/td>\n<\/tr>\n<tr>\n<td valign=\"top\" width=\"172\">&nbsp;<\/td>\n<td valign=\"top\" width=\"173\">&nbsp;<\/td>\n<td valign=\"top\" width=\"173\">&nbsp;<\/td>\n<\/tr>\n<tr>\n<td valign=\"top\" width=\"172\">&nbsp;<\/td>\n<td valign=\"top\" width=\"173\">&nbsp;<\/td>\n<td valign=\"top\" width=\"173\">&nbsp;<\/td>\n<\/tr>\n<\/tbody>\n<\/table>\n","protected":false},"excerpt":{"rendered":"<p>A\u015fa\u011f\u0131da 19-22 May\u0131s tarihleri aras\u0131nda yap\u0131lan &#8220;Mavi Marmara&#8217;n\u0131n Gen\u00e7 \u015eahidi Furkan Do\u011fan Sergisi&#8221; ne ait foto\u011fraflar\u0131 bulabilirsiniz. &nbsp; &nbsp; &nbsp;<\/p>\n","protected":false},"author":1,"featured_media":0,"parent":12157,"menu_order":0,"comment_status":"open","ping_status":"open","template":"template-twocolumnsright.php","meta":{"colormag_page_container_layout":"default_layout","colormag_page_sidebar_layout":"default_layout","footnotes":""},"class_list":["post-13294","page","type-page","status-publish","hentry"],"_links":{"self":[{"href":"https:\/\/pusuladernegi.org\/index.php?rest_route=\/wp\/v2\/pages\/13294"}],"collection":[{"href":"https:\/\/pusuladernegi.org\/index.php?rest_route=\/wp\/v2\/pages"}],"about":[{"href":"https:\/\/pusuladernegi.org\/index.php?rest_route=\/wp\/v2\/types\/page"}],"author":[{"embeddable":true,"href":"https:\/\/pusuladernegi.org\/index.php?rest_route=\/wp\/v2\/users\/1"}],"replies":[{"embeddable":true,"href":"https:\/\/pusuladernegi.org\/index.php?rest_route=%2Fwp%2Fv2%2Fcomments&post=13294"}],"version-history":[{"count":3,"href":"https:\/\/pusuladernegi.org\/index.php?rest_route=\/wp\/v2\/pages\/13294\/revisions"}],"predecessor-version":[{"id":13324,"href":"https:\/\/pusuladernegi.org\/index.php?rest_route=\/wp\/v2\/pages\/13294\/revisions\/13324"}],"up":[{"embeddable":true,"href":"https:\/\/pusuladernegi.org\/index.php?rest_route=\/wp\/v2\/pages\/12157"}],"wp:attachment":[{"href":"https:\/\/pusuladernegi.org\/index.php?rest_route=%2Fwp%2Fv2%2Fmedia&parent=13294"}],"curies":[{"name":"wp","href":"https:\/\/api.w.org\/{rel}","templated":true}]}}