{"id":13474,"date":"2016-06-19T16:03:56","date_gmt":"2016-06-19T16:03:56","guid":{"rendered":"http:\/\/pusuladernegi.org\/?page_id=13474"},"modified":"2016-08-03T09:05:54","modified_gmt":"2016-08-03T09:05:54","slug":"2-ders-kulup-gezi-yarisma-ve-etkinlik-fotograflar-yaz-okulu-2016","status":"publish","type":"page","link":"https:\/\/pusuladernegi.org\/?page_id=13474","title":{"rendered":"2. Ders, Kul\u00fcp, Gezi, Yar\u0131\u015fma ve Etkinlik Foto\u011fraflar\u0131 (Yaz Okulu 2016)"},"content":{"rendered":"<p>A\u015fa\u011f\u0131da pusula Vatan ve pusula cevatpa\u015fa 2016 yaz okuluna ait ders, kul\u00fcp, gezi, yar\u0131\u015fma ve etkinliklere ait foto\u011fraflar\u0131 bulabilirsiniz.<\/p>\n<p>&nbsp;<\/p>\n<table border=\"0\" cellspacing=\"0\" cellpadding=\"0\">\n<tbody>\n<tr>\n<td colspan=\"3\" valign=\"top\" width=\"614\"><strong>Ders ve Kul\u00fcp \u00e7al\u0131\u015fmalar\u0131ndan Kareler<\/strong><\/td>\n<\/tr>\n<tr>\n<td valign=\"top\" width=\"205\">\n<figure id=\"attachment_13682\" aria-describedby=\"caption-attachment-13682\" style=\"width: 150px\" class=\"wp-caption alignleft\"><a title=\"Ders ve Kul\u00fcplerden Kareler (yaz okulu 2016)\" href=\"https:\/\/pusuladernegi.org\/?page_id=13589\"><img loading=\"lazy\" decoding=\"async\" class=\"size-thumbnail wp-image-13682\" title=\"Yaz-Okulu-Dersleri-14\" src=\"https:\/\/pusuladernegi.org\/wp-content\/uploads\/Yaz-Okulu-Dersleri-141-150x150.jpg\" alt=\"\" width=\"150\" height=\"150\" \/><\/a><figcaption id=\"caption-attachment-13682\" class=\"wp-caption-text\">Yaz-Okulu-Derslerinden kareler<\/figcaption><\/figure>\n<h3><span style=\"color: #000000; font-size: 11px; font-weight: normal; line-height: 18px;\">\u00a0<\/span><\/h3>\n<p>&nbsp;<\/td>\n<td valign=\"top\" width=\"205\">\n<p><figure id=\"attachment_13878\" aria-describedby=\"caption-attachment-13878\" style=\"width: 150px\" class=\"wp-caption alignleft\"><a title=\"mandaladan kareler\" href=\"https:\/\/pusuladernegi.org\/?page_id=13881\"><img loading=\"lazy\" decoding=\"async\" class=\"size-thumbnail wp-image-13878\" title=\"MANDALA  (8)\" src=\"https:\/\/pusuladernegi.org\/wp-content\/uploads\/MANDALA-8-150x150.jpg\" alt=\"\" width=\"150\" height=\"150\" \/><\/a><figcaption id=\"caption-attachment-13878\" class=\"wp-caption-text\">Mandala Dersinden Kareler<\/figcaption><\/figure><\/td>\n<td valign=\"top\" width=\"205\">\n<p><figure id=\"attachment_13835\" aria-describedby=\"caption-attachment-13835\" style=\"width: 150px\" class=\"wp-caption alignnone\"><a title=\"ilk yard\u0131m dersinden kareler\" href=\"https:\/\/pusuladernegi.org\/?page_id=13841\"><img loading=\"lazy\" decoding=\"async\" class=\"size-thumbnail wp-image-13835\" title=\"IMG-20160713-WA0064\" src=\"https:\/\/pusuladernegi.org\/wp-content\/uploads\/IMG-20160713-WA0064-150x150.jpg\" alt=\"\" width=\"150\" height=\"150\" \/><\/a><figcaption id=\"caption-attachment-13835\" class=\"wp-caption-text\"><a title=\"ilk yard\u0131m dersinden kareler\" href=\"https:\/\/pusuladernegi.org\/?page_id=13841\">ilk yard\u0131m<\/a><\/figcaption><\/figure><\/td>\n<\/tr>\n<tr>\n<td valign=\"top\" width=\"205\">\n<p><figure id=\"attachment_13568\" aria-describedby=\"caption-attachment-13568\" style=\"width: 150px\" class=\"wp-caption alignleft\"><a title=\"2016 Yaz Okulu Ebru Dersi\" href=\"https:\/\/pusuladernegi.org\/?page_id=13559\"><img loading=\"lazy\" decoding=\"async\" class=\"size-thumbnail wp-image-13568 \" title=\"2016 yaz okulu ebru dersi  (3)\" src=\"https:\/\/pusuladernegi.org\/wp-content\/uploads\/2016-yaz-okulu-ebru-dersi-31-150x150.jpg\" alt=\"\" width=\"150\" height=\"150\" \/><\/a><figcaption id=\"caption-attachment-13568\" class=\"wp-caption-text\">yaz okulu 2016 ebru dersi<\/figcaption><\/figure><\/td>\n<td valign=\"top\" width=\"205\">\n<p><figure id=\"attachment_13580\" aria-describedby=\"caption-attachment-13580\" style=\"width: 150px\" class=\"wp-caption alignleft\"><a title=\"K\u0131ssay\u0131 \u00c7iziyorum\" href=\"https:\/\/pusuladernegi.org\/?page_id=13571\"><img loading=\"lazy\" decoding=\"async\" class=\"size-thumbnail wp-image-13580\" title=\"fil k\u0131ssas\u0131 (5)\" src=\"https:\/\/pusuladernegi.org\/wp-content\/uploads\/fil-k\u0131ssas\u0131-51-150x150.jpg\" alt=\"\" width=\"150\" height=\"150\" \/><\/a><figcaption id=\"caption-attachment-13580\" class=\"wp-caption-text\"><a title=\"K\u0131ssay\u0131 \u00c7iziyorum\" href=\"https:\/\/pusuladernegi.org\/?page_id=13571\">k\u0131ssay\u0131 \u00e7iziyorum<\/a><\/figcaption><\/figure><\/td>\n<td valign=\"top\" width=\"205\">\n<figure id=\"attachment_13677\" aria-describedby=\"caption-attachment-13677\" style=\"width: 150px\" class=\"wp-caption alignleft\"><a title=\"El Becerileri ve Mutfak (yaz okulu 2016)\" href=\"https:\/\/pusuladernegi.org\/?page_id=13583\"><img loading=\"lazy\" decoding=\"async\" class=\"size-thumbnail wp-image-13677\" title=\"el becerileri ve mutfak\" src=\"https:\/\/pusuladernegi.org\/wp-content\/uploads\/el-becerileri-ve-mutfak-150x150.jpg\" alt=\"\" width=\"150\" height=\"150\" \/><\/a><figcaption id=\"caption-attachment-13677\" class=\"wp-caption-text\"><a title=\"El Becerileri ve Mutfak (yaz okulu 2016)\" href=\"https:\/\/pusuladernegi.org\/?page_id=13583\">el becerileri ve mutfak<\/a><\/figcaption><\/figure>\n<p>&nbsp;<\/p>\n<p>&nbsp;<\/td>\n<\/tr>\n<tr>\n<td valign=\"top\" width=\"205\"><\/td>\n<td valign=\"top\" width=\"205\"><\/td>\n<td valign=\"top\" width=\"205\"><\/td>\n<\/tr>\n<tr>\n<td valign=\"top\" width=\"205\"><\/td>\n<td valign=\"top\" width=\"205\"><\/td>\n<td valign=\"top\" width=\"205\"><\/td>\n<\/tr>\n<\/tbody>\n<\/table>\n<p>&nbsp;<\/p>\n<table border=\"0\" cellspacing=\"0\" cellpadding=\"0\">\n<tbody>\n<tr>\n<td colspan=\"3\" valign=\"top\" width=\"614\"><strong>Gezi Foto\u011fraflar\u0131 (vatan + cevatpa\u015fa)<\/strong><\/td>\n<\/tr>\n<tr>\n<td valign=\"top\" width=\"205\">\n<p><figure id=\"attachment_13557\" aria-describedby=\"caption-attachment-13557\" style=\"width: 150px\" class=\"wp-caption alignleft\"><a title=\"Yaz Okulu Kemerburgaz Pikni\u011fi\" href=\"https:\/\/pusuladernegi.org\/?page_id=13539\"><img loading=\"lazy\" decoding=\"async\" class=\"size-thumbnail wp-image-13557\" title=\"2016_06_21 kemerburgaz mesiere alan\u0131 (2)\" src=\"https:\/\/pusuladernegi.org\/wp-content\/uploads\/2016_06_21-kemerburgaz-mesiere-alan\u0131-22-150x150.jpg\" alt=\"\" width=\"150\" height=\"150\" \/><\/a><figcaption id=\"caption-attachment-13557\" class=\"wp-caption-text\">kemerburgaz mesire alan\u0131 pikni\u011fi<\/figcaption><\/figure><\/td>\n<td valign=\"top\" width=\"205\">\n<figure id=\"attachment_13854\" aria-describedby=\"caption-attachment-13854\" style=\"width: 150px\" class=\"wp-caption alignleft\"><a title=\"kurt kemeri mesire alan\u0131\" href=\"https:\/\/pusuladernegi.org\/?page_id=13856\"><img loading=\"lazy\" decoding=\"async\" class=\"size-thumbnail wp-image-13854\" title=\"IMG-20160713-WA0042\" src=\"https:\/\/pusuladernegi.org\/wp-content\/uploads\/IMG-20160713-WA0042-150x150.jpg\" alt=\"\" width=\"150\" height=\"150\" \/><\/a><figcaption id=\"caption-attachment-13854\" class=\"wp-caption-text\">kurt kemeri mesire alan\u0131<\/figcaption><\/figure>\n<p>&nbsp;<\/td>\n<td valign=\"top\" width=\"205\">\n<p><figure id=\"attachment_13979\" aria-describedby=\"caption-attachment-13979\" style=\"width: 150px\" class=\"wp-caption alignleft\"><a title=\"Yazokulu Kapan\u0131\u015f (2016)\" href=\"https:\/\/pusuladernegi.org\/?page_id=13951\"><img loading=\"lazy\" decoding=\"async\" class=\"size-thumbnail wp-image-13979\" title=\"yaz okulu kapan\u0131\u015f 2016\" src=\"https:\/\/pusuladernegi.org\/wp-content\/uploads\/yaz-okulu-kapan\u0131\u015f-20161-150x150.jpg\" alt=\"\" width=\"150\" height=\"150\" \/><\/a><figcaption id=\"caption-attachment-13979\" class=\"wp-caption-text\"><a title=\"Yazokulu Kapan\u0131\u015f (2016)\" href=\"https:\/\/pusuladernegi.org\/?page_id=13951\">yaz okulu kapan\u0131\u015f program\u0131 29 temmuz 2016<\/a><\/figcaption><\/figure><\/td>\n<\/tr>\n<tr>\n<td valign=\"top\" width=\"205\"><\/td>\n<td valign=\"top\" width=\"205\"><\/td>\n<td valign=\"top\" width=\"205\"><\/td>\n<\/tr>\n<\/tbody>\n<\/table>\n<p>&nbsp;<\/p>\n<table border=\"0\" cellspacing=\"0\" cellpadding=\"0\">\n<tbody>\n<tr>\n<td colspan=\"3\" valign=\"top\" width=\"614\"><strong>Yar\u0131\u015fma ve Etkinliklerden Foto\u011fraflar<\/strong><\/td>\n<\/tr>\n<tr>\n<td valign=\"top\" width=\"205\">\n<p><figure id=\"attachment_13691\" aria-describedby=\"caption-attachment-13691\" style=\"width: 150px\" class=\"wp-caption alignleft\"><a title=\"G\u0131da Kolisi Haz\u0131rland\u0131\" href=\"https:\/\/pusuladernegi.org\/?page_id=13688\"><img loading=\"lazy\" decoding=\"async\" class=\"size-thumbnail wp-image-13691\" title=\"g\u0131da kolisi haz\u0131rland\u0131 (10)\" src=\"https:\/\/pusuladernegi.org\/wp-content\/uploads\/g\u0131da-kolisi-haz\u0131rland\u0131-10-150x150.jpg\" alt=\"\" width=\"150\" height=\"150\" \/><\/a><figcaption id=\"caption-attachment-13691\" class=\"wp-caption-text\"><a title=\"G\u0131da Kolisi Haz\u0131rland\u0131\" href=\"https:\/\/pusuladernegi.org\/?page_id=13688\">g\u0131da kolisi haz\u0131rland\u0131<\/a><\/figcaption><\/figure><\/td>\n<td valign=\"top\" width=\"205\">\n<p><figure id=\"attachment_13713\" aria-describedby=\"caption-attachment-13713\" style=\"width: 150px\" class=\"wp-caption alignleft\"><a title=\"peygamberlerimi \u00e7ok seviyorum bilgi yar\u0131\u015fmas\u0131ndan kareler\" href=\"https:\/\/pusuladernegi.org\/?page_id=13763\"><img loading=\"lazy\" decoding=\"async\" class=\"size-thumbnail wp-image-13713\" title=\"peygamberlerimi \u00e7ok seviyorum\" src=\"https:\/\/pusuladernegi.org\/wp-content\/uploads\/peygamberlerimi-\u00e7ok-seviyorum1-150x150.jpg\" alt=\"\" width=\"150\" height=\"150\" \/><\/a><figcaption id=\"caption-attachment-13713\" class=\"wp-caption-text\">peygamberlerimi \u00e7ok seviyorum<\/figcaption><\/figure><\/td>\n<td valign=\"top\" width=\"205\">\n<p><figure id=\"attachment_13803\" aria-describedby=\"caption-attachment-13803\" style=\"width: 150px\" class=\"wp-caption alignleft\"><a title=\"\u00f6\u011fren sev, ezberle ya\u015fa yar\u0131\u015fmas\u0131ndan kareler\" href=\"https:\/\/pusuladernegi.org\/?page_id=13788\"><img loading=\"lazy\" decoding=\"async\" class=\"size-thumbnail wp-image-13803\" title=\"\u00f6\u011fren sev, ezberle ya\u015fa  (21)\" src=\"https:\/\/pusuladernegi.org\/wp-content\/uploads\/\u00f6\u011fren-sev-ezberle-ya\u015fa-211-150x150.jpg\" alt=\"\" width=\"150\" height=\"150\" \/><\/a><figcaption id=\"caption-attachment-13803\" class=\"wp-caption-text\">\u00f6\u011fren sev, ezberle ya\u015fa <a title=\"\u00f6\u011fren sev, ezberle ya\u015fa yar\u0131\u015fmas\u0131ndan kareler\" href=\"https:\/\/pusuladernegi.org\/?page_id=13788\">yar\u0131\u015fmas\u0131<\/a><\/figcaption><\/figure><\/td>\n<\/tr>\n<tr>\n<td valign=\"top\" width=\"205\">\n<p><figure id=\"attachment_14072\" aria-describedby=\"caption-attachment-14072\" style=\"width: 150px\" class=\"wp-caption alignleft\"><a title=\"safranbolu gezisi\" href=\"https:\/\/pusuladernegi.org\/?page_id=13999\"><img loading=\"lazy\" decoding=\"async\" class=\"size-thumbnail wp-image-14072\" title=\"safranbolu-gezisi (13)\" src=\"https:\/\/pusuladernegi.org\/wp-content\/uploads\/safranbolu-gezisi-132-150x150.jpg\" alt=\"\" width=\"150\" height=\"150\" \/><\/a><figcaption id=\"caption-attachment-14072\" class=\"wp-caption-text\">safranbolu gezisi<\/figcaption><\/figure><\/td>\n<td valign=\"top\" width=\"205\"><\/td>\n<td valign=\"top\" width=\"205\"><\/td>\n<\/tr>\n<\/tbody>\n<\/table>\n","protected":false},"excerpt":{"rendered":"<p>A\u015fa\u011f\u0131da pusula Vatan ve pusula cevatpa\u015fa 2016 yaz okuluna ait ders, kul\u00fcp, gezi, yar\u0131\u015fma ve etkinliklere ait foto\u011fraflar\u0131 bulabilirsiniz. &nbsp;<\/p>\n","protected":false},"author":1,"featured_media":0,"parent":13468,"menu_order":0,"comment_status":"open","ping_status":"open","template":"template-twocolumnsright.php","meta":{"colormag_page_container_layout":"default_layout","colormag_page_sidebar_layout":"default_layout","footnotes":""},"class_list":["post-13474","page","type-page","status-publish","hentry"],"_links":{"self":[{"href":"https:\/\/pusuladernegi.org\/index.php?rest_route=\/wp\/v2\/pages\/13474"}],"collection":[{"href":"https:\/\/pusuladernegi.org\/index.php?rest_route=\/wp\/v2\/pages"}],"about":[{"href":"https:\/\/pusuladernegi.org\/index.php?rest_route=\/wp\/v2\/types\/page"}],"author":[{"embeddable":true,"href":"https:\/\/pusuladernegi.org\/index.php?rest_route=\/wp\/v2\/users\/1"}],"replies":[{"embeddable":true,"href":"https:\/\/pusuladernegi.org\/index.php?rest_route=%2Fwp%2Fv2%2Fcomments&post=13474"}],"version-history":[{"count":44,"href":"https:\/\/pusuladernegi.org\/index.php?rest_route=\/wp\/v2\/pages\/13474\/revisions"}],"predecessor-version":[{"id":13478,"href":"https:\/\/pusuladernegi.org\/index.php?rest_route=\/wp\/v2\/pages\/13474\/revisions\/13478"}],"up":[{"embeddable":true,"href":"https:\/\/pusuladernegi.org\/index.php?rest_route=\/wp\/v2\/pages\/13468"}],"wp:attachment":[{"href":"https:\/\/pusuladernegi.org\/index.php?rest_route=%2Fwp%2Fv2%2Fmedia&parent=13474"}],"curies":[{"name":"wp","href":"https:\/\/api.w.org\/{rel}","templated":true}]}}