{"id":13486,"date":"2016-06-19T16:39:04","date_gmt":"2016-06-19T16:39:04","guid":{"rendered":"http:\/\/pusuladernegi.org\/?page_id=13486"},"modified":"2018-05-21T08:05:41","modified_gmt":"2018-05-21T08:05:41","slug":"13486-2","status":"publish","type":"page","link":"https:\/\/pusuladernegi.org\/?page_id=13486","title":{"rendered":"5. Bas\u0131l\u0131 Materyaller (yaz okulu 2016)"},"content":{"rendered":"<p>A\u015fa\u011f\u0131da 2016 yaz okuluna ait bas\u0131l\u0131 materyalleri bulabilirsiniz.<\/p>\n<table border=\"0\" cellspacing=\"0\" cellpadding=\"0\">\n<tbody>\n<tr>\n<td valign=\"top\" width=\"185\"><\/td>\n<td valign=\"top\" width=\"185\"><\/td>\n<td valign=\"top\" width=\"185\"><\/td>\n<\/tr>\n<tr>\n<td valign=\"top\" width=\"185\"><\/td>\n<td valign=\"top\" width=\"185\"><\/td>\n<td valign=\"top\" width=\"185\"><\/td>\n<\/tr>\n<tr>\n<td valign=\"top\" width=\"185\">\n<p><figure id=\"attachment_14116\" aria-describedby=\"caption-attachment-14116\" style=\"width: 150px\" class=\"wp-caption alignleft\"><a href=\"https:\/\/pusuladernegi.org\/wp-content\/uploads\/2016-yaz-okulu-sertifika-6.jpg\"><img loading=\"lazy\" decoding=\"async\" class=\"size-thumbnail wp-image-14116\" title=\"2016 yaz okulu sertifika (6)\" src=\"https:\/\/pusuladernegi.org\/wp-content\/uploads\/2016-yaz-okulu-sertifika-6-150x150.jpg\" alt=\"\" width=\"150\" height=\"150\" \/><\/a><figcaption id=\"caption-attachment-14116\" class=\"wp-caption-text\">yaz okulu 2016 sertifika<\/figcaption><\/figure><\/td>\n<td valign=\"top\" width=\"185\">\n<p><figure id=\"attachment_14823\" aria-describedby=\"caption-attachment-14823\" style=\"width: 150px\" class=\"wp-caption alignnone\"><a style=\"text-align: center;\" href=\"https:\/\/pusuladernegi.org\/wp-content\/uploads\/yaz-okulu-2016-dua-\u015fiir-ezgi-t\u00fcm\u00fc.pdf\"><img loading=\"lazy\" decoding=\"async\" class=\"size-thumbnail wp-image-14823\" style=\"border: 0px none; margin: 0px; -webkit-user-drag: none;\" title=\"2016 yaz okulu \u015fiir,dua,ezgi kitap\u00e7\u0131\u011f\u0131\" src=\"https:\/\/pusuladernegi.org\/wp-content\/uploads\/2016-yaz-okulu-\u015fiirduaezgi-kitap\u00e7\u0131\u011f\u0131-150x150.jpg\" alt=\"\" width=\"150\" height=\"150\" \/><\/a><figcaption id=\"caption-attachment-14823\" class=\"wp-caption-text\"><a href=\"https:\/\/pusuladernegi.org\/wp-content\/uploads\/yaz-okulu-2016-dua-\u015fiir-ezgi-t\u00fcm\u00fc.pdf\">2016 yaz okulu \u015fiir,dua,ezgi kitap\u00e7\u0131\u011f\u0131<\/a><\/figcaption><\/figure><\/td>\n<td valign=\"top\" width=\"185\"><\/td>\n<\/tr>\n<tr>\n<td valign=\"top\" width=\"185\">\n<p><figure id=\"attachment_13499\" aria-describedby=\"caption-attachment-13499\" style=\"width: 150px\" class=\"wp-caption alignleft\"><a href=\"https:\/\/pusuladernegi.org\/wp-content\/uploads\/web_pusula_A3-afis1.jpg\"><img loading=\"lazy\" decoding=\"async\" class=\"size-thumbnail wp-image-13499\" title=\"web_pusula_A3-afis\" src=\"https:\/\/pusuladernegi.org\/wp-content\/uploads\/web_pusula_A3-afis1-150x150.jpg\" alt=\"\" width=\"150\" height=\"150\" \/><\/a><figcaption id=\"caption-attachment-13499\" class=\"wp-caption-text\">A3 ka\u011f\u0131t afi\u015f<\/figcaption><\/figure><\/td>\n<td valign=\"top\" width=\"185\">\n<p><figure id=\"attachment_13498\" aria-describedby=\"caption-attachment-13498\" style=\"width: 150px\" class=\"wp-caption alignleft\"><a href=\"https:\/\/pusuladernegi.org\/wp-content\/uploads\/\u00fcst_pusula-afis1.jpg\"><img loading=\"lazy\" decoding=\"async\" class=\"size-thumbnail wp-image-13498\" title=\"\u00fcst_pusula-afis\" src=\"https:\/\/pusuladernegi.org\/wp-content\/uploads\/\u00fcst_pusula-afis1-150x150.jpg\" alt=\"\" width=\"150\" height=\"150\" \/><\/a><figcaption id=\"caption-attachment-13498\" class=\"wp-caption-text\">direkler aras\u0131 vinil afi\u015f 1*5<\/figcaption><\/figure><\/td>\n<td valign=\"top\" width=\"185\">\n<p><figure id=\"attachment_13711\" aria-describedby=\"caption-attachment-13711\" style=\"width: 150px\" class=\"wp-caption alignleft\"><a href=\"https:\/\/pusuladernegi.org\/wp-content\/uploads\/peygamberlerimi-\u00e7ok-seviyorum.jpg\"><img loading=\"lazy\" decoding=\"async\" class=\"size-thumbnail wp-image-13711\" title=\"peygamberlerimi \u00e7ok seviyorum\" src=\"https:\/\/pusuladernegi.org\/wp-content\/uploads\/peygamberlerimi-\u00e7ok-seviyorum-150x150.jpg\" alt=\"\" width=\"150\" height=\"150\" \/><\/a><figcaption id=\"caption-attachment-13711\" class=\"wp-caption-text\">A3 afi\u015f<\/figcaption><\/figure><\/td>\n<\/tr>\n<\/tbody>\n<\/table>\n","protected":false},"excerpt":{"rendered":"<p>A\u015fa\u011f\u0131da 2016 yaz okuluna ait bas\u0131l\u0131 materyalleri bulabilirsiniz.<\/p>\n","protected":false},"author":1,"featured_media":0,"parent":13468,"menu_order":0,"comment_status":"open","ping_status":"open","template":"template-onecolumn.php","meta":{"colormag_page_container_layout":"default_layout","colormag_page_sidebar_layout":"default_layout","footnotes":""},"class_list":["post-13486","page","type-page","status-publish","hentry"],"_links":{"self":[{"href":"https:\/\/pusuladernegi.org\/index.php?rest_route=\/wp\/v2\/pages\/13486"}],"collection":[{"href":"https:\/\/pusuladernegi.org\/index.php?rest_route=\/wp\/v2\/pages"}],"about":[{"href":"https:\/\/pusuladernegi.org\/index.php?rest_route=\/wp\/v2\/types\/page"}],"author":[{"embeddable":true,"href":"https:\/\/pusuladernegi.org\/index.php?rest_route=\/wp\/v2\/users\/1"}],"replies":[{"embeddable":true,"href":"https:\/\/pusuladernegi.org\/index.php?rest_route=%2Fwp%2Fv2%2Fcomments&post=13486"}],"version-history":[{"count":9,"href":"https:\/\/pusuladernegi.org\/index.php?rest_route=\/wp\/v2\/pages\/13486\/revisions"}],"predecessor-version":[{"id":16134,"href":"https:\/\/pusuladernegi.org\/index.php?rest_route=\/wp\/v2\/pages\/13486\/revisions\/16134"}],"up":[{"embeddable":true,"href":"https:\/\/pusuladernegi.org\/index.php?rest_route=\/wp\/v2\/pages\/13468"}],"wp:attachment":[{"href":"https:\/\/pusuladernegi.org\/index.php?rest_route=%2Fwp%2Fv2%2Fmedia&parent=13486"}],"curies":[{"name":"wp","href":"https:\/\/api.w.org\/{rel}","templated":true}]}}