{"id":15051,"date":"2017-05-31T13:06:06","date_gmt":"2017-05-31T13:06:06","guid":{"rendered":"http:\/\/pusuladernegi.org\/?page_id=15051"},"modified":"2017-07-20T11:38:15","modified_gmt":"2017-07-20T11:38:15","slug":"4-egitimcilerimiz-yaz-okulu-2017","status":"publish","type":"page","link":"https:\/\/pusuladernegi.org\/?page_id=15051","title":{"rendered":"4.E\u011fitimcilerimiz (Yaz Okulu 2017)"},"content":{"rendered":"<table style=\"height: 207px;\" width=\"574\">\n<tbody>\n<tr>\n<td width=\"205\">\n<table width=\"574\">\n<tbody>\n<tr>\n<td width=\"110\">Hilal \u00d6ZKUL<\/td>\n<td width=\"204\">\u0130dareci \/ Koordinat\u00f6r Cevatpa\u015fa<\/td>\n<td width=\"260\">\u00a0Kaz\u0131m Karabekir k\u0131z Kuran Kursunda haf\u0131zl\u0131\u011f\u0131n\u0131 tamamlad\u0131. A\u00e7\u0131k \u00f6\u011fretim lisesinden mezun olup\u00a0 \u0130lahiyat Fak\u00fcltesini okudu. Pusula derne\u011finde 3 y\u0131ld\u0131r koordinat\u00f6rl\u00fck yapmaktad\u0131r.<\/td>\n<\/tr>\n<\/tbody>\n<\/table>\n<\/td>\n<td width=\"205\">&nbsp;<\/td>\n<td width=\"205\">&nbsp;<\/td>\n<\/tr>\n<tr>\n<td width=\"205\">\n<table width=\"574\">\n<tbody>\n<tr>\n<td width=\"110\">Bet\u00fcl I\u015eIK<\/td>\n<td width=\"204\">Muallime \/Cevatpa\u015fa<\/td>\n<td width=\"260\">Kaz\u0131m Karabekir\u00a0 \u0130mam hatipden\u00a0 mezun olup \u00a0\u0130stanbul \u0130lahiyatta lisans\u0131n\u0131 tamlamaktad\u0131r. Pusula da iki d\u00f6nem yard\u0131mc\u0131 \u00f6\u011fretmenlik\u00a0 \u00fc\u00e7 \u00a0d\u00f6nem \u00a0de \u00f6\u011fretmenlik yapmaktad\u0131r.<\/td>\n<\/tr>\n<tr>\n<td width=\"110\">H\u00fcmeyra OKUYAN<\/td>\n<td width=\"204\">Muallime \/Cevatpa\u015fa<\/td>\n<td width=\"260\">\u015ei\u015fli Yunus Emre Lisesinden mezun oldu. Uluda\u011f \u00dcniversitesi T\u00fcrk\u00e7e \u00f6\u011fretmenli\u011fi b\u00f6l\u00fcm\u00fcnden mezun olup \u015eanl\u0131urfa M\u00fcsl\u00fcm Do\u011fan Orta Okuluna atand\u0131 . Pusula da hafta i\u00e7i T\u00fcrk\u00e7e \u00f6\u011fretmenli\u011fi yaz okulunda ise Kuran\u2019\u0131 Kerim \u00f6\u011fretmenli\u011fi yapmaktad\u0131r.<\/td>\n<\/tr>\n<tr>\n<td width=\"110\">\u00d6mer Arslanba\u015f<\/td>\n<td width=\"204\">Muallim \/Cevatpa\u015fa<\/td>\n<td width=\"260\">\u0130stanbul \u0130mam hatip Lisesinden mezun olup \u00fcniversite haz\u0131rl\u0131\u011f\u0131na devam ediyor.<\/p>\n<p>Pusula da\u00a0 be\u015f \u00a0d\u00f6nem yard\u0131mc\u0131 \u00f6\u011fretmenlik \u00a0bir d\u00f6nem ise \u00f6\u011fretmenlik yapmaktad\u0131r.<\/td>\n<\/tr>\n<tr>\n<td width=\"110\">\u00d6mer D\u0130N\u00c7<\/td>\n<td width=\"204\">Yard\u0131mc\u0131 Muallim \/Cevatpa\u015fa<\/td>\n<td width=\"260\">Gazi Osmanpa\u015fa Lisesinden mezun olup \u00fcniversite haz\u0131rl\u0131\u011f\u0131na devam ediyor.Pusula da bir d\u00f6nem yard\u0131mc\u0131 \u00f6\u011fretmenlik yapmaktad\u0131r.<\/td>\n<\/tr>\n<tr>\n<td width=\"110\">Beyza HO\u015eKUN<\/td>\n<td width=\"204\">Yard\u0131mc\u0131 Muallime \/Cevatpa\u015fa<\/td>\n<td width=\"260\">Aliya \u0130zzetbegovi\u00e7 \u00a0K\u0131z Anadolu \u0130mam hat\u0131p Lisesinde okumaktad\u0131r .Pusula da bir d\u00f6nem yard\u0131mc\u0131 \u00f6\u011fretmenlik yapmaktad\u0131r.<\/td>\n<\/tr>\n<tr>\n<td width=\"110\">Mihriban KATRANCI<\/td>\n<td width=\"204\">Yard\u0131mc\u0131 Muallime \/Cevatpa\u015fa<\/td>\n<td width=\"260\">R\u0131fat Canayak\u0131n Lisesinden mezun olup \u00fcniversite haz\u0131rl\u0131\u011f\u0131na devam ediyor. Pusula da 3 d\u00f6nem yard\u0131mc\u0131 \u00f6\u011fretmenlik yapmaktad\u0131r.<\/td>\n<\/tr>\n<\/tbody>\n<\/table>\n<\/td>\n<td width=\"205\">&nbsp;<\/td>\n<td width=\"205\">&nbsp;<\/td>\n<\/tr>\n<tr>\n<td width=\"205\">&nbsp;<\/td>\n<td width=\"205\">&nbsp;<\/td>\n<td width=\"205\">&nbsp;<\/td>\n<\/tr>\n<tr>\n<td width=\"205\">&nbsp;<\/td>\n<td width=\"205\">&nbsp;<\/td>\n<td width=\"205\">&nbsp;<\/td>\n<\/tr>\n<tr>\n<td width=\"205\">&nbsp;<\/td>\n<td width=\"205\">&nbsp;<\/td>\n<td width=\"205\">&nbsp;<\/td>\n<\/tr>\n<tr>\n<td width=\"205\">&nbsp;<\/td>\n<td width=\"205\">&nbsp;<\/td>\n<td width=\"205\">&nbsp;<\/td>\n<\/tr>\n<\/tbody>\n<\/table>\n<p>&nbsp;<\/p>\n","protected":false},"excerpt":{"rendered":"<p>Hilal \u00d6ZKUL \u0130dareci \/ Koordinat\u00f6r Cevatpa\u015fa \u00a0Kaz\u0131m Karabekir k\u0131z Kuran Kursunda haf\u0131zl\u0131\u011f\u0131n\u0131 tamamlad\u0131. A\u00e7\u0131k \u00f6\u011fretim lisesinden mezun olup\u00a0 \u0130lahiyat Fak\u00fcltesini<\/p>\n","protected":false},"author":1,"featured_media":0,"parent":15040,"menu_order":0,"comment_status":"closed","ping_status":"closed","template":"template-twocolumnsleft.php","meta":{"colormag_page_container_layout":"default_layout","colormag_page_sidebar_layout":"default_layout","footnotes":""},"class_list":["post-15051","page","type-page","status-publish","hentry"],"_links":{"self":[{"href":"https:\/\/pusuladernegi.org\/index.php?rest_route=\/wp\/v2\/pages\/15051"}],"collection":[{"href":"https:\/\/pusuladernegi.org\/index.php?rest_route=\/wp\/v2\/pages"}],"about":[{"href":"https:\/\/pusuladernegi.org\/index.php?rest_route=\/wp\/v2\/types\/page"}],"author":[{"embeddable":true,"href":"https:\/\/pusuladernegi.org\/index.php?rest_route=\/wp\/v2\/users\/1"}],"replies":[{"embeddable":true,"href":"https:\/\/pusuladernegi.org\/index.php?rest_route=%2Fwp%2Fv2%2Fcomments&post=15051"}],"version-history":[{"count":3,"href":"https:\/\/pusuladernegi.org\/index.php?rest_route=\/wp\/v2\/pages\/15051\/revisions"}],"predecessor-version":[{"id":15172,"href":"https:\/\/pusuladernegi.org\/index.php?rest_route=\/wp\/v2\/pages\/15051\/revisions\/15172"}],"up":[{"embeddable":true,"href":"https:\/\/pusuladernegi.org\/index.php?rest_route=\/wp\/v2\/pages\/15040"}],"wp:attachment":[{"href":"https:\/\/pusuladernegi.org\/index.php?rest_route=%2Fwp%2Fv2%2Fmedia&parent=15051"}],"curies":[{"name":"wp","href":"https:\/\/api.w.org\/{rel}","templated":true}]}}