{"id":15842,"date":"2018-02-12T12:01:45","date_gmt":"2018-02-12T12:01:45","guid":{"rendered":"http:\/\/pusuladernegi.org\/?page_id=15842"},"modified":"2018-03-14T15:35:25","modified_gmt":"2018-03-14T15:35:25","slug":"gencler-kudusu-ve-selahaddin-eyyubiyi-taniyor","status":"publish","type":"page","link":"https:\/\/pusuladernegi.org\/?page_id=15842","title":{"rendered":"Gen\u00e7ler Kud\u00fcs&#8217;\u00fc Ve Selahaddin Eyyubi&#8217;yi Tan\u0131yor! Foto\u011fraflar"},"content":{"rendered":"<p>A\u015fa\u011f\u0131da Gen\u00e7ler Selahaddin Eyyubi\u2019yi Tan\u0131yor! Projesine ait kitap da\u011f\u0131t\u0131m\u0131, konferanslara ait foto\u011fraflar\u0131 bulabilirsiniz.<\/p>\n<table>\n<tbody>\n<tr>\n<td width=\"154\">\n<p><figure id=\"attachment_15827\" aria-describedby=\"caption-attachment-15827\" style=\"width: 150px\" class=\"wp-caption aligncenter\"><a href=\"https:\/\/pusuladernegi.org\/wp-content\/uploads\/kitap-dag\u0131t\u0131m\u0131-\u015fehit-halil-ibrahim-A\u0130HL-3.jpeg\"><img loading=\"lazy\" decoding=\"async\" class=\"wp-image-15827 size-thumbnail\" src=\"https:\/\/pusuladernegi.org\/wp-content\/uploads\/kitap-dag\u0131t\u0131m\u0131-\u015fehit-halil-ibrahim-A\u0130HL-3-150x150.jpeg\" alt=\"\" width=\"150\" height=\"150\" \/><\/a><figcaption id=\"caption-attachment-15827\" class=\"wp-caption-text\">\u015fehit halil ibrahim y\u0131ld\u0131r\u0131m anadolu imam hatip lisesi kitap da\u011f\u0131t\u0131m\u0131<\/figcaption><\/figure><\/td>\n<td width=\"154\">\n<p><figure id=\"attachment_15829\" aria-describedby=\"caption-attachment-15829\" style=\"width: 150px\" class=\"wp-caption aligncenter\"><a href=\"https:\/\/pusuladernegi.org\/wp-content\/uploads\/kitap-dag\u0131t\u0131m\u0131-\u015fehit-halil-ibrahim-A\u0130HL-1.jpeg\"><img loading=\"lazy\" decoding=\"async\" class=\"wp-image-15829 size-thumbnail\" src=\"https:\/\/pusuladernegi.org\/wp-content\/uploads\/kitap-dag\u0131t\u0131m\u0131-\u015fehit-halil-ibrahim-A\u0130HL-1-150x150.jpeg\" alt=\"\" width=\"150\" height=\"150\" \/><\/a><figcaption id=\"caption-attachment-15829\" class=\"wp-caption-text\">\u015fehit halil ibrahim y\u0131ld\u0131r\u0131m anadolu imam hatip lisesi kitap da\u011f\u0131t\u0131m\u0131<\/figcaption><\/figure><\/td>\n<td width=\"154\">\n<p><figure id=\"attachment_15828\" aria-describedby=\"caption-attachment-15828\" style=\"width: 150px\" class=\"wp-caption aligncenter\"><a href=\"https:\/\/pusuladernegi.org\/wp-content\/uploads\/kitap-dag\u0131t\u0131m\u0131-\u015fehit-halil-ibrahim-A\u0130HL.jpeg\"><img loading=\"lazy\" decoding=\"async\" class=\"wp-image-15828 size-thumbnail\" src=\"https:\/\/pusuladernegi.org\/wp-content\/uploads\/kitap-dag\u0131t\u0131m\u0131-\u015fehit-halil-ibrahim-A\u0130HL-150x150.jpeg\" alt=\"\" width=\"150\" height=\"150\" \/><\/a><figcaption id=\"caption-attachment-15828\" class=\"wp-caption-text\">\u015fehit halil ibrahim y\u0131ld\u0131r\u0131m anadolu imam hatip lisesi kitap da\u011f\u0131t\u0131m\u0131<\/figcaption><\/figure><\/td>\n<td width=\"154\">\n<p><figure id=\"attachment_15827\" aria-describedby=\"caption-attachment-15827\" style=\"width: 150px\" class=\"wp-caption aligncenter\"><a href=\"https:\/\/pusuladernegi.org\/wp-content\/uploads\/kitap-dag\u0131t\u0131m\u0131-\u015fehit-halil-ibrahim-A\u0130HL-3.jpeg\"><img loading=\"lazy\" decoding=\"async\" class=\"wp-image-15827 size-thumbnail\" src=\"https:\/\/pusuladernegi.org\/wp-content\/uploads\/kitap-dag\u0131t\u0131m\u0131-\u015fehit-halil-ibrahim-A\u0130HL-3-150x150.jpeg\" alt=\"\" width=\"150\" height=\"150\" \/><\/a><figcaption id=\"caption-attachment-15827\" class=\"wp-caption-text\">\u015fehit halil ibrahim y\u0131ld\u0131r\u0131m anadolu imam hatip lisesi kitap da\u011f\u0131t\u0131m\u0131<\/figcaption><\/figure><\/td>\n<\/tr>\n<tr>\n<td width=\"154\"><a href=\"https:\/\/pusuladernegi.org\/wp-content\/uploads\/selahaddin-eyyubi_tan\u0131t\u0131m.jpg\"><img loading=\"lazy\" decoding=\"async\" class=\"aligncenter size-full wp-image-15847\" src=\"https:\/\/pusuladernegi.org\/wp-content\/uploads\/selahaddin-eyyubi_tan\u0131t\u0131m.jpg\" alt=\"\" width=\"1024\" height=\"768\" srcset=\"https:\/\/pusuladernegi.org\/wp-content\/uploads\/selahaddin-eyyubi_tan\u0131t\u0131m.jpg 1024w, https:\/\/pusuladernegi.org\/wp-content\/uploads\/selahaddin-eyyubi_tan\u0131t\u0131m-300x225.jpg 300w, https:\/\/pusuladernegi.org\/wp-content\/uploads\/selahaddin-eyyubi_tan\u0131t\u0131m-768x576.jpg 768w, https:\/\/pusuladernegi.org\/wp-content\/uploads\/selahaddin-eyyubi_tan\u0131t\u0131m-533x400.jpg 533w, https:\/\/pusuladernegi.org\/wp-content\/uploads\/selahaddin-eyyubi_tan\u0131t\u0131m-264x198.jpg 264w\" sizes=\"(max-width: 1024px) 100vw, 1024px\" \/><\/a><\/td>\n<td width=\"154\">\n<p><figure id=\"attachment_15903\" aria-describedby=\"caption-attachment-15903\" style=\"width: 150px\" class=\"wp-caption aligncenter\"><a href=\"https:\/\/pusuladernegi.org\/wp-content\/uploads\/kud\u00fcs-fatihi-selahaddin-eyyubi-konferans\u0131-in\u00f6n\u00fc-mesleki-ve-teknik-anadolu-lisesi-abdullah-y\u0131ld\u0131z-12-mart-2018.jpg\"><img loading=\"lazy\" decoding=\"async\" class=\"wp-image-15903 size-thumbnail\" src=\"https:\/\/pusuladernegi.org\/wp-content\/uploads\/kud\u00fcs-fatihi-selahaddin-eyyubi-konferans\u0131-in\u00f6n\u00fc-mesleki-ve-teknik-anadolu-lisesi-abdullah-y\u0131ld\u0131z-12-mart-2018-150x150.jpg\" alt=\"\" width=\"150\" height=\"150\" \/><\/a><figcaption id=\"caption-attachment-15903\" class=\"wp-caption-text\">in\u00f6n\u00fc mesleki ve teknik anadolu lisesi konferans\u0131 12 mart 2018<\/figcaption><\/figure><\/td>\n<td width=\"154\">\n<p><figure id=\"attachment_15899\" aria-describedby=\"caption-attachment-15899\" style=\"width: 150px\" class=\"wp-caption aligncenter\"><a href=\"https:\/\/pusuladernegi.org\/wp-content\/uploads\/kud\u00fcs-fatihi-selahaddin-eyyubi-konferans\u0131-in\u00f6n\u00fc-mesleki-ve-teknik-anadolu-lisesi-abdullah-y\u0131ld\u0131z-12-mart-2018-4.jpg\"><img loading=\"lazy\" decoding=\"async\" class=\"wp-image-15899 size-thumbnail\" src=\"https:\/\/pusuladernegi.org\/wp-content\/uploads\/kud\u00fcs-fatihi-selahaddin-eyyubi-konferans\u0131-in\u00f6n\u00fc-mesleki-ve-teknik-anadolu-lisesi-abdullah-y\u0131ld\u0131z-12-mart-2018-4-150x150.jpg\" alt=\"\" width=\"150\" height=\"150\" \/><\/a><figcaption id=\"caption-attachment-15899\" class=\"wp-caption-text\">in\u00f6n\u00fc mesleki ve teknik anadolu lisesi konferans\u0131 imza 12 mart 2018<\/figcaption><\/figure><\/td>\n<td width=\"154\">\n<p><figure id=\"attachment_15898\" aria-describedby=\"caption-attachment-15898\" style=\"width: 150px\" class=\"wp-caption aligncenter\"><a href=\"https:\/\/pusuladernegi.org\/wp-content\/uploads\/kud\u00fcs-fatihi-selahaddin-eyyubi-konferans\u0131-ibrahim-feti-pirlepeli-mesleki-ve-teknik-anadolu-lisesi-abdullah-y\u0131ld\u0131z-12-mart-2018.jpg\"><img loading=\"lazy\" decoding=\"async\" class=\"wp-image-15898 size-thumbnail\" src=\"https:\/\/pusuladernegi.org\/wp-content\/uploads\/kud\u00fcs-fatihi-selahaddin-eyyubi-konferans\u0131-ibrahim-feti-pirlepeli-mesleki-ve-teknik-anadolu-lisesi-abdullah-y\u0131ld\u0131z-12-mart-2018-150x150.jpg\" alt=\"\" width=\"150\" height=\"150\" \/><\/a><figcaption id=\"caption-attachment-15898\" class=\"wp-caption-text\">terazidere prof dr ibrahim ve feti pirlepeli mesleki ve teknik anadolu lisesi 12 mart 2018<\/figcaption><\/figure><\/td>\n<\/tr>\n<tr>\n<td width=\"154\">\n<p><figure id=\"attachment_15905\" aria-describedby=\"caption-attachment-15905\" style=\"width: 150px\" class=\"wp-caption aligncenter\"><a href=\"https:\/\/pusuladernegi.org\/wp-content\/uploads\/kud\u00fcs-fatihi-selahaddin-eyyubi-konferans\u0131-ibrahim-feti-pirlepeli-mesleki-ve-teknik-anadolu-lisesi-abdullah-y\u0131ld\u0131z-12-mart-2018-2.jpg\"><img loading=\"lazy\" decoding=\"async\" class=\"wp-image-15905 size-thumbnail\" src=\"https:\/\/pusuladernegi.org\/wp-content\/uploads\/kud\u00fcs-fatihi-selahaddin-eyyubi-konferans\u0131-ibrahim-feti-pirlepeli-mesleki-ve-teknik-anadolu-lisesi-abdullah-y\u0131ld\u0131z-12-mart-2018-2-150x150.jpg\" alt=\"\" width=\"150\" height=\"150\" \/><\/a><figcaption id=\"caption-attachment-15905\" class=\"wp-caption-text\">terazidere prof dr ibrahim ve feti pirlepeli mesleki ve teknik anadolu lisesi 12 mart 2018<\/figcaption><\/figure><\/td>\n<td width=\"154\">\n<p><figure id=\"attachment_15904\" aria-describedby=\"caption-attachment-15904\" style=\"width: 150px\" class=\"wp-caption aligncenter\"><a href=\"https:\/\/pusuladernegi.org\/wp-content\/uploads\/kud\u00fcs-fatihi-selahaddin-eyyubi-konferans\u0131-ibrahim-feti-pirlepeli-mesleki-ve-teknik-anadolu-lisesi-abdullah-y\u0131ld\u0131z-12-mart-2018-3.jpg\"><img loading=\"lazy\" decoding=\"async\" class=\"wp-image-15904 size-thumbnail\" src=\"https:\/\/pusuladernegi.org\/wp-content\/uploads\/kud\u00fcs-fatihi-selahaddin-eyyubi-konferans\u0131-ibrahim-feti-pirlepeli-mesleki-ve-teknik-anadolu-lisesi-abdullah-y\u0131ld\u0131z-12-mart-2018-3-150x150.jpg\" alt=\"\" width=\"150\" height=\"150\" \/><\/a><figcaption id=\"caption-attachment-15904\" class=\"wp-caption-text\">terazidere prof dr ibrahim ve feti pirlepeli mesleki ve teknik anadolu lisesi 12 mart 2018<\/figcaption><\/figure><\/td>\n<td width=\"154\">\n<p><figure id=\"attachment_15906\" aria-describedby=\"caption-attachment-15906\" style=\"width: 150px\" class=\"wp-caption aligncenter\"><a href=\"https:\/\/pusuladernegi.org\/wp-content\/uploads\/kud\u00fcs-fatihi-selahaddin-eyyubi-konferans\u0131-ibrahim-feti-pirlepeli-mesleki-ve-teknik-anadolu-lisesi-abdullah-y\u0131ld\u0131z-12-mart-2018-1.jpg\"><img loading=\"lazy\" decoding=\"async\" class=\"wp-image-15906 size-thumbnail\" src=\"https:\/\/pusuladernegi.org\/wp-content\/uploads\/kud\u00fcs-fatihi-selahaddin-eyyubi-konferans\u0131-ibrahim-feti-pirlepeli-mesleki-ve-teknik-anadolu-lisesi-abdullah-y\u0131ld\u0131z-12-mart-2018-1-150x150.jpg\" alt=\"\" width=\"150\" height=\"150\" \/><\/a><figcaption id=\"caption-attachment-15906\" class=\"wp-caption-text\">terazidere prof dr ibrahim ve feti pirlepeli mesleki ve teknik anadolu lisesi 12 mart 2018<\/figcaption><\/figure><\/td>\n<td width=\"154\">\n<p><figure id=\"attachment_15886\" aria-describedby=\"caption-attachment-15886\" style=\"width: 150px\" class=\"wp-caption aligncenter\"><a href=\"https:\/\/pusuladernegi.org\/wp-content\/uploads\/kud\u00fcs-fatihi-selahaddin-eyyubi-konferans\u0131-\u015fehit-\u00fcmit-yolcu-anadolu-imam-hatip-lisesi-abdullah-y\u0131ld\u0131z-23-\u015fubat-2018-3.jpeg\"><img loading=\"lazy\" decoding=\"async\" class=\"wp-image-15886 size-thumbnail\" src=\"https:\/\/pusuladernegi.org\/wp-content\/uploads\/kud\u00fcs-fatihi-selahaddin-eyyubi-konferans\u0131-\u015fehit-\u00fcmit-yolcu-anadolu-imam-hatip-lisesi-abdullah-y\u0131ld\u0131z-23-\u015fubat-2018-3-150x150.jpeg\" alt=\"\" width=\"150\" height=\"150\" \/><\/a><figcaption id=\"caption-attachment-15886\" class=\"wp-caption-text\">terazidere prof dr ibrahim ve feti pirlepeli mesleki ve teknik anadolu lisesi 12 mart 2018<\/figcaption><\/figure><\/td>\n<\/tr>\n<tr>\n<td width=\"154\">\n<p><figure id=\"attachment_15885\" aria-describedby=\"caption-attachment-15885\" style=\"width: 150px\" class=\"wp-caption aligncenter\"><a href=\"https:\/\/pusuladernegi.org\/wp-content\/uploads\/kud\u00fcs-fatihi-selahaddin-eyyubi-konferans\u0131-\u015fehit-\u00fcmit-yolcu-anadolu-imam-hatip-lisesi-abdullah-y\u0131ld\u0131z-23-\u015fubat-2018.jpeg\"><img loading=\"lazy\" decoding=\"async\" class=\"wp-image-15885 size-thumbnail\" src=\"https:\/\/pusuladernegi.org\/wp-content\/uploads\/kud\u00fcs-fatihi-selahaddin-eyyubi-konferans\u0131-\u015fehit-\u00fcmit-yolcu-anadolu-imam-hatip-lisesi-abdullah-y\u0131ld\u0131z-23-\u015fubat-2018-150x150.jpeg\" alt=\"\" width=\"150\" height=\"150\" \/><\/a><figcaption id=\"caption-attachment-15885\" class=\"wp-caption-text\">\u015fehit halil ibrahim y\u0131ld\u0131r\u0131m anadolu imam hatip lisesi 23 \u015fubat 2018<\/figcaption><\/figure><\/td>\n<td width=\"154\">\n<p><figure id=\"attachment_15883\" aria-describedby=\"caption-attachment-15883\" style=\"width: 150px\" class=\"wp-caption aligncenter\"><a href=\"https:\/\/pusuladernegi.org\/wp-content\/uploads\/kud\u00fcs-fatihi-selahaddin-eyyubi-konferans\u0131-kaptan-erdogan-anadolu-imam-hatip-lisesi-abdullah-y\u0131ld\u0131z-23-\u015fubat-2018-1.jpg\"><img loading=\"lazy\" decoding=\"async\" class=\"wp-image-15883 size-thumbnail\" src=\"https:\/\/pusuladernegi.org\/wp-content\/uploads\/kud\u00fcs-fatihi-selahaddin-eyyubi-konferans\u0131-kaptan-erdogan-anadolu-imam-hatip-lisesi-abdullah-y\u0131ld\u0131z-23-\u015fubat-2018-1-150x150.jpg\" alt=\"\" width=\"150\" height=\"150\" \/><\/a><figcaption id=\"caption-attachment-15883\" class=\"wp-caption-text\">uluslararas\u0131 kaptan ahmet erdo\u011fan anadolu imam hatip lisesi 23 \u015fubat 2018<\/figcaption><\/figure><\/td>\n<td width=\"154\">\n<p><figure id=\"attachment_15881\" aria-describedby=\"caption-attachment-15881\" style=\"width: 150px\" class=\"wp-caption aligncenter\"><a href=\"https:\/\/pusuladernegi.org\/wp-content\/uploads\/kud\u00fcs-fatihi-selahaddin-eyyubi-konferans\u0131-kaptan-erdogan-anadolu-imam-hatip-lisesi-abdullah-y\u0131ld\u0131z-23-\u015fubat-2018.jpg\"><img loading=\"lazy\" decoding=\"async\" class=\"wp-image-15881 size-thumbnail\" src=\"https:\/\/pusuladernegi.org\/wp-content\/uploads\/kud\u00fcs-fatihi-selahaddin-eyyubi-konferans\u0131-kaptan-erdogan-anadolu-imam-hatip-lisesi-abdullah-y\u0131ld\u0131z-23-\u015fubat-2018-150x150.jpg\" alt=\"\" width=\"150\" height=\"150\" \/><\/a><figcaption id=\"caption-attachment-15881\" class=\"wp-caption-text\">uluslararas\u0131 kaptan ahmet erdo\u011fan anadolu imam hatip lisesi 23 \u015fubat 2018<\/figcaption><\/figure><\/td>\n<td width=\"154\">\n<p><figure id=\"attachment_15882\" aria-describedby=\"caption-attachment-15882\" style=\"width: 150px\" class=\"wp-caption aligncenter\"><a href=\"https:\/\/pusuladernegi.org\/wp-content\/uploads\/kud\u00fcs-fatihi-selahaddin-eyyubi-konferans\u0131-kaptan-erdogan-anadolu-imam-hatip-lisesi-abdullah-y\u0131ld\u0131z-23-\u015fubat-2018-2.jpg\"><img loading=\"lazy\" decoding=\"async\" class=\"wp-image-15882 size-thumbnail\" src=\"https:\/\/pusuladernegi.org\/wp-content\/uploads\/kud\u00fcs-fatihi-selahaddin-eyyubi-konferans\u0131-kaptan-erdogan-anadolu-imam-hatip-lisesi-abdullah-y\u0131ld\u0131z-23-\u015fubat-2018-2-150x150.jpg\" alt=\"\" width=\"150\" height=\"150\" \/><\/a><figcaption id=\"caption-attachment-15882\" class=\"wp-caption-text\">uluslararas\u0131 kaptan ahmet erdo\u011fan anadolu imam hatip lisesi 23 \u015fubat 2018<\/figcaption><\/figure><\/td>\n<\/tr>\n<tr>\n<td width=\"154\">\n<p><figure id=\"attachment_15910\" aria-describedby=\"caption-attachment-15910\" style=\"width: 150px\" class=\"wp-caption aligncenter\"><a href=\"https:\/\/pusuladernegi.org\/wp-content\/uploads\/kud\u00fcs-fatihi-selahaddin-eyyubi-konferans\u0131-\u015fehit-halil-ibrahim-y\u0131ld\u0131r\u0131m-anadolu-imam-hatip-lisesi-abdullah-y\u0131ld\u0131z-23-\u015fubat-2018-7.jpeg\"><img loading=\"lazy\" decoding=\"async\" class=\"wp-image-15910 size-thumbnail\" src=\"https:\/\/pusuladernegi.org\/wp-content\/uploads\/kud\u00fcs-fatihi-selahaddin-eyyubi-konferans\u0131-\u015fehit-halil-ibrahim-y\u0131ld\u0131r\u0131m-anadolu-imam-hatip-lisesi-abdullah-y\u0131ld\u0131z-23-\u015fubat-2018-7-150x150.jpeg\" alt=\"\" width=\"150\" height=\"150\" \/><\/a><figcaption id=\"caption-attachment-15910\" class=\"wp-caption-text\">\u015fehit halil ibrahim y\u0131ld\u0131r\u0131m anadolu imam hatip lisesi 23 \u015fubat 2018<\/figcaption><\/figure><\/td>\n<td width=\"154\">\n<p><figure id=\"attachment_15911\" aria-describedby=\"caption-attachment-15911\" style=\"width: 150px\" class=\"wp-caption aligncenter\"><a href=\"https:\/\/pusuladernegi.org\/wp-content\/uploads\/kud\u00fcs-fatihi-selahaddin-eyyubi-konferans\u0131-\u015fehit-halil-ibrahim-y\u0131ld\u0131r\u0131m-anadolu-imam-hatip-lisesi-abdullah-y\u0131ld\u0131z-23-\u015fubat-2018-5.jpeg\"><img loading=\"lazy\" decoding=\"async\" class=\"wp-image-15911 size-thumbnail\" src=\"https:\/\/pusuladernegi.org\/wp-content\/uploads\/kud\u00fcs-fatihi-selahaddin-eyyubi-konferans\u0131-\u015fehit-halil-ibrahim-y\u0131ld\u0131r\u0131m-anadolu-imam-hatip-lisesi-abdullah-y\u0131ld\u0131z-23-\u015fubat-2018-5-150x150.jpeg\" alt=\"\" width=\"150\" height=\"150\" \/><\/a><figcaption id=\"caption-attachment-15911\" class=\"wp-caption-text\">\u015fehit halil ibrahim y\u0131ld\u0131r\u0131m anadolu imam hatip lisesi 23 \u015fubat 2018<\/figcaption><\/figure><\/td>\n<td width=\"154\"><\/td>\n<td width=\"154\"><\/td>\n<\/tr>\n<tr>\n<td width=\"154\"><\/td>\n<td width=\"154\"><\/td>\n<td width=\"154\"><\/td>\n<td width=\"154\"><\/td>\n<\/tr>\n<tr>\n<td width=\"154\"><\/td>\n<td width=\"154\"><\/td>\n<td width=\"154\"><\/td>\n<td width=\"154\"><\/td>\n<\/tr>\n<tr>\n<td width=\"154\"><\/td>\n<td width=\"154\"><\/td>\n<td width=\"154\"><\/td>\n<td width=\"154\"><\/td>\n<\/tr>\n<tr>\n<td width=\"154\"><\/td>\n<td width=\"154\"><\/td>\n<td width=\"154\"><\/td>\n<td width=\"154\"><\/td>\n<\/tr>\n<tr>\n<td width=\"154\"><\/td>\n<td width=\"154\"><\/td>\n<td width=\"154\"><\/td>\n<td width=\"154\"><\/td>\n<\/tr>\n<\/tbody>\n<\/table>\n<p>&nbsp;<\/p>\n","protected":false},"excerpt":{"rendered":"<p>A\u015fa\u011f\u0131da Gen\u00e7ler Selahaddin Eyyubi\u2019yi Tan\u0131yor! Projesine ait kitap da\u011f\u0131t\u0131m\u0131, konferanslara ait foto\u011fraflar\u0131 bulabilirsiniz. &nbsp;<\/p>\n","protected":false},"author":1,"featured_media":0,"parent":74,"menu_order":0,"comment_status":"closed","ping_status":"closed","template":"template-onecolumn.php","meta":{"colormag_page_container_layout":"default_layout","colormag_page_sidebar_layout":"default_layout","footnotes":""},"class_list":["post-15842","page","type-page","status-publish","hentry"],"_links":{"self":[{"href":"https:\/\/pusuladernegi.org\/index.php?rest_route=\/wp\/v2\/pages\/15842"}],"collection":[{"href":"https:\/\/pusuladernegi.org\/index.php?rest_route=\/wp\/v2\/pages"}],"about":[{"href":"https:\/\/pusuladernegi.org\/index.php?rest_route=\/wp\/v2\/types\/page"}],"author":[{"embeddable":true,"href":"https:\/\/pusuladernegi.org\/index.php?rest_route=\/wp\/v2\/users\/1"}],"replies":[{"embeddable":true,"href":"https:\/\/pusuladernegi.org\/index.php?rest_route=%2Fwp%2Fv2%2Fcomments&post=15842"}],"version-history":[{"count":9,"href":"https:\/\/pusuladernegi.org\/index.php?rest_route=\/wp\/v2\/pages\/15842\/revisions"}],"predecessor-version":[{"id":15912,"href":"https:\/\/pusuladernegi.org\/index.php?rest_route=\/wp\/v2\/pages\/15842\/revisions\/15912"}],"up":[{"embeddable":true,"href":"https:\/\/pusuladernegi.org\/index.php?rest_route=\/wp\/v2\/pages\/74"}],"wp:attachment":[{"href":"https:\/\/pusuladernegi.org\/index.php?rest_route=%2Fwp%2Fv2%2Fmedia&parent=15842"}],"curies":[{"name":"wp","href":"https:\/\/api.w.org\/{rel}","templated":true}]}}