{"id":16167,"date":"2018-05-28T07:55:39","date_gmt":"2018-05-28T07:55:39","guid":{"rendered":"http:\/\/pusuladernegi.org\/?page_id=16167"},"modified":"2021-04-23T19:26:43","modified_gmt":"2021-04-23T19:26:43","slug":"2-ders-kulup-gezi-yarisma-ve-etkinlik-fotograflar-yaz-okulu-20189","status":"publish","type":"page","link":"https:\/\/pusuladernegi.org\/?page_id=16167","title":{"rendered":"2.Ders, Kul\u00fcp, Gezi, Yar\u0131\u015fma ve Etkinlik, Foto\u011fraflar (yaz okulu 2018)"},"content":{"rendered":"<table>\n<tbody>\n<tr>\n<td width=\"124\"><a href=\"https:\/\/pusuladernegi.org\/?page_id=16167\">Ders, Kul\u00fcp, Gezi, Yar\u0131\u015fma ve Etkinlik, Foto\u011fraflar-1<\/a><\/td>\n<td width=\"124\"><a href=\"https:\/\/pusuladernegi.org\/?page_id=16390\">Ders, Kul\u00fcp, Gezi, Yar\u0131\u015fma ve Etkinlik, Foto\u011fraflar-2<\/a><\/td>\n<td width=\"124\"><a href=\"https:\/\/pusuladernegi.org\/?page_id=16395\">Ders, Kul\u00fcp, Gezi, Yar\u0131\u015fma ve Etkinlik, Foto\u011fraflar-3<\/a><\/td>\n<td width=\"124\"><a href=\"https:\/\/pusuladernegi.org\/?page_id=16396\">Ders, Kul\u00fcp, Gezi, Yar\u0131\u015fma ve Etkinlik, Foto\u011fraflar-4<\/a><\/td>\n<td width=\"124\"><a href=\"https:\/\/pusuladernegi.org\/?page_id=16399\">Ders, Kul\u00fcp, Gezi, Yar\u0131\u015fma ve Etkinlik, Foto\u011fraflar-5<\/a><\/td>\n<\/tr>\n<tr>\n<td colspan=\"5\" width=\"619\">\n<p style=\"text-align: center;\"><strong>Ders, Kul\u00fcp, Gezi, Yar\u0131\u015fma ve Etkinlik, Foto\u011fraflar-1<\/strong><\/p>\n<p style=\"text-align: center;\"><span style=\"color: #ff0000;\">(FOTO\u011eRAFLAR KARI\u015eIK OLARAK D\u0130Z\u0130LM\u0130\u015eT\u0130R)<\/span><\/p>\n<\/td>\n<\/tr>\n<tr>\n<td width=\"124\"><a href=\"https:\/\/pusuladernegi.org\/wp-content\/uploads\/IMG-20180620-WA0016.jpg\"><img loading=\"lazy\" decoding=\"async\" class=\"aligncenter wp-image-16213\" src=\"https:\/\/pusuladernegi.org\/wp-content\/uploads\/IMG-20180620-WA0016-150x150.jpg\" alt=\"\" width=\"151\" height=\"151\" \/><\/a><\/td>\n<td width=\"124\"><a href=\"https:\/\/pusuladernegi.org\/wp-content\/uploads\/IMG-20180620-WA0017.jpg\"><img loading=\"lazy\" decoding=\"async\" class=\"wp-image-16214 aligncenter\" src=\"https:\/\/pusuladernegi.org\/wp-content\/uploads\/IMG-20180620-WA0017-150x150.jpg\" alt=\"\" width=\"144\" height=\"144\" \/><\/a><\/td>\n<td width=\"124\"><a href=\"https:\/\/pusuladernegi.org\/wp-content\/uploads\/IMG-20180620-WA0018.jpg\"><img loading=\"lazy\" decoding=\"async\" class=\"aligncenter size-thumbnail wp-image-16215\" src=\"https:\/\/pusuladernegi.org\/wp-content\/uploads\/IMG-20180620-WA0018-150x150.jpg\" alt=\"\" width=\"150\" height=\"150\" \/><\/a><\/td>\n<td width=\"124\"><a href=\"https:\/\/pusuladernegi.org\/wp-content\/uploads\/IMG-20180620-WA0015.jpg\"><img loading=\"lazy\" decoding=\"async\" class=\"aligncenter size-thumbnail wp-image-16230\" src=\"https:\/\/pusuladernegi.org\/wp-content\/uploads\/IMG-20180620-WA0015-150x150.jpg\" alt=\"\" width=\"150\" height=\"150\" \/><\/a><\/td>\n<td width=\"124\"><img loading=\"lazy\" decoding=\"async\" class=\"aligncenter size-thumbnail wp-image-16231\" src=\"https:\/\/pusuladernegi.org\/wp-content\/uploads\/IMG-20180620-WA0034-150x150.jpg\" alt=\"\" width=\"150\" height=\"150\" \/><\/td>\n<\/tr>\n<tr>\n<td width=\"124\"><img loading=\"lazy\" decoding=\"async\" class=\"aligncenter size-thumbnail wp-image-16233\" src=\"https:\/\/pusuladernegi.org\/wp-content\/uploads\/IMG-20180620-WA0041-150x150.jpg\" alt=\"\" width=\"150\" height=\"150\" \/><\/td>\n<td width=\"124\"><a href=\"https:\/\/pusuladernegi.org\/wp-content\/uploads\/IMG-20180620-WA0035.jpg\"><img loading=\"lazy\" decoding=\"async\" class=\"aligncenter size-thumbnail wp-image-16232\" src=\"https:\/\/pusuladernegi.org\/wp-content\/uploads\/IMG-20180620-WA0035-150x150.jpg\" alt=\"\" width=\"150\" height=\"150\" \/><\/a><\/td>\n<td width=\"124\"><a href=\"https:\/\/pusuladernegi.org\/wp-content\/uploads\/IMG-20180620-WA0043.jpg\"><img loading=\"lazy\" decoding=\"async\" class=\"aligncenter size-thumbnail wp-image-16235\" src=\"https:\/\/pusuladernegi.org\/wp-content\/uploads\/IMG-20180620-WA0043-150x150.jpg\" alt=\"\" width=\"150\" height=\"150\" \/><\/a><\/td>\n<td width=\"124\"><img loading=\"lazy\" decoding=\"async\" class=\"aligncenter size-thumbnail wp-image-16234\" src=\"https:\/\/pusuladernegi.org\/wp-content\/uploads\/IMG-20180620-WA0042-150x150.jpg\" alt=\"\" width=\"150\" height=\"150\" \/><\/td>\n<td width=\"124\"><img loading=\"lazy\" decoding=\"async\" class=\"aligncenter size-thumbnail wp-image-16236\" src=\"https:\/\/pusuladernegi.org\/wp-content\/uploads\/IMG-20180620-WA0046-150x150.jpg\" alt=\"\" width=\"150\" height=\"150\" \/><\/td>\n<\/tr>\n<tr>\n<td width=\"124\"><a href=\"https:\/\/pusuladernegi.org\/wp-content\/uploads\/IMG-20180621-WA0025.jpg\"><img loading=\"lazy\" decoding=\"async\" class=\"aligncenter size-thumbnail wp-image-16239\" src=\"https:\/\/pusuladernegi.org\/wp-content\/uploads\/IMG-20180621-WA0025-150x150.jpg\" alt=\"\" width=\"150\" height=\"150\" \/><\/a><\/td>\n<td width=\"124\"><a href=\"https:\/\/pusuladernegi.org\/wp-content\/uploads\/IMG-20180621-WA0024.jpg\"><img loading=\"lazy\" decoding=\"async\" class=\"aligncenter size-thumbnail wp-image-16238\" src=\"https:\/\/pusuladernegi.org\/wp-content\/uploads\/IMG-20180621-WA0024-150x150.jpg\" alt=\"\" width=\"150\" height=\"150\" \/><\/a><\/td>\n<td width=\"124\"><a href=\"https:\/\/pusuladernegi.org\/wp-content\/uploads\/IMG-20180620-WA0048.jpg\"><img loading=\"lazy\" decoding=\"async\" class=\"aligncenter size-thumbnail wp-image-16237\" src=\"https:\/\/pusuladernegi.org\/wp-content\/uploads\/IMG-20180620-WA0048-150x150.jpg\" alt=\"\" width=\"150\" height=\"150\" \/><\/a><\/td>\n<td width=\"124\"><a href=\"https:\/\/pusuladernegi.org\/wp-content\/uploads\/IMG-20180621-WA0026.jpg\"><img loading=\"lazy\" decoding=\"async\" class=\"aligncenter size-thumbnail wp-image-16240\" src=\"https:\/\/pusuladernegi.org\/wp-content\/uploads\/IMG-20180621-WA0026-150x150.jpg\" alt=\"\" width=\"150\" height=\"150\" \/><\/a><\/td>\n<td width=\"124\"><img loading=\"lazy\" decoding=\"async\" class=\"aligncenter size-thumbnail wp-image-16241\" src=\"https:\/\/pusuladernegi.org\/wp-content\/uploads\/IMG-20180621-WA0027-150x150.jpg\" alt=\"\" width=\"150\" height=\"150\" \/><\/td>\n<\/tr>\n<tr>\n<td width=\"124\"><a href=\"https:\/\/pusuladernegi.org\/wp-content\/uploads\/IMG-20180622-WA0064.jpg\"><img loading=\"lazy\" decoding=\"async\" class=\"aligncenter size-thumbnail wp-image-16252\" src=\"https:\/\/pusuladernegi.org\/wp-content\/uploads\/IMG-20180622-WA0064-150x150.jpg\" alt=\"\" width=\"150\" height=\"150\" \/><\/a><\/td>\n<td width=\"124\"><img loading=\"lazy\" decoding=\"async\" class=\"aligncenter size-thumbnail wp-image-16251\" src=\"https:\/\/pusuladernegi.org\/wp-content\/uploads\/IMG-20180622-WA0063-150x150.jpg\" alt=\"\" width=\"150\" height=\"150\" \/><\/td>\n<td width=\"124\"><a href=\"https:\/\/pusuladernegi.org\/wp-content\/uploads\/IMG-20180622-WA0062.jpg\"><img loading=\"lazy\" decoding=\"async\" class=\"aligncenter size-thumbnail wp-image-16250\" src=\"https:\/\/pusuladernegi.org\/wp-content\/uploads\/IMG-20180622-WA0062-150x150.jpg\" alt=\"\" width=\"150\" height=\"150\" \/><\/a><\/td>\n<td width=\"124\"><a href=\"https:\/\/pusuladernegi.org\/wp-content\/uploads\/IMG-20180622-WA0061.jpg\"><img loading=\"lazy\" decoding=\"async\" class=\"aligncenter size-thumbnail wp-image-16249\" src=\"https:\/\/pusuladernegi.org\/wp-content\/uploads\/IMG-20180622-WA0061-150x150.jpg\" alt=\"\" width=\"150\" height=\"150\" \/><\/a><\/td>\n<td width=\"124\"><a href=\"https:\/\/pusuladernegi.org\/wp-content\/uploads\/IMG-20180622-WA0060.jpg\"><img loading=\"lazy\" decoding=\"async\" class=\"aligncenter size-thumbnail wp-image-16248\" src=\"https:\/\/pusuladernegi.org\/wp-content\/uploads\/IMG-20180622-WA0060-150x150.jpg\" alt=\"\" width=\"150\" height=\"150\" \/><\/a><\/td>\n<\/tr>\n<tr>\n<td width=\"124\"><a href=\"https:\/\/pusuladernegi.org\/wp-content\/uploads\/IMG-20180622-WA0056.jpg\"><img loading=\"lazy\" decoding=\"async\" class=\"aligncenter size-thumbnail wp-image-16247\" src=\"https:\/\/pusuladernegi.org\/wp-content\/uploads\/IMG-20180622-WA0056-150x150.jpg\" alt=\"\" width=\"150\" height=\"150\" \/><\/a><\/td>\n<td width=\"124\"><a href=\"https:\/\/pusuladernegi.org\/wp-content\/uploads\/IMG-20180622-WA0053.jpg\"><img loading=\"lazy\" decoding=\"async\" class=\"aligncenter size-thumbnail wp-image-16246\" src=\"https:\/\/pusuladernegi.org\/wp-content\/uploads\/IMG-20180622-WA0053-150x150.jpg\" alt=\"\" width=\"150\" height=\"150\" \/><\/a><\/td>\n<td width=\"124\"><a href=\"https:\/\/pusuladernegi.org\/wp-content\/uploads\/IMG-20180621-WA0032.jpg\"><img loading=\"lazy\" decoding=\"async\" class=\"aligncenter size-thumbnail wp-image-16245\" src=\"https:\/\/pusuladernegi.org\/wp-content\/uploads\/IMG-20180621-WA0032-150x150.jpg\" alt=\"\" width=\"150\" height=\"150\" \/><\/a><\/td>\n<td width=\"124\"><a href=\"https:\/\/pusuladernegi.org\/wp-content\/uploads\/IMG-20180621-WA0031.jpg\"><img loading=\"lazy\" decoding=\"async\" class=\"aligncenter size-thumbnail wp-image-16244\" src=\"https:\/\/pusuladernegi.org\/wp-content\/uploads\/IMG-20180621-WA0031-150x150.jpg\" alt=\"\" width=\"150\" height=\"150\" \/><\/a><\/td>\n<td width=\"124\"><a href=\"https:\/\/pusuladernegi.org\/wp-content\/uploads\/IMG-20180621-WA0029.jpg\"><img loading=\"lazy\" decoding=\"async\" class=\"aligncenter size-thumbnail wp-image-16243\" src=\"https:\/\/pusuladernegi.org\/wp-content\/uploads\/IMG-20180621-WA0029-150x150.jpg\" alt=\"\" width=\"150\" height=\"150\" \/><\/a><\/td>\n<\/tr>\n<tr>\n<td width=\"124\"><a href=\"https:\/\/pusuladernegi.org\/wp-content\/uploads\/IMG-20180621-WA0028.jpg\"><img loading=\"lazy\" decoding=\"async\" class=\"aligncenter size-thumbnail wp-image-16242\" src=\"https:\/\/pusuladernegi.org\/wp-content\/uploads\/IMG-20180621-WA0028-150x150.jpg\" alt=\"\" width=\"150\" height=\"150\" \/><\/a><\/td>\n<td width=\"124\"><a href=\"https:\/\/pusuladernegi.org\/wp-content\/uploads\/IMG-20180622-WA0065.jpg\"><img loading=\"lazy\" decoding=\"async\" class=\"aligncenter size-thumbnail wp-image-16253\" src=\"https:\/\/pusuladernegi.org\/wp-content\/uploads\/IMG-20180622-WA0065-150x150.jpg\" alt=\"\" width=\"150\" height=\"150\" \/><\/a><\/td>\n<td width=\"124\"><img loading=\"lazy\" decoding=\"async\" class=\"aligncenter size-thumbnail wp-image-16254\" src=\"https:\/\/pusuladernegi.org\/wp-content\/uploads\/IMG-20180622-WA0068-150x150.jpg\" alt=\"\" width=\"150\" height=\"150\" \/><\/td>\n<td width=\"124\"><img loading=\"lazy\" decoding=\"async\" class=\"aligncenter size-thumbnail wp-image-16255\" src=\"https:\/\/pusuladernegi.org\/wp-content\/uploads\/IMG-20180622-WA0069-150x150.jpg\" alt=\"\" width=\"150\" height=\"150\" \/><\/td>\n<td width=\"124\"><img loading=\"lazy\" decoding=\"async\" class=\"aligncenter size-thumbnail wp-image-16256\" src=\"https:\/\/pusuladernegi.org\/wp-content\/uploads\/IMG-20180622-WA0071-150x150.jpg\" alt=\"\" width=\"150\" height=\"150\" \/><\/td>\n<\/tr>\n<tr>\n<td width=\"124\"><a href=\"https:\/\/pusuladernegi.org\/wp-content\/uploads\/IMG-20180625-WA0053.jpg\"><img loading=\"lazy\" decoding=\"async\" class=\"aligncenter size-thumbnail wp-image-16261\" src=\"https:\/\/pusuladernegi.org\/wp-content\/uploads\/IMG-20180625-WA0053-150x150.jpg\" alt=\"\" width=\"150\" height=\"150\" \/><\/a><\/td>\n<td width=\"124\"><a href=\"https:\/\/pusuladernegi.org\/wp-content\/uploads\/IMG-20180625-WA0050.jpg\"><img loading=\"lazy\" decoding=\"async\" class=\"aligncenter size-thumbnail wp-image-16260\" src=\"https:\/\/pusuladernegi.org\/wp-content\/uploads\/IMG-20180625-WA0050-150x150.jpg\" alt=\"\" width=\"150\" height=\"150\" \/><\/a><\/td>\n<td width=\"124\"><a href=\"https:\/\/pusuladernegi.org\/wp-content\/uploads\/IMG-20180622-WA0085.jpg\"><img loading=\"lazy\" decoding=\"async\" class=\"aligncenter size-thumbnail wp-image-16259\" src=\"https:\/\/pusuladernegi.org\/wp-content\/uploads\/IMG-20180622-WA0085-150x150.jpg\" alt=\"\" width=\"150\" height=\"150\" \/><\/a><\/td>\n<td width=\"124\"><a href=\"https:\/\/pusuladernegi.org\/wp-content\/uploads\/IMG-20180622-WA0080.jpg\"><img loading=\"lazy\" decoding=\"async\" class=\"aligncenter size-thumbnail wp-image-16258\" src=\"https:\/\/pusuladernegi.org\/wp-content\/uploads\/IMG-20180622-WA0080-150x150.jpg\" alt=\"\" width=\"150\" height=\"150\" \/><\/a><\/td>\n<td width=\"124\"><a href=\"https:\/\/pusuladernegi.org\/wp-content\/uploads\/IMG-20180622-WA0079.jpg\"><img loading=\"lazy\" decoding=\"async\" class=\"aligncenter size-thumbnail wp-image-16257\" src=\"https:\/\/pusuladernegi.org\/wp-content\/uploads\/IMG-20180622-WA0079-150x150.jpg\" alt=\"\" width=\"150\" height=\"150\" \/><\/a><\/td>\n<\/tr>\n<tr>\n<td width=\"124\"><a href=\"https:\/\/pusuladernegi.org\/wp-content\/uploads\/IMG-20180625-WA0054.jpg\"><img loading=\"lazy\" decoding=\"async\" class=\"aligncenter size-thumbnail wp-image-16262\" src=\"https:\/\/pusuladernegi.org\/wp-content\/uploads\/IMG-20180625-WA0054-150x150.jpg\" alt=\"\" width=\"150\" height=\"150\" \/><\/a><\/td>\n<td width=\"124\"><img loading=\"lazy\" decoding=\"async\" class=\"aligncenter size-thumbnail wp-image-16263\" src=\"https:\/\/pusuladernegi.org\/wp-content\/uploads\/IMG-20180625-WA0055-150x150.jpg\" alt=\"\" width=\"150\" height=\"150\" \/><\/td>\n<td width=\"124\"><img loading=\"lazy\" decoding=\"async\" class=\"aligncenter size-thumbnail wp-image-16264\" src=\"https:\/\/pusuladernegi.org\/wp-content\/uploads\/IMG-20180625-WA0058-150x150.jpg\" alt=\"\" width=\"150\" height=\"150\" \/><\/td>\n<td width=\"124\"><img loading=\"lazy\" decoding=\"async\" class=\"aligncenter size-thumbnail wp-image-16265\" src=\"https:\/\/pusuladernegi.org\/wp-content\/uploads\/IMG-20180626-WA0032-150x150.jpg\" alt=\"\" width=\"150\" height=\"150\" \/><\/td>\n<td width=\"124\"><a href=\"https:\/\/pusuladernegi.org\/wp-content\/uploads\/IMG-20180626-WA0033.jpg\"><img loading=\"lazy\" decoding=\"async\" class=\"aligncenter size-thumbnail wp-image-16266\" src=\"https:\/\/pusuladernegi.org\/wp-content\/uploads\/IMG-20180626-WA0033-150x150.jpg\" alt=\"\" width=\"150\" height=\"150\" \/><\/a><\/td>\n<\/tr>\n<\/tbody>\n<\/table>\n","protected":false},"excerpt":{"rendered":"<p>Ders, Kul\u00fcp, Gezi, Yar\u0131\u015fma ve Etkinlik, Foto\u011fraflar-1 Ders, Kul\u00fcp, Gezi, Yar\u0131\u015fma ve Etkinlik, Foto\u011fraflar-2 Ders, Kul\u00fcp, Gezi, Yar\u0131\u015fma ve Etkinlik,<\/p>\n","protected":false},"author":1,"featured_media":0,"parent":16153,"menu_order":0,"comment_status":"closed","ping_status":"closed","template":"","meta":{"colormag_page_container_layout":"default_layout","colormag_page_sidebar_layout":"default_layout","footnotes":""},"class_list":["post-16167","page","type-page","status-publish","hentry"],"_links":{"self":[{"href":"https:\/\/pusuladernegi.org\/index.php?rest_route=\/wp\/v2\/pages\/16167"}],"collection":[{"href":"https:\/\/pusuladernegi.org\/index.php?rest_route=\/wp\/v2\/pages"}],"about":[{"href":"https:\/\/pusuladernegi.org\/index.php?rest_route=\/wp\/v2\/types\/page"}],"author":[{"embeddable":true,"href":"https:\/\/pusuladernegi.org\/index.php?rest_route=\/wp\/v2\/users\/1"}],"replies":[{"embeddable":true,"href":"https:\/\/pusuladernegi.org\/index.php?rest_route=%2Fwp%2Fv2%2Fcomments&post=16167"}],"version-history":[{"count":10,"href":"https:\/\/pusuladernegi.org\/index.php?rest_route=\/wp\/v2\/pages\/16167\/revisions"}],"predecessor-version":[{"id":18573,"href":"https:\/\/pusuladernegi.org\/index.php?rest_route=\/wp\/v2\/pages\/16167\/revisions\/18573"}],"up":[{"embeddable":true,"href":"https:\/\/pusuladernegi.org\/index.php?rest_route=\/wp\/v2\/pages\/16153"}],"wp:attachment":[{"href":"https:\/\/pusuladernegi.org\/index.php?rest_route=%2Fwp%2Fv2%2Fmedia&parent=16167"}],"curies":[{"name":"wp","href":"https:\/\/api.w.org\/{rel}","templated":true}]}}