{"id":1837,"date":"2012-07-20T15:58:58","date_gmt":"2012-07-20T15:58:58","guid":{"rendered":"http:\/\/pusuladernegi.org\/?page_id=1837"},"modified":"2025-04-13T15:47:30","modified_gmt":"2025-04-13T15:47:30","slug":"yanlissa-dogrusunu-sen-yaz","status":"publish","type":"page","link":"https:\/\/pusuladernegi.org\/?page_id=1837","title":{"rendered":"Yanl\u0131\u015fsa, Do\u011frusunu Sen Yaz! &#8211; Hz. Ebu Bekir (r.a)"},"content":{"rendered":"\n<p>A\u015fa\u011f\u0131da Hz. Ebu Bekir\u2019in (r.a) hayat\u0131 \u00f6zetlenerek anlat\u0131lm\u0131\u015ft\u0131r. Koyu renkli olarak yaz\u0131lan kelimeler do\u011fru ya da yanl\u0131\u015f olabilir. Do\u011fru ise a\u015fa\u011f\u0131daki tabloya do\u011fru, yanl\u0131\u015f ise do\u011frusunu yazabilirsiniz? <\/p>\n\n\n\n<p><strong>Hz. Ebu Bekir (r.a)<\/strong><\/p>\n\n\n\n<figure class=\"wp-block-table alignright is-style-regular\"><table style=\"border-width:4px\"><tbody><tr><td><\/td><td><strong>Yanl\u0131\u015fsa Do\u011frusunu<\/strong>  <strong>Sen Yaz!<\/strong> <\/td><\/tr><tr><td><strong>1. Mekke\u2019de<\/strong><\/td><td><\/td><\/tr><tr><td><strong>2. Abdu\u015f\u015fems<\/strong><\/td><td><\/td><\/tr><tr><td><strong>3. Abdullah<\/strong><\/td><td><\/td><\/tr><tr><td><strong>4. Hanif<\/strong><\/td><td><\/td><\/tr><tr><td><strong>5. Sanatla<\/strong><\/td><td><\/td><\/tr><tr><td><strong>6. Teymo\u011fullar\u0131<\/strong><\/td><td><\/td><\/tr><tr><td><strong>7. \u0130kinci<\/strong><\/td><td><\/td><\/tr><tr><td><strong>8. Kay\u0131nbabas\u0131d\u0131r<\/strong><\/td><td><\/td><\/tr><tr><td><strong>9.<\/strong> <strong>Esma<\/strong><\/td><td><\/td><\/tr><tr><td><strong>10. Peygamberin Veziri<\/strong><\/td><td><\/td><\/tr><\/tbody><\/table><\/figure>\n\n\n\n<p>Miladi 573 y\u0131l\u0131nda <strong>Mekke\u2019de<\/strong> do\u011fdu. As\u0131l ad\u0131 K\u00e2be\u2019nin kulu anlam\u0131na gelen <strong>Abdu\u015f\u015fems<\/strong> idi.&nbsp; \u0130slam\u2019la \u015fereflendikten sonra Peygamberimiz bu ismi <strong>Abdullah<\/strong> ile de\u011fi\u015ftirdi. \u0130slam Tarihinde Ebu Bekir ismiyle \u00fcnlendi. Ebu Bekir deve yavrusunun babas\u0131 anlam\u0131na geliyordu. Bilinen d\u00f6rt ayr\u0131 k\u00fcnyesi vard\u0131. Bunlardan en \u00e7ok kullan\u0131lan\u0131 S\u0131dd\u0131k idi. Bu k\u00fcnye, Hz. Peygamber&#8217;in bir gece Mekke&#8217;den Kud\u00fcs&#8217;e oradan Sidret\u00fc&#8217;l M\u00fcnteha&#8217;ya gitti\u011fi \u0130sra ve Mir\u00e2c h\u00e2disesini duyan m\u00fc\u015friklerin bunu Hz. Eb\u00fb Bekir&#8217;e yeti\u015ftirdikleri zaman; &#8220;O dediyse do\u011frudur.&#8221; demesi \u00fczerine verildi. S\u0131dd\u0131k; ihl\u00e2sl\u0131, asla yalan s\u00f6ylemeyen, \u00f6z\u00fc do\u011fru, itikad\u0131nda \u015f\u00fcphe olmayan anlam\u0131na gelir.<\/p>\n\n\n\n<p>Bunlardan ba\u015fka Cam-i\u2019ul Kur\u2019an ve El Atik k\u00fcnyeleri de kullan\u0131l\u0131rd\u0131. \u0130slam \u00d6ncesi <strong>Hanif<\/strong> dinine mensuptu ve putlara tapmaz, i\u00e7ki i\u00e7mezdi. G\u00fczel ahlak sahibiydi. Hz. Muhammed\u2019in yak\u0131n arkada\u015f\u0131yd\u0131. <strong>Sanatla<\/strong> u\u011fra\u015f\u0131rd\u0131. <strong>Teymo\u011fullar\u0131<\/strong> kabilesinden olup, babas\u0131n\u0131n ismi Ebu Kuhafe Osman, anas\u0131n\u0131n ismi \u00dcmm\u00fcl Hayr Selma\u2019d\u0131r. E\u015fi \u00dcmm\u00fc Ruman, \u00e7ocuklar\u0131, Esma, Ai\u015fe, Abdullah ve Abdurrahman\u2019d\u0131. <\/p>\n\n\n\n<p>Resulullah\u2019\u0131n \u0130slam\u2019a davetini hemen kabul etti. B\u00f6ylelikle \u0130slam\u2019\u0131 kabul eden <strong>ikinci<\/strong> ak\u0131l bali\u011f erkek oldu. <\/p>\n\n\n\n<p>Hz. Ebu Bekir ayn\u0131 zamanda Peygamberimizin <strong>kay\u0131nbabas\u0131d\u0131r<\/strong>. K\u0131z\u0131 <strong>Hz. Esma<\/strong> peygamberimizin han\u0131m\u0131d\u0131r. Mekke\u2019de ni\u015fanlanm\u0131\u015f, Medine\u2019de ise d\u00fc\u011f\u00fcnleri olmu\u015ftur.<\/p>\n\n\n\n<p>Hz. Ebu Bekir, b\u00f6lgeyi ve kabilelerin \u015feceresini \u00e7ok iyi bilirdi. Resulullah ile birlikte tebli\u011f \u00e7al\u0131\u015fmalar\u0131nda bulunmu\u015f ve bir\u00e7ok ki\u015finin \u0130slam\u2019la \u015fereflenmesine vesile olmu\u015ftu. <\/p>\n\n\n\n<p>Hayat\u0131 boyunca peygamber efendimizden ayr\u0131lmam\u0131\u015ft\u0131r. A\u015fere-i m\u00fcbe\u015f\u015ferenin ilkidir. Umum\u00ee ve husus\u00ee olan \u00f6nemli i\u015flerde ashab\u0131yla m\u00fc\u015favere eden Peygamber (s.a.v) baz\u0131 hususlarda \u00f6zellikle Eb\u00fb Bekir&#8217;e dan\u0131\u015f\u0131rd\u0131. Araplar O\u2019na \u201c<strong>Peygamberin Veziri<\/strong>\u201d derlerdi.<\/p>\n\n\n\n<p>Zengindi. Bu zenginli\u011fini Allah yolunda kulland\u0131. Mekke\u2019de k\u00f6leleri sat\u0131n al\u0131p azad etti. Bilal, Habbab, L\u00fcbeyne, Ebu Fukayhe, Amir, Zinnure, Nahdiye, Umul Ubeys bunlardand\u0131r.<\/p>\n\n\n\n<p>Mekke\u2019de M\u00fc\u015frikler taraf\u0131ndan bir\u00e7ok eziyet ve y\u0131ld\u0131rma hareketlerine maruz kald\u0131. Mescid-i Haram\u2019da M\u00fc\u015frikler taraf\u0131ndan feci halde d\u00f6v\u00fcld\u00fc. Bu sald\u0131r\u0131 sonras\u0131nda uzun s\u00fcre bayg\u0131n yatt\u0131. <\/p>\n\n\n\n<p>Resulullah ile beraber Medine\u2019ye Hicret etti. Ras\u00fblullah bu s\u0131rada Kur&#8217;\u00e2n&#8217;da anlat\u0131ld\u0131\u011f\u0131 bi\u00e7imde s\u00f6yle diyordu: &#8220;\u00dcz\u00fclme, Allah bizimledir&#8221; (et-Tevbe, 104\/40). <\/p>\n\n\n\n<p>Medine\u2019de Ensar ile muhacirin karde\u015f edilmesinde O\u2019da <strong>Zeyd b Desinne<\/strong> ile karde\u015f oldu.<\/p>\n\n\n\n<figure class=\"wp-block-table alignleft is-style-stripes\"><table><tbody><tr><td><\/td><td><strong>Yanl\u0131\u015fsa Do\u011frusunu<\/strong>  <strong>Sen Yaz!<\/strong>  <\/td><\/tr><tr><td><strong>11. Zeyd b. Desinne<\/strong>  <\/td><td><\/td><\/tr><tr><td><strong>12. Mute<\/strong> <\/td><td><\/td><\/tr><tr><td><strong>13. Pazartesi<\/strong> <\/td><td><\/td><\/tr><tr><td><strong>14. Hz. \u00d6mer\u2019i<\/strong> <\/td><td><\/td><\/tr><tr><td><strong>15.<\/strong> <strong>Tevbe 44<\/strong> <\/td><td><\/td><\/tr><tr><td><strong>16. Mescidi Nebevide<\/strong> <\/td><td><\/td><\/tr><tr><td><strong>17. Hz. Ai\u015fe\u2019nin<\/strong> <\/td><td><\/td><\/tr><tr><td><strong>18. Ens\u00e2r<\/strong> <\/td><td><\/td><\/tr><tr><td><strong>19.<\/strong> <strong>Evs<\/strong> <\/td><td><\/td><\/tr><tr><td><strong>20.<\/strong> <strong>Sa&#8217;d b. Ub\u00e2de&#8217;yi<\/strong> <\/td><td><\/td><\/tr><tr><td><strong>21.<\/strong> <strong>Vah\u015fi<\/strong> <\/td><td><\/td><\/tr><\/tbody><\/table><\/figure>\n\n\n\n<p><strong>Mute<\/strong> seferinde ordunun donat\u0131lmas\u0131 amac\u0131yla mal\u0131n\u0131n tamam\u0131n\u0131 Allah i\u00e7in harcad\u0131: <\/p>\n\n\n\n<p>\u2014Geriye ne b\u0131rakt\u0131n diyenlere \u201cAllah ve Resul\u00fcn\u00fc\u201d cevab\u0131n\u0131 verdi. <\/p>\n\n\n\n<p>Hicr\u00ee onbirinci y\u0131lda hastalanan Ras\u00fblullah (s.a.s.) 13 Rebiy\u00fclevvel <strong>Pazartesi<\/strong> g\u00fcn\u00fc (8 Haziran 632) vefat etti. Onun vefat\u0131n\u0131 duyan M\u00fcsl\u00fcmanlar b\u00fcy\u00fck bir \u00fcz\u00fcnt\u00fcye kap\u0131ld\u0131lar ve ilk anda ne yapmalar\u0131 gerekti\u011fine karar veremediler. Hz. Ebu Bekir b\u00fcy\u00fck bir so\u011fukkanl\u0131l\u0131kla halk\u0131 ve \u00f6zelliklede <strong>Hz. \u00d6mer\u2019i <\/strong>yat\u0131\u015ft\u0131rd\u0131. <strong>Tevbe Suresi 44. <\/strong>ayeti okudu: &#8220;Muhammed sadece bir el\u00e7idir. Ondan \u00f6nce de peygamberler gelip ge\u00e7mi\u015ftir. Simdi o \u00f6l\u00fcr veya \u00f6ld\u00fcr\u00fcl\u00fcrse siz \u00f6k\u00e7elerinizin \u00fczerinde geriye mi d\u00f6neceksiniz? Kim \u00f6k\u00e7esi \u00fczerinde geriye d\u00f6nerse Allah&#8217;a hi\u00e7bir ziyan veremez. Allah \u015f\u00fckredenleri m\u00fck\u00e2fatland\u0131racakt\u0131r.&#8221; <\/p>\n\n\n\n<p>Sonras\u0131nda Peygamberimizin nereye defnedilece\u011fi konusunda ihtilaf \u00e7\u0131kt\u0131. Yine Hz. Ebu Bekir peygamberimizden gelen &#8220;Her peygamber \u00f6ld\u00fc\u011f\u00fc yere defnedilir&#8221; hadisini ashaba hat\u0131rlatarak bu ihtil\u00e2f\u0131 giderdi. Peygamberimiz <strong>Mescidi Nebevide<\/strong> bulunan <strong>Hz. Ai\u015fe\u2019nin<\/strong> odas\u0131na defnedildi.<\/p>\n\n\n\n<p>Hz. Eb\u00fb Bekir bu konu\u015fmas\u0131yla orada bulunanlar\u0131 teskin ettikten sonra Ras\u00fblullah&#8217;\u0131n te\u00e7hiziyle u\u011fra\u015f\u0131rken, <strong>Ens\u00e2r<\/strong>, Ben\u00fb S\u00e2ide sakifesinde toplanarak <strong>Evs&#8217;in<\/strong> reisi olan <strong>Sa&#8217;d b. Ub\u00e2de&#8217;yi<\/strong> Ras\u00fblullah&#8217;tan sonra halife tayini i\u00e7in bir araya gelmi\u015flerdir. Eb\u00fb Bekir, Hz. \u00d6mer, Eb\u00fb Ubeyde (Ubeyde b. Cerrah)&nbsp; ve Muhacirlerden bir grup hemen Ben\u00fb Sa\u00eede&#8217;ye gittiler. Orada Ens\u00e2r ile konu\u015fulduktan ve hil\u00e2fet hakk\u0131nda \u00e7e\u015fitli m\u00fczakereler yap\u0131ld\u0131ktan sonra Hz. Eb\u00fb Bekir, \u00d6mer ile Eb\u00fb Ubeyde&#8217;nin ortas\u0131nda durdu ve her ikisinin ellerinden tutarak ikisinden birine bey&#8217;at edilmesini istedi. O, kendisini halife olarak \u00f6ne s\u00fcrmedi. Hz. Eb\u00fb Bekir&#8217;in konu\u015fmas\u0131ndan sonra <\/p>\n\n\n\n<p>Hz. \u00d6mer at\u0131larak hemen Eb\u00fb Bekir&#8217;e bey&#8217;at etti ve &#8220;Ey Eb\u00fb Bekir, M\u00fcsl\u00fcmanlara sen Ras\u00fblullah&#8217;\u0131n emriyle namaz k\u0131ld\u0131rd\u0131n. Sen onun halifesisin ve biz sana bey&#8217;at ediyoruz. <\/p>\n\n\n\n<p>Ras\u00fblullah&#8217;a hepimizden daha sevgili olan sana bey&#8217;at ediyoruz&#8221; dedi. Hz. \u00d6mer&#8217;in bu an\u00ee davran\u0131\u015f\u0131 ile orada bulunanlar\u0131n hepsi Eb\u00fb Bekir&#8217;e bey&#8217;at ettiler. Bu \u00f6zel bey&#8217;attan sonra ertesi g\u00fcn Mescid-i Nebi\u2019de Hz. Eb\u00fb Bekir b\u00fct\u00fcn halka hutbe okudu ve resmen ona bey&#8217;at edildi. <\/p>\n\n\n\n<p>Hz. Eb\u00fb Bekir Mescid&#8217;de yapt\u0131\u011f\u0131 konu\u015fmada, &#8220;Sizin en hay\u0131rl\u0131n\u0131z de\u011filim, ama ba\u015f\u0131n\u0131za ge\u00e7tim; g\u00f6revimi hakk\u0131yla yaparsam bana yard\u0131m ediniz, yan\u0131l\u0131rsam do\u011fru yolu g\u00f6steriniz; ben Allah ve Ras\u00fbl\u00fc&#8217;ne itaat etti\u011fim m\u00fcddet\u00e7e siz de bana itaat ediniz, ben isyan edersem itaatiniz gerekmez&#8230;&#8221; diyerek \u00fcmmete tarihi, veciz bir nasihatte bulundu.<\/p>\n\n\n\n<p>Hz. Ebu Bekir, Beni Saide\u2019de biat edilip ve Mescidi nebevide ilk tarihi veciz hutbesini verdikten sonra Medine sokaklar\u0131nda tellallar dola\u015ft\u0131rarak hilafet makam\u0131n\u0131 isteyen varsa kendisine tevdi edebilece\u011fini ilan ettirdi.<\/p>\n\n\n\n<p>Hz. Ali ve yak\u0131n\u0131ndaki birka\u00e7 sahabe Halife se\u00e7iminin aceleye getirildi\u011fini se\u00e7im s\u00fcrecinde kendilerinin yer almad\u0131\u011f\u0131n\u0131 ve kendilerine dan\u0131\u015f\u0131lmad\u0131\u011f\u0131 gerek\u00e7esiyle ge\u00e7ici bir darg\u0131nl\u0131k g\u00f6n\u00fcl k\u0131r\u0131kl\u0131\u011f\u0131 olmu\u015fsa da sonras\u0131nda hepsi Hz. Ebu Bekir\u2019e biat etmi\u015ftir.<\/p>\n\n\n\n<p>Peygamberin \u00f6l\u00fcm\u00fcn\u00fc f\u0131rsat bilen gerek \u0130slam\u2019\u0131n g\u00fcc\u00fc kar\u015f\u0131s\u0131nda boyun e\u011fmek zorunda kalan topluluklar, gerekse \u0130slam\u0131 i\u00e7selle\u015ftiremeyenler, tam manas\u0131yla kavrayamayanlar de\u011fi\u015fik vesilelerle huzursuzluk \u00e7\u0131kard\u0131lar. Bir k\u0131sm\u0131 dinden irtidat ederken, bir k\u0131sm\u0131 yalanc\u0131 peygamberlere inand\u0131, bir k\u0131sm\u0131 ise \u0130slam\u2019\u0131n temel esaslar\u0131ndan Zek\u00e2t\u0131 vermeye yana\u015fmad\u0131. <\/p>\n\n\n\n<p>Resulullah vefat ederken Usame b. Zeyd\u2019i \u0130slam ordusu ba\u015fkomutanl\u0131\u011f\u0131na atam\u0131\u015f ve Sefere \u00e7\u0131kmalar\u0131n\u0131 emretmi\u015fti. Ancak ordu sefere \u00e7\u0131kamadan \u015fehrin d\u0131\u015f\u0131nda bir b\u00f6lge iken Resulullah\u2019\u0131n vefat haberi geldi. Usame isti\u015farede bulunmak \u00fczere Hz. Ebu Bekir\u2019in yan\u0131na geldi. Usame\u2019nin gen\u00e7 olu\u015fu baz\u0131 kimseleri rahats\u0131z etmi\u015f liyakatin ya\u015f ile ilgili oldu\u011fu zann\u0131na kap\u0131lm\u0131\u015flard\u0131. Bu sebeple Usame\u2019nin g\u00f6revden al\u0131nmas\u0131n\u0131 istemi\u015flerdi. Ancak Ebu Bekir Resulullah\u2019\u0131n atad\u0131\u011f\u0131 komutan\u0131 ben nas\u0131l g\u00f6revden alabilirim diyerek hem Resulullah\u2019a ba\u011fl\u0131l\u0131\u011f\u0131n\u0131 hem de liyakatin ya\u015f ile ilgi olmad\u0131\u011f\u0131n\u0131 tekrar ortaya koymu\u015ftu. <\/p>\n\n\n\n<p>Sonunda Usame ordusunu ikna etmek ve yolcu etmek \u00fczere Hz. Ebu Bekir, Usame ile birlikte ordunun bulundu\u011fu b\u00f6lgeye gitti. Usame at\u0131n \u00fczerinde Hz. Ebu Bekir ise yaya idi. Ordug\u00e2ha yakla\u015ft\u0131klar\u0131nda Usame attan inmek ve yerine Hz. Ebu Bekir\u2019i bindirmek istemi\u015fse de Hz. Ebu Bekir bunu kabul etmedi.<\/p>\n\n\n\n<p>Hz. Ebu Bekir yalanc\u0131 peygamberlerden M\u00fcseylemenin \u00fczerine ordu g\u00f6nderdi. B\u00fcy\u00fck bir sava\u015f oldu. Bir rivayete g\u00f6re m\u00fcseyleme <strong>Vah\u015fi<\/strong> taraf\u0131ndan \u00f6ld\u00fcr\u00fcld\u00fc. B\u00f6ylelikle fitnenin \u00f6n\u00fc al\u0131nm\u0131\u015f oldu.<\/p>\n\n\n\n<p>Zek\u00e2t vermek istemeyenlere sava\u015f ilan eden Hz. Ebu Bekir\u2019e, Hz. \u00d6mer itiraz etmi\u015f ve bizler La ilahe illallah deyinceye kadar sava\u015fmakla emrolunduk diyerek sava\u015fa kar\u015f\u0131 \u00e7\u0131km\u0131\u015ft\u0131. Ancak Hz. Ebu Bekir\u2019in kararl\u0131l\u0131\u011f\u0131 kar\u015f\u0131s\u0131nda karar\u0131ndan vazge\u00e7mi\u015f ve Hz. Ebu Bekir\u2019in karar\u0131n\u0131n isabetli oldu\u011fun kabul etmi\u015fti.<\/p>\n\n\n\n<figure class=\"wp-block-table alignright is-style-stripes\"><table><tbody><tr><td><\/td><td><strong>Yanl\u0131\u015fsa Do\u011frusunu <\/strong> <strong>Sen Yaz!<\/strong> <\/td><\/tr><tr><td><strong>22.<\/strong> <strong>Zeyd b. Sabit<\/strong> <\/td><td><\/td><\/tr><tr><td><strong>23.<\/strong> <strong>Hz. Ali<\/strong> <\/td><td><\/td><\/tr><tr><td><strong>24. Cam-i\u2019ul Kur\u2019an<\/strong> <\/td><td><\/td><\/tr><tr><td><strong>25. 634<\/strong> <\/td><td><\/td><\/tr><tr><td><strong>26.<\/strong> <strong>Allah\u2019\u0131n Halifesi<\/strong> <\/td><td><\/td><\/tr><tr><td><strong>27.<\/strong> <strong>Emir\u00fcl M\u00fc\u2019minin<\/strong> <\/td><td><\/td><\/tr><\/tbody><\/table><\/figure>\n\n\n\n<p>Bu sava\u015flarda vahiy k\u00e2tiplerinin \u00f6nemli bir k\u0131sm\u0131 \u015fehid d\u00fc\u015fm\u00fc\u015ft\u00fc. Bu olay M\u00fcsl\u00fcmanlar\u0131 tela\u015fland\u0131rd\u0131. Hz. \u00d6mer Hz. Ebu Bekir\u2019e Kuran\u0131n unutulmas\u0131 tehlikesine kar\u015f\u0131, toplat\u0131lmas\u0131 gerekti\u011fi konusunda ikna etti ve Kur\u2019an toplat\u0131ld\u0131. Hz. Eb\u00fb Bekir, <strong>Zeyd b. Sabit\u2019in<\/strong> ba\u015fkanl\u0131\u011f\u0131nda bir heyet te\u015fkil etti. B\u00f6ylece b\u00fct\u00fcn ayetler topland\u0131 ve &#8220;Mushaf&#8221; meydana getirildi. Bu Mushaf Eb\u00fb Bekir&#8217;den \u00d6mer&#8217;e, ondan da k\u0131z\u0131 Hafsa&#8217;ya ge\u00e7ti ve <strong>Hz. Ali<\/strong> zaman\u0131nda \u00e7o\u011falt\u0131larak D\u00e2r\u00fc&#8217;l-\u0130slam\u2019\u0131n b\u00fct\u00fcn vil\u00e2yetlerine da\u011f\u0131t\u0131ld\u0131. Kuran\u0131 toplatma \u015ferefine nail olan Hz. Ebu Bekir daha sonra <strong>\u201cCam-i\u2019ul Kur\u2019an\u201d<\/strong> diye de an\u0131lacakt\u0131. <\/p>\n\n\n\n<p>8 Haziran 632 tarihinde Hilafet makam\u0131na gelen Hz. Ebu Bekir <strong>634<\/strong> y\u0131l\u0131nda vefat etti. 2 y\u0131l 3 ay hilafet makam\u0131nda kald\u0131. <\/p>\n\n\n\n<p>Vefat ederken Hz. \u00d6mer\u2019i halife olarak atad\u0131. <\/p>\n\n\n\n<p>Ailesine vasiyetinde mal\u0131n\u0131n bir k\u0131sm\u0131n\u0131n sat\u0131larak Hilafeti s\u00fcresince Beyt\u2019\u00fcl Mal\u2019den ald\u0131\u011f\u0131 maa\u015f\u0131n tamam\u0131n\u0131n geri \u00f6denmesini istemi\u015ftir.<\/p>\n\n\n\n<p>Hz. Ebu Bekir, k\u0131z\u0131 Hz. Ai\u015feden vefat etti\u011finde Resulullah\u2019\u0131n yan\u0131na defnedilme iste\u011finde bulunmu\u015f, bu iste\u011fi Hz. Ai\u015fe taraf\u0131ndan kabul g\u00f6rerek, Peygamber efendimizin yan\u0131na defnedilmi\u015fti. &nbsp;&nbsp;&nbsp;<\/p>\n\n\n\n<p>&nbsp;Hz. Ebu Bekir\u2019e unvan olarak <strong>Allah\u2019\u0131n Halifesi<\/strong> denilmi\u015ftir. Hz. \u00d6mer\u2019e ise ilk d\u00f6nemde \u201cHalifet\u00fcl halifet\u00fcl Rasulullah\u201d&nbsp; denmesine ra\u011fmen sonra bu unvan uzun oldu\u011fundan M\u00fcminlerin Emiri manas\u0131nda <strong>\u201cEmir\u00fcl M\u00fc\u2019minin\u201d<\/strong> unvan\u0131 kullan\u0131lmaya ba\u015flanm\u0131\u015ft\u0131.<\/p>\n\n\n\n<p><a href=\"https:\/\/pusuladernegi.org\/wp-content\/uploads\/hz_ebu_bekir_dogrusunu_sen_bil_soru.htm\"><strong>PDF format\u0131nda indirmek i\u00e7in t\u0131klay\u0131n\u0131z&#8230;<\/strong><\/a><\/p>\n\n\n\n<p><strong>Cevaplar i\u00e7in t\u0131klay\u0131n\u0131z&#8230;<\/strong><\/p>\n","protected":false},"excerpt":{"rendered":"<p>A\u015fa\u011f\u0131da Hz. Ebu Bekir\u2019in (r.a) hayat\u0131 \u00f6zetlenerek anlat\u0131lm\u0131\u015ft\u0131r. Koyu renkli olarak yaz\u0131lan kelimeler do\u011fru ya da yanl\u0131\u015f olabilir. Do\u011fru ise<\/p>\n","protected":false},"author":1,"featured_media":0,"parent":1827,"menu_order":0,"comment_status":"open","ping_status":"open","template":"","meta":{"colormag_page_container_layout":"no_sidebar_full_width","colormag_page_sidebar_layout":"no_sidebar","footnotes":""},"class_list":["post-1837","page","type-page","status-publish","hentry"],"_links":{"self":[{"href":"https:\/\/pusuladernegi.org\/index.php?rest_route=\/wp\/v2\/pages\/1837"}],"collection":[{"href":"https:\/\/pusuladernegi.org\/index.php?rest_route=\/wp\/v2\/pages"}],"about":[{"href":"https:\/\/pusuladernegi.org\/index.php?rest_route=\/wp\/v2\/types\/page"}],"author":[{"embeddable":true,"href":"https:\/\/pusuladernegi.org\/index.php?rest_route=\/wp\/v2\/users\/1"}],"replies":[{"embeddable":true,"href":"https:\/\/pusuladernegi.org\/index.php?rest_route=%2Fwp%2Fv2%2Fcomments&post=1837"}],"version-history":[{"count":14,"href":"https:\/\/pusuladernegi.org\/index.php?rest_route=\/wp\/v2\/pages\/1837\/revisions"}],"predecessor-version":[{"id":39996,"href":"https:\/\/pusuladernegi.org\/index.php?rest_route=\/wp\/v2\/pages\/1837\/revisions\/39996"}],"up":[{"embeddable":true,"href":"https:\/\/pusuladernegi.org\/index.php?rest_route=\/wp\/v2\/pages\/1827"}],"wp:attachment":[{"href":"https:\/\/pusuladernegi.org\/index.php?rest_route=%2Fwp%2Fv2%2Fmedia&parent=1837"}],"curies":[{"name":"wp","href":"https:\/\/api.w.org\/{rel}","templated":true}]}}