{"id":2527,"date":"2012-10-12T06:29:13","date_gmt":"2012-10-12T06:29:13","guid":{"rendered":"http:\/\/pusuladernegi.org\/?page_id=2527"},"modified":"2021-04-22T12:11:38","modified_gmt":"2021-04-22T12:11:38","slug":"evde-okumalar","status":"publish","type":"page","link":"https:\/\/pusuladernegi.org\/?page_id=2527","title":{"rendered":"Ev Okulu Okuma Guruplar\u0131"},"content":{"rendered":"\n<p>\n\nEv Okulu Okuma Guruplar\u0131 ilk kez 2012 senesinde&nbsp;i\u00e7e d\u00f6n\u00fck olarak 3 gurupla ba\u015flad\u0131. Ancak 2 sene uyguland\u0131. Daha sonra ev okulu uygulamas\u0131ndan vazge\u00e7ildi.\n\n<\/p>\n\n\n\n<table class=\"wp-block-table is-style-stripes\"><tbody><tr><td><a href=\"https:\/\/pusuladernegi.org\/?page_id=2683\"><strong>EV OKULU OKUMA GURUPLARI <\/strong><\/a><br \/><a href=\"https:\/\/pusuladernegi.org\/?page_id=2683\"><strong>HAKKINDA B\u0130LMEK \u0130STED\u0130KLER\u0130N\u0130Z<\/strong><\/a><br \/> <a href=\"https:\/\/pusuladernegi.org\/?page_id=2683\"><strong>(Neden Ev Okumalar\u0131, <\/strong><\/a><br \/><a href=\"https:\/\/pusuladernegi.org\/?page_id=2683\"><strong>Ad\u0131m Ad\u0131m Ev Okulu, <\/strong><\/a><br \/><a href=\"https:\/\/pusuladernegi.org\/?page_id=2683\"><strong>Program\u0131n Haftal\u0131k \u0130\u015fleyi\u015fi)<\/strong><\/a> <\/td><td>2013-2014<br \/> <a href=\"https:\/\/pusuladernegi.org\/?page_id=6618\">1. Ders program\u0131<\/a><br \/> <a href=\"https:\/\/pusuladernegi.org\/?page_id=6622\">2. Etkinlik Foto\u011fraflar\u0131<\/a><br \/> <a href=\"https:\/\/pusuladernegi.org\/?page_id=6625\">3. \u00d6\u011frenci Yaz\u0131 ve Resimleri<\/a><br \/> <a href=\"https:\/\/pusuladernegi.org\/?page_id=6627\">4. \u00d6\u011frencilerimiz<\/a> <\/td><td>2012-2013<br \/> <a href=\"https:\/\/pusuladernegi.org\/?page_id=2689\">1. Ders program\u0131<\/a><br \/> <a href=\"https:\/\/pusuladernegi.org\/?page_id=2692\">2. Etkinlik Foto\u011fraflar\u0131<\/a><br \/> <a href=\"https:\/\/pusuladernegi.org\/?page_id=2687\">3. \u00d6\u011frenci Yaz\u0131 ve Resimleri<\/a><br \/> <a href=\"https:\/\/pusuladernegi.org\/?page_id=2685\">4. \u00d6\u011frencilerimiz<\/a> <\/td><\/tr><\/tbody><\/table>\n","protected":false},"excerpt":{"rendered":"<p>Ev Okulu Okuma Guruplar\u0131 ilk kez 2012 senesinde&nbsp;i\u00e7e d\u00f6n\u00fck olarak 3 gurupla ba\u015flad\u0131. Ancak 2 sene uyguland\u0131. Daha sonra ev<\/p>\n","protected":false},"author":1,"featured_media":0,"parent":22,"menu_order":2,"comment_status":"open","ping_status":"open","template":"","meta":{"colormag_page_container_layout":"no_sidebar_full_width","colormag_page_sidebar_layout":"no_sidebar","footnotes":""},"class_list":["post-2527","page","type-page","status-publish","hentry"],"_links":{"self":[{"href":"https:\/\/pusuladernegi.org\/index.php?rest_route=\/wp\/v2\/pages\/2527"}],"collection":[{"href":"https:\/\/pusuladernegi.org\/index.php?rest_route=\/wp\/v2\/pages"}],"about":[{"href":"https:\/\/pusuladernegi.org\/index.php?rest_route=\/wp\/v2\/types\/page"}],"author":[{"embeddable":true,"href":"https:\/\/pusuladernegi.org\/index.php?rest_route=\/wp\/v2\/users\/1"}],"replies":[{"embeddable":true,"href":"https:\/\/pusuladernegi.org\/index.php?rest_route=%2Fwp%2Fv2%2Fcomments&post=2527"}],"version-history":[{"count":17,"href":"https:\/\/pusuladernegi.org\/index.php?rest_route=\/wp\/v2\/pages\/2527\/revisions"}],"predecessor-version":[{"id":18450,"href":"https:\/\/pusuladernegi.org\/index.php?rest_route=\/wp\/v2\/pages\/2527\/revisions\/18450"}],"up":[{"embeddable":true,"href":"https:\/\/pusuladernegi.org\/index.php?rest_route=\/wp\/v2\/pages\/22"}],"wp:attachment":[{"href":"https:\/\/pusuladernegi.org\/index.php?rest_route=%2Fwp%2Fv2%2Fmedia&parent=2527"}],"curies":[{"name":"wp","href":"https:\/\/api.w.org\/{rel}","templated":true}]}}