{"id":3082,"date":"2012-12-08T09:33:21","date_gmt":"2012-12-08T09:33:21","guid":{"rendered":"http:\/\/pusuladernegi.org\/?page_id=3082"},"modified":"2013-11-06T13:01:13","modified_gmt":"2013-11-06T13:01:13","slug":"hacc","status":"publish","type":"page","link":"https:\/\/pusuladernegi.org\/?page_id=3082","title":{"rendered":"Hacc"},"content":{"rendered":"<figure id=\"attachment_3664\" aria-describedby=\"caption-attachment-3664\" style=\"width: 150px\" class=\"wp-caption alignleft\"><a href=\"https:\/\/pusuladernegi.org\/wp-content\/uploads\/hac-s\u00f6zl\u00fc\u011f\u00fc.jpg\"><img loading=\"lazy\" decoding=\"async\" class=\"size-thumbnail wp-image-3664\" title=\"hac s\u00f6zl\u00fc\u011f\u00fc\" src=\"https:\/\/pusuladernegi.org\/wp-content\/uploads\/hac-s\u00f6zl\u00fc\u011f\u00fc-150x150.jpg\" alt=\"\" width=\"150\" height=\"150\" \/><\/a><figcaption id=\"caption-attachment-3664\" class=\"wp-caption-text\">hac s\u00f6zl\u00fc\u011f\u00fc<\/figcaption><\/figure>\n<div class=\"mceTemp\">\n<figure id=\"attachment_3665\" aria-describedby=\"caption-attachment-3665\" style=\"width: 150px\" class=\"wp-caption alignleft\"><a href=\"https:\/\/pusuladernegi.org\/wp-content\/uploads\/kabe-bulmaca.jpg\"><img loading=\"lazy\" decoding=\"async\" class=\"size-thumbnail wp-image-3665\" title=\"kabe bulmaca\" src=\"https:\/\/pusuladernegi.org\/wp-content\/uploads\/kabe-bulmaca-150x150.jpg\" alt=\"\" width=\"150\" height=\"150\" \/><\/a><figcaption id=\"caption-attachment-3665\" class=\"wp-caption-text\">kabe bulmaca<\/figcaption><\/figure>\n<div class=\"mceTemp\">\n<figure id=\"attachment_3666\" aria-describedby=\"caption-attachment-3666\" style=\"width: 150px\" class=\"wp-caption alignleft\"><a href=\"https:\/\/pusuladernegi.org\/wp-content\/uploads\/kabenin-b\u00f6l\u00fcmlerini-\u00f6\u011freniyoruz.jpg\"><img loading=\"lazy\" decoding=\"async\" class=\"size-thumbnail wp-image-3666\" title=\"kabenin b\u00f6l\u00fcmlerini \u00f6\u011freniyoruz\" src=\"https:\/\/pusuladernegi.org\/wp-content\/uploads\/kabenin-b\u00f6l\u00fcmlerini-\u00f6\u011freniyoruz-150x150.jpg\" alt=\"\" width=\"150\" height=\"150\" \/><\/a><figcaption id=\"caption-attachment-3666\" class=\"wp-caption-text\">kabenin b\u00f6l\u00fcmlerini \u00f6\u011freniyoruz<\/figcaption><\/figure>\n<\/div>\n<\/div>\n","protected":false},"excerpt":{"rendered":"","protected":false},"author":1,"featured_media":0,"parent":6982,"menu_order":0,"comment_status":"open","ping_status":"closed","template":"template-twocolumnsright.php","meta":{"colormag_page_container_layout":"default_layout","colormag_page_sidebar_layout":"default_layout","footnotes":""},"class_list":["post-3082","page","type-page","status-publish","hentry"],"_links":{"self":[{"href":"https:\/\/pusuladernegi.org\/index.php?rest_route=\/wp\/v2\/pages\/3082"}],"collection":[{"href":"https:\/\/pusuladernegi.org\/index.php?rest_route=\/wp\/v2\/pages"}],"about":[{"href":"https:\/\/pusuladernegi.org\/index.php?rest_route=\/wp\/v2\/types\/page"}],"author":[{"embeddable":true,"href":"https:\/\/pusuladernegi.org\/index.php?rest_route=\/wp\/v2\/users\/1"}],"replies":[{"embeddable":true,"href":"https:\/\/pusuladernegi.org\/index.php?rest_route=%2Fwp%2Fv2%2Fcomments&post=3082"}],"version-history":[{"count":4,"href":"https:\/\/pusuladernegi.org\/index.php?rest_route=\/wp\/v2\/pages\/3082\/revisions"}],"predecessor-version":[{"id":3668,"href":"https:\/\/pusuladernegi.org\/index.php?rest_route=\/wp\/v2\/pages\/3082\/revisions\/3668"}],"up":[{"embeddable":true,"href":"https:\/\/pusuladernegi.org\/index.php?rest_route=\/wp\/v2\/pages\/6982"}],"wp:attachment":[{"href":"https:\/\/pusuladernegi.org\/index.php?rest_route=%2Fwp%2Fv2%2Fmedia&parent=3082"}],"curies":[{"name":"wp","href":"https:\/\/api.w.org\/{rel}","templated":true}]}}