{"id":404,"date":"2012-05-18T09:02:20","date_gmt":"2012-05-18T09:02:20","guid":{"rendered":"http:\/\/pusuladernegi.org\/?page_id=404"},"modified":"2012-06-06T14:46:55","modified_gmt":"2012-06-06T14:46:55","slug":"florya-havacilik-muzesi","status":"publish","type":"page","link":"https:\/\/pusuladernegi.org\/?page_id=404","title":{"rendered":"Florya Havac\u0131l\u0131k M\u00fczesi"},"content":{"rendered":"<div class=\"mceTemp\">\n<div class=\"mceTemp\">\n<div class=\"mceTemp\">\n<div class=\"mceTemp\">\n<div class=\"mceTemp\">\n<div class=\"mceTemp\">\n<div class=\"mceTemp\">\n<figure id=\"attachment_1147\" aria-describedby=\"caption-attachment-1147\" style=\"width: 150px\" class=\"wp-caption alignleft\"><a href=\"https:\/\/pusuladernegi.org\/wp-content\/uploads\/florya-havac\u0131l\u0131k-m\u00fczesi-1.jpg\"><img loading=\"lazy\" decoding=\"async\" class=\"size-thumbnail wp-image-1147\" title=\"florya havac\u0131l\u0131k m\u00fczesi (1)\" src=\"https:\/\/pusuladernegi.org\/wp-content\/uploads\/florya-havac\u0131l\u0131k-m\u00fczesi-1-150x150.jpg\" alt=\"\" width=\"150\" height=\"150\" \/><\/a><figcaption id=\"caption-attachment-1147\" class=\"wp-caption-text\">florya havac\u0131l\u0131k m\u00fczesi 5 may\u0131s 2012<\/figcaption><\/figure>\n<dl id=\"attachment_1148\" class=\"wp-caption alignleft\" style=\"width: 160px;\">\n<dt class=\"wp-caption-dt\"><a href=\"https:\/\/pusuladernegi.org\/wp-content\/uploads\/florya-havac\u0131l\u0131k-m\u00fczesi-2.jpg\"><img loading=\"lazy\" decoding=\"async\" class=\"size-thumbnail wp-image-1148\" title=\"florya havac\u0131l\u0131k m\u00fczesi (2)\" src=\"https:\/\/pusuladernegi.org\/wp-content\/uploads\/florya-havac\u0131l\u0131k-m\u00fczesi-2-150x150.jpg\" alt=\"\" width=\"150\" height=\"150\" \/><\/a><\/dt>\n<dd class=\"wp-caption-dd\">florya havac\u0131l\u0131k m\u00fczesi 5 may\u0131s 2012<\/dd>\n<\/dl>\n<\/div>\n<dl id=\"attachment_1149\" class=\"wp-caption alignleft\" style=\"width: 160px;\">\n<dt class=\"wp-caption-dt\"><a href=\"https:\/\/pusuladernegi.org\/wp-content\/uploads\/florya-havac\u0131l\u0131k-m\u00fczesi-3.jpg\"><img loading=\"lazy\" decoding=\"async\" class=\"size-thumbnail wp-image-1149\" title=\"florya havac\u0131l\u0131k m\u00fczesi (3)\" src=\"https:\/\/pusuladernegi.org\/wp-content\/uploads\/florya-havac\u0131l\u0131k-m\u00fczesi-3-150x150.jpg\" alt=\"\" width=\"150\" height=\"150\" \/><\/a><\/dt>\n<dd class=\"wp-caption-dd\">florya havac\u0131l\u0131k m\u00fczesi 5 may\u0131s 2012<\/dd>\n<\/dl>\n<\/div>\n<dl id=\"attachment_1150\" class=\"wp-caption alignleft\" style=\"width: 160px;\">\n<dt class=\"wp-caption-dt\"><a href=\"https:\/\/pusuladernegi.org\/wp-content\/uploads\/florya-havac\u0131l\u0131k-m\u00fczesi-4.jpg\"><img loading=\"lazy\" decoding=\"async\" class=\"size-thumbnail wp-image-1150\" title=\"florya havac\u0131l\u0131k m\u00fczesi (4)\" src=\"https:\/\/pusuladernegi.org\/wp-content\/uploads\/florya-havac\u0131l\u0131k-m\u00fczesi-4-150x150.jpg\" alt=\"\" width=\"150\" height=\"150\" \/><\/a><\/dt>\n<dd class=\"wp-caption-dd\">florya havac\u0131l\u0131k m\u00fczesi 5 may\u0131s 2012<\/dd>\n<\/dl>\n<\/div>\n<dl id=\"attachment_1151\" class=\"wp-caption alignleft\" style=\"width: 160px;\">\n<dt class=\"wp-caption-dt\"><a href=\"https:\/\/pusuladernegi.org\/wp-content\/uploads\/florya-havac\u0131l\u0131k-m\u00fczesi-5.jpg\"><img loading=\"lazy\" decoding=\"async\" class=\"size-thumbnail wp-image-1151\" title=\"florya havac\u0131l\u0131k m\u00fczesi (5)\" src=\"https:\/\/pusuladernegi.org\/wp-content\/uploads\/florya-havac\u0131l\u0131k-m\u00fczesi-5-150x150.jpg\" alt=\"\" width=\"150\" height=\"150\" \/><\/a><\/dt>\n<dd class=\"wp-caption-dd\">florya havac\u0131l\u0131k m\u00fczesi 5 may\u0131s 2012<\/dd>\n<\/dl>\n<\/div>\n<dl id=\"attachment_1152\" class=\"wp-caption alignleft\" style=\"width: 160px;\">\n<dt class=\"wp-caption-dt\"><a href=\"https:\/\/pusuladernegi.org\/wp-content\/uploads\/florya-havac\u0131l\u0131k-m\u00fczesi-6.jpg\"><img loading=\"lazy\" decoding=\"async\" class=\"size-thumbnail wp-image-1152\" title=\"florya havac\u0131l\u0131k m\u00fczesi (6)\" src=\"https:\/\/pusuladernegi.org\/wp-content\/uploads\/florya-havac\u0131l\u0131k-m\u00fczesi-6-150x150.jpg\" alt=\"\" width=\"150\" height=\"150\" \/><\/a><\/dt>\n<dd class=\"wp-caption-dd\">florya havac\u0131l\u0131k m\u00fczesi 5 may\u0131s 2012<\/dd>\n<\/dl>\n<\/div>\n<dl id=\"attachment_1153\" class=\"wp-caption alignleft\" style=\"width: 160px;\">\n<dt class=\"wp-caption-dt\"><a href=\"https:\/\/pusuladernegi.org\/wp-content\/uploads\/florya-havac\u0131l\u0131k-m\u00fczesi-7.jpg\"><img loading=\"lazy\" decoding=\"async\" class=\"size-thumbnail wp-image-1153\" title=\"florya havac\u0131l\u0131k m\u00fczesi \" src=\"https:\/\/pusuladernegi.org\/wp-content\/uploads\/florya-havac\u0131l\u0131k-m\u00fczesi-7-150x150.jpg\" alt=\"\" width=\"150\" height=\"150\" \/><\/a><\/dt>\n<dd class=\"wp-caption-dd\">florya havac\u0131l\u0131k m\u00fczesi 5 may\u0131s 2012<\/dd>\n<\/dl>\n<\/div>\n<dl id=\"attachment_1154\" class=\"wp-caption alignleft\" style=\"width: 160px;\">\n<dt class=\"wp-caption-dt\"><a href=\"https:\/\/pusuladernegi.org\/wp-content\/uploads\/florya-havac\u0131l\u0131k-m\u00fczesi-8.jpg\"><img loading=\"lazy\" decoding=\"async\" class=\"size-thumbnail wp-image-1154\" title=\"florya havac\u0131l\u0131k m\u00fczesi \" src=\"https:\/\/pusuladernegi.org\/wp-content\/uploads\/florya-havac\u0131l\u0131k-m\u00fczesi-8-150x150.jpg\" alt=\"\" width=\"150\" height=\"150\" \/><\/a><\/dt>\n<dd class=\"wp-caption-dd\">florya havac\u0131l\u0131k m\u00fczesi 5 may\u0131s 2012<\/dd>\n<\/dl>\n<\/div>\n<p>&nbsp;<\/p>\n","protected":false},"excerpt":{"rendered":"<p>florya havac\u0131l\u0131k m\u00fczesi 5 may\u0131s 2012 florya havac\u0131l\u0131k m\u00fczesi 5 may\u0131s 2012 florya havac\u0131l\u0131k m\u00fczesi 5 may\u0131s 2012 florya havac\u0131l\u0131k<\/p>\n","protected":false},"author":1,"featured_media":0,"parent":156,"menu_order":0,"comment_status":"open","ping_status":"open","template":"template-twocolumnsright.php","meta":{"colormag_page_container_layout":"default_layout","colormag_page_sidebar_layout":"default_layout","footnotes":""},"class_list":["post-404","page","type-page","status-publish","hentry"],"_links":{"self":[{"href":"https:\/\/pusuladernegi.org\/index.php?rest_route=\/wp\/v2\/pages\/404"}],"collection":[{"href":"https:\/\/pusuladernegi.org\/index.php?rest_route=\/wp\/v2\/pages"}],"about":[{"href":"https:\/\/pusuladernegi.org\/index.php?rest_route=\/wp\/v2\/types\/page"}],"author":[{"embeddable":true,"href":"https:\/\/pusuladernegi.org\/index.php?rest_route=\/wp\/v2\/users\/1"}],"replies":[{"embeddable":true,"href":"https:\/\/pusuladernegi.org\/index.php?rest_route=%2Fwp%2Fv2%2Fcomments&post=404"}],"version-history":[{"count":6,"href":"https:\/\/pusuladernegi.org\/index.php?rest_route=\/wp\/v2\/pages\/404\/revisions"}],"predecessor-version":[{"id":1155,"href":"https:\/\/pusuladernegi.org\/index.php?rest_route=\/wp\/v2\/pages\/404\/revisions\/1155"}],"up":[{"embeddable":true,"href":"https:\/\/pusuladernegi.org\/index.php?rest_route=\/wp\/v2\/pages\/156"}],"wp:attachment":[{"href":"https:\/\/pusuladernegi.org\/index.php?rest_route=%2Fwp%2Fv2%2Fmedia&parent=404"}],"curies":[{"name":"wp","href":"https:\/\/api.w.org\/{rel}","templated":true}]}}