{"id":4830,"date":"2013-06-11T05:48:21","date_gmt":"2013-06-11T05:48:21","guid":{"rendered":"http:\/\/pusuladernegi.org\/?page_id=4830"},"modified":"2024-03-27T16:04:57","modified_gmt":"2024-03-27T16:04:57","slug":"egitimcilerimiz-yaz-okulu-2013","status":"publish","type":"page","link":"https:\/\/pusuladernegi.org\/?page_id=4830","title":{"rendered":"E\u011fitimcilerimiz (Yaz Okulu 2013)"},"content":{"rendered":"\n<figure class=\"wp-block-table is-style-stripes\"><table class=\"has-fixed-layout\"><tbody><tr><td class=\"has-text-align-left\" data-align=\"left\"><strong>Hatice G\u00fcndo\u011fdu<\/strong><br \/><em>\u0130dareci\/koordinat\u00f6r<\/em><\/td><td class=\"has-text-align-left\" data-align=\"left\"><strong>Bet\u00fcl Ho\u015fkun<\/strong><br \/><em>Tam G\u00fcn 3\u20134 abla<\/em><\/td><td class=\"has-text-align-left\" data-align=\"left\"><strong>Sefa I\u015f\u0131k<\/strong><br \/><em>Tam G\u00fcn 3\u20134 abi<\/em><\/td><td class=\"has-text-align-left\" data-align=\"left\"><strong>R\u00fcmeysa G\u00fcndo\u011fdu<\/strong><br \/><em>Yar\u0131m g\u00fcn abla<\/em><\/td><\/tr><tr><td class=\"has-text-align-left\" data-align=\"left\"><strong>Sema Bekta\u015f<\/strong><br \/><em>2. kademe muallime<\/em><\/td><td class=\"has-text-align-left\" data-align=\"left\"><strong>Eseng\u00fcl Ocak<\/strong><br \/><em>Tam G\u00fcn 5\u20138 muallime<\/em><\/td><td class=\"has-text-align-left\" data-align=\"left\"><strong>Ali Acar<\/strong><br \/><em>Tam G\u00fcn 5\u20138 muallim<\/em><\/td><td class=\"has-text-align-left\" data-align=\"left\"><strong>Ertu\u011frul Bodur<\/strong><br \/><em>Yar\u0131m g\u00fcn muallim<\/em><\/td><\/tr><tr><td class=\"has-text-align-left\" data-align=\"left\"><strong>Muhammed Furkan G\u00f6kay<\/strong><br \/><em>Tam G\u00fcn 2. kademe muallim<\/em><\/td><td class=\"has-text-align-left\" data-align=\"left\"><strong>Hacer Karaaslan<\/strong><br \/><em>Tam G\u00fcn 5\u20138 abla<\/em><\/td><td class=\"has-text-align-left\" data-align=\"left\"><strong>\u00d6mer Arslanba\u015f<\/strong><br \/><em>Tam G\u00fcn 5\u20138 abi<\/em><\/td><td class=\"has-text-align-left\" data-align=\"left\"><strong>Talha \u00c7avu\u015f<\/strong><br \/><em>Yar\u0131m g\u00fcn abi<\/em><\/td><\/tr><tr><td class=\"has-text-align-left\" data-align=\"left\"><strong>Merve Yard\u0131m<\/strong><br \/><em>Tam G\u00fcn 3\u20134 muallime<\/em><\/td><td class=\"has-text-align-left\" data-align=\"left\"><strong>Halil Karadavut<\/strong><br \/><em>Tam G\u00fcn 3\u20134 muallim<\/em><\/td><td class=\"has-text-align-left\" data-align=\"left\"><strong>Ay\u015feg\u00fcl Bekta\u015f<\/strong><br \/><em>Yar\u0131m g\u00fcn muallimesi<\/em><\/td><td class=\"has-text-align-left\" data-align=\"left\"><\/td><\/tr><\/tbody><\/table><figcaption>E\u011fitimcilerimiz (Yaz Okulu 2013)<\/figcaption><\/figure>\n","protected":false},"excerpt":{"rendered":"<p>Hatice G\u00fcndo\u011fdu\u0130dareci\/koordinat\u00f6r Bet\u00fcl Ho\u015fkunTam G\u00fcn 3\u20134 abla Sefa I\u015f\u0131kTam G\u00fcn 3\u20134 abi R\u00fcmeysa G\u00fcndo\u011fduYar\u0131m g\u00fcn abla Sema Bekta\u015f2. kademe muallime<\/p>\n","protected":false},"author":1,"featured_media":0,"parent":4826,"menu_order":0,"comment_status":"open","ping_status":"open","template":"","meta":{"colormag_page_container_layout":"no_sidebar_full_width","colormag_page_sidebar_layout":"no_sidebar","footnotes":""},"class_list":["post-4830","page","type-page","status-publish","hentry"],"_links":{"self":[{"href":"https:\/\/pusuladernegi.org\/index.php?rest_route=\/wp\/v2\/pages\/4830"}],"collection":[{"href":"https:\/\/pusuladernegi.org\/index.php?rest_route=\/wp\/v2\/pages"}],"about":[{"href":"https:\/\/pusuladernegi.org\/index.php?rest_route=\/wp\/v2\/types\/page"}],"author":[{"embeddable":true,"href":"https:\/\/pusuladernegi.org\/index.php?rest_route=\/wp\/v2\/users\/1"}],"replies":[{"embeddable":true,"href":"https:\/\/pusuladernegi.org\/index.php?rest_route=%2Fwp%2Fv2%2Fcomments&post=4830"}],"version-history":[{"count":9,"href":"https:\/\/pusuladernegi.org\/index.php?rest_route=\/wp\/v2\/pages\/4830\/revisions"}],"predecessor-version":[{"id":38953,"href":"https:\/\/pusuladernegi.org\/index.php?rest_route=\/wp\/v2\/pages\/4830\/revisions\/38953"}],"up":[{"embeddable":true,"href":"https:\/\/pusuladernegi.org\/index.php?rest_route=\/wp\/v2\/pages\/4826"}],"wp:attachment":[{"href":"https:\/\/pusuladernegi.org\/index.php?rest_route=%2Fwp%2Fv2%2Fmedia&parent=4830"}],"curies":[{"name":"wp","href":"https:\/\/api.w.org\/{rel}","templated":true}]}}