{"id":6199,"date":"2013-09-18T08:40:22","date_gmt":"2013-09-18T08:40:22","guid":{"rendered":"http:\/\/pusuladernegi.org\/?page_id=6199"},"modified":"2021-05-05T09:11:55","modified_gmt":"2021-05-05T09:11:55","slug":"fikih-okumalari","status":"publish","type":"page","link":"https:\/\/pusuladernegi.org\/?page_id=6199","title":{"rendered":"F\u0131k\u0131h Okumalar\u0131"},"content":{"rendered":"<p><strong>2015-2016 F\u0131k\u0131h Okumalar\u0131<span style=\"color: #ff0000;\"> \u00a0bitti<\/span><\/strong><\/p>\n<p>Dersleri konusunda yetkin \u0130lahiyat\u00e7\u0131 yazar <strong>G\u00fcnay Bayburtlu Kesler<\/strong> Han\u0131mefendi vermektedir.<\/p>\n<p><strong>\u0130lk Ders:<\/strong>\u00a015 Ekim 2015 Per\u015fembe <strong>Son Ders: <\/strong>26 May\u0131s 2016<\/p>\n<p><strong>G\u00fcn\/Saat:\u00a0<\/strong>Her Per\u015fembe 15.00 <strong>Yer:<\/strong> Pusula Cevatpa\u015fa Bilgi Merkezi<\/p>\n<p><strong>Adres:<\/strong> Cevatpa\u015fa Mahallesi Saraybosna Caddesi \u015eehit H\u00fcseyin Uslucan Park\u0131i\u00e7i\u00a0<strong>Tel:<\/strong>\u00a0212 617 98 33<\/p>\n<p><span style=\"color: #333333; font-size: 20px; font-weight: bold; line-height: normal;\">\u00a02013-2014 F\u0131k\u0131h Okumalar\u0131<\/span><\/p>\n<p>Derne\u011fimizde 2013-2014 d\u00f6neminde F\u0131k\u0131h Okumalar\u0131 sohbetleri ba\u015flam\u0131\u015ft\u0131r. Dersleri konusunda yetkin \u0130lahiyat\u00e7\u0131 yazar G\u00fcnay Bayburtlu Kesler Han\u0131mfendi vermektedir.<\/p>\n<p><strong>\u0130lk Ders:<\/strong> 3 Ekim 2013 Per\u015fembe <strong>Son Ders:<\/strong> 29 May\u0131s 2014<\/p>\n<p><strong>G\u00fcn:<\/strong> Her Per\u015fembe\u00a0<strong>Saat:<\/strong> 16.00<\/p>\n<p><strong>Yer:<\/strong> Pusula Derne\u011fi,\u00a0Vatan Mahallesi Tel Sokak No:3 Bayrampa\u015fa\/\u0130STANBUL\u00a0<strong>Telefon\/Faks:<\/strong>\u00a090 212 576 66 44<\/p>\n","protected":false},"excerpt":{"rendered":"<p>2015-2016 F\u0131k\u0131h Okumalar\u0131 \u00a0bitti Dersleri konusunda yetkin \u0130lahiyat\u00e7\u0131 yazar G\u00fcnay Bayburtlu Kesler Han\u0131mefendi vermektedir. \u0130lk Ders:\u00a015 Ekim 2015 Per\u015fembe Son<\/p>\n","protected":false},"author":1,"featured_media":0,"parent":71,"menu_order":0,"comment_status":"open","ping_status":"open","template":"","meta":{"colormag_page_container_layout":"no_sidebar_full_width","colormag_page_sidebar_layout":"no_sidebar","footnotes":""},"class_list":["post-6199","page","type-page","status-publish","hentry"],"_links":{"self":[{"href":"https:\/\/pusuladernegi.org\/index.php?rest_route=\/wp\/v2\/pages\/6199"}],"collection":[{"href":"https:\/\/pusuladernegi.org\/index.php?rest_route=\/wp\/v2\/pages"}],"about":[{"href":"https:\/\/pusuladernegi.org\/index.php?rest_route=\/wp\/v2\/types\/page"}],"author":[{"embeddable":true,"href":"https:\/\/pusuladernegi.org\/index.php?rest_route=\/wp\/v2\/users\/1"}],"replies":[{"embeddable":true,"href":"https:\/\/pusuladernegi.org\/index.php?rest_route=%2Fwp%2Fv2%2Fcomments&post=6199"}],"version-history":[{"count":15,"href":"https:\/\/pusuladernegi.org\/index.php?rest_route=\/wp\/v2\/pages\/6199\/revisions"}],"predecessor-version":[{"id":18743,"href":"https:\/\/pusuladernegi.org\/index.php?rest_route=\/wp\/v2\/pages\/6199\/revisions\/18743"}],"up":[{"embeddable":true,"href":"https:\/\/pusuladernegi.org\/index.php?rest_route=\/wp\/v2\/pages\/71"}],"wp:attachment":[{"href":"https:\/\/pusuladernegi.org\/index.php?rest_route=%2Fwp%2Fv2%2Fmedia&parent=6199"}],"curies":[{"name":"wp","href":"https:\/\/api.w.org\/{rel}","templated":true}]}}