{"id":6287,"date":"2013-09-26T07:19:48","date_gmt":"2013-09-26T07:19:48","guid":{"rendered":"http:\/\/pusuladernegi.org\/?page_id=6287"},"modified":"2023-12-05T20:19:42","modified_gmt":"2023-12-05T20:19:42","slug":"kisa-surelerin-tefsiri","status":"publish","type":"page","link":"https:\/\/pusuladernegi.org\/?page_id=6287","title":{"rendered":"1.Fatiha Suresi"},"content":{"rendered":"\n<figure class=\"wp-block-table is-style-stripes\"><table><tbody><tr><td><strong>1.Ders: Kur\u2019an-\u0131 Kerim<\/strong><br \/><strong>2. Ders: K\u0131sa Surelerin tefsiri: Fatiha Suresi<\/strong><br \/><strong>3.\u00a0Ders: Genel K\u00fclt\u00fcr\/\u00d6rnek \u015eahsiyetler: Malcolm X<\/strong><br \/>\u00a0<a href=\"https:\/\/pusuladernegi.org\/?page_id=6303\"><strong>\u00d6\u011fretmen G\u00f6zlemleri 2013\u20132014<\/strong><\/a><\/td><\/tr><tr><td><strong>1.\u00a0Kur\u2019an-\u0131 Kerim<\/strong><\/td><\/tr><tr><td><strong>2. Fatiha Suresinin Tefsiri<\/strong><br \/>-\u0130lk hafta fatiha suresini i\u015flemeden \u00f6nce<strong>\u00a0neden <\/strong>k\u0131sa sureleri i\u015fliyoruzun \u00f6nemi hakk\u0131nda bilgi vermek<br \/>-Kur&#8217;an&#8217; \u0131n temel hedefi hakk\u0131nda \u00f6\u011frencilere k\u0131sa, \u00f6z ve net bilgilerle bilgilendirilmesi<br \/>-Kur&#8217;an&#8217;\u0131 Kerim &#8216;in l\u00fcgat ve terimi anlam\u0131 hakk\u0131nda a\u00e7\u0131klama yap\u0131lmas\u0131<br \/>-\u0130ncelenen surede dikkatimizi en \u00e7ok \u00e7eken ayet, meali ile birlikte ezberlenilmesine dikkat edilmesi.<br \/>-Mekki ve Medeni\u00a0kavramlar\u0131 hakk\u0131nda bilgi verilmesi<br \/>-Tefsir nedir? Meal nedir? bunlar\u0131n a\u00e7\u0131klanmas\u0131. Tefsir ve meal aras\u0131ndaki fark\u0131n k\u0131saca kavrat\u0131lmas\u0131<\/td><\/tr><tr><td><strong>2.1. HEDEF<\/strong><br \/>-Besmelenin \u00f6nemi<br \/>-Hamd kavram\u0131n\u0131 a\u00e7\u0131klayabilmek<br \/>-Hamd ile \u015f\u00fck\u00fcr aras\u0131ndaki fark\u0131 kavramak<br \/>-Rab s\u0131fat\u0131n\u0131 a\u00e7\u0131klayabilmek<br \/>-Rahman ve Rahim ismini a\u00e7\u0131klamak<br \/>-Rabbimizin merhameti her \u015feyi ku\u015fatm\u0131\u015ft\u0131r konusunu a\u00e7\u0131klamak<br \/>-Yaln\u0131zca Allah&#8217;a kul olmak ne demektir.? Ba\u015fkas\u0131na kul nas\u0131l olunur?<br \/>-Kul\/K\u00f6le aras\u0131ndaki fark\u0131 anlatmak<br \/>-Yarat\u0131l\u0131\u015f Amac\u0131na at\u0131fta bulunmak Zariyat 56&#8217;y\u0131 vurgulamak<br \/>-Allah&#8217;tan ba\u015fkas\u0131ndan yard\u0131m istemenin yanl\u0131\u015fl\u0131\u011f\u0131 \u00fczerinde durmak ve \u00f6rneklerle a\u00e7\u0131klamak (t\u00fcrbe ve yat\u0131rlardan yard\u0131m dilemek, \u00e7aput ba\u011flamak, fal bakt\u0131rmak\u2026)<br \/>-S\u0131rat-\u0131 M\u00fcstakim ne demektir? A\u00e7\u0131klayabilmek<br \/>-\u015eeytan\u0131n s\u0131rat-\u0131 m\u00fcstakimden sapt\u0131rma yollar\u0131 k\u0131saca<br \/>-Fatiha kelimesinin anlam\u0131n\u0131 a\u00e7\u0131klayabilmek (fe-te ha, fatih, \u2026<br \/>-Namazda okunmas\u0131n\u0131n \u00f6nemi hakk\u0131nda bilgi vermek<\/td><\/tr><tr><td><strong>2.2. \u00d6NE \u00c7IKAN KAVRAMLAR<\/strong><br \/>Hamd, Rab, Rahman, Rahim, Kul, S\u0131rat-\u0131 M\u00fcstakim<br \/>\u00a0<br \/><strong>2.3. ETK\u0130NL\u0130K &#8211; Y\u00d6NTEM \/ MATERYALLER<\/strong><br \/>-&#8220;\u00d6zg\u00fcrl\u00fck Allah&#8217;a kul olmakla ba\u015flar&#8221; c\u00fcmlesini tart\u0131\u015f\u0131n\u0131z. (Lise seviyesi)<br \/>-\u00d6zg\u00fcrl\u00fc\u011f\u00fcn resmi \u00e7izilebilir mi? \u00c7iziniz (Lise seviyesi)<\/td><\/tr><tr><td><strong>ETK\u0130NL\u0130K: \u00d6NCEL\u0130KLER\u0130M\u0130Z<\/strong><br \/>1-) <strong>Gerekli Malzemeler: <\/strong>1 veya 2 litrelik bo\u015f plastik \u015feffaf kavanoz, birka\u00e7 par\u00e7a irili ufakl\u0131 ta\u015f par\u00e7alar\u0131, kum ve su<br \/>2-) \u00d6ncelikle malzemeler masaya konur.<br \/>3-) Bu kadar malzemenin kavanoza s\u0131\u011f\u0131p s\u0131\u011fmayaca\u011f\u0131 tart\u0131l\u0131\u015f\u0131r.<br \/>4-) \u00d6ncelikle b\u00fcy\u00fck par\u00e7alar kavanoza konur. Kalan k\u0131sm\u0131n kavanoza s\u0131\u011f\u0131p s\u0131\u011fmayaca\u011f\u0131 tart\u0131\u015f\u0131l\u0131r<br \/>5-) Sonra daha k\u00fc\u00e7\u00fck par\u00e7alar, kum ve su konur. G\u00f6r\u00fcl\u00fcr ki b\u00fcy\u00fck par\u00e7a yerle\u015ftirilirse di\u011ferlerine yer kal\u0131r onlarda yerle\u015ftirilebilir<br \/>6-) Hayatta da \u00f6ncelikle vazge\u00e7emeyeceklerimize \u00f6ncelik vermeliyiz. \u00d6ncelik verdiklerimizi yerine getirdi\u011fimizde di\u011ferlerine de s\u0131ra gelece\u011fi g\u00f6r\u00fclecektir.<\/td><\/tr><tr><td><strong>3. Genel K\u00fclt\u00fcr\/\u00d6rnek \u015eahsiyetler: Malcolm X<\/strong><br \/>konu ile ilgili kitap, slayt, foto\u011fraf, g\u00f6r\u00fcnt\u00fc, web adresleri vs\u00a0<br \/><strong>Kitaplar<\/strong><br \/>Malcolm X, Recep \u015eent\u00fcrk (Prof. Dr.), \u00c7a\u011fa Y\u00f6n Veren M\u00fcsl\u00fcman \u00d6nderler Serisi, \u00a0\u0130lke Yay\u0131nc\u0131l\u0131k<br \/>Malcolm X Alex Halley \u0130nsan yay\u0131nlar\u0131<\/td><\/tr><tr><td><strong>Film\/Sinema<\/strong><br \/>Malcolm X<\/td><\/tr><\/tbody><\/table><\/figure>\n","protected":false},"excerpt":{"rendered":"<p>1.Ders: Kur\u2019an-\u0131 Kerim2. Ders: K\u0131sa Surelerin tefsiri: Fatiha Suresi3.\u00a0Ders: Genel K\u00fclt\u00fcr\/\u00d6rnek \u015eahsiyetler: Malcolm X\u00a0\u00d6\u011fretmen G\u00f6zlemleri 2013\u20132014 1.\u00a0Kur\u2019an-\u0131 Kerim 2. Fatiha<\/p>\n","protected":false},"author":1,"featured_media":0,"parent":6292,"menu_order":0,"comment_status":"open","ping_status":"open","template":"","meta":{"colormag_page_container_layout":"default_layout","colormag_page_sidebar_layout":"default_layout","footnotes":""},"class_list":["post-6287","page","type-page","status-publish","hentry"],"_links":{"self":[{"href":"https:\/\/pusuladernegi.org\/index.php?rest_route=\/wp\/v2\/pages\/6287"}],"collection":[{"href":"https:\/\/pusuladernegi.org\/index.php?rest_route=\/wp\/v2\/pages"}],"about":[{"href":"https:\/\/pusuladernegi.org\/index.php?rest_route=\/wp\/v2\/types\/page"}],"author":[{"embeddable":true,"href":"https:\/\/pusuladernegi.org\/index.php?rest_route=\/wp\/v2\/users\/1"}],"replies":[{"embeddable":true,"href":"https:\/\/pusuladernegi.org\/index.php?rest_route=%2Fwp%2Fv2%2Fcomments&post=6287"}],"version-history":[{"count":18,"href":"https:\/\/pusuladernegi.org\/index.php?rest_route=\/wp\/v2\/pages\/6287\/revisions"}],"predecessor-version":[{"id":36857,"href":"https:\/\/pusuladernegi.org\/index.php?rest_route=\/wp\/v2\/pages\/6287\/revisions\/36857"}],"up":[{"embeddable":true,"href":"https:\/\/pusuladernegi.org\/index.php?rest_route=\/wp\/v2\/pages\/6292"}],"wp:attachment":[{"href":"https:\/\/pusuladernegi.org\/index.php?rest_route=%2Fwp%2Fv2%2Fmedia&parent=6287"}],"curies":[{"name":"wp","href":"https:\/\/api.w.org\/{rel}","templated":true}]}}