{"id":6325,"date":"2013-09-27T07:55:49","date_gmt":"2013-09-27T07:55:49","guid":{"rendered":"http:\/\/pusuladernegi.org\/?page_id=6325"},"modified":"2023-12-06T06:14:20","modified_gmt":"2023-12-06T06:14:20","slug":"3-fil-suresi","status":"publish","type":"page","link":"https:\/\/pusuladernegi.org\/?page_id=6325","title":{"rendered":"3. Fil Suresi"},"content":{"rendered":"\n<figure class=\"wp-block-table is-style-stripes\"><table><tbody><tr><td><strong>1.\u00a0Ders: Kur\u2019an-\u0131 Kerim<\/strong><br \/><strong>2. Ders: K\u0131sa Surelerin tefsiri<\/strong><br \/><strong>3.\u00a0Ders: Genel K\u00fclt\u00fcr<\/strong><br \/><a href=\"https:\/\/pusuladernegi.org\/?page_id=6303\"><strong>\u00d6\u011fretmen G\u00f6zlemleri 2013\u20132014<\/strong><\/a><\/td><\/tr><tr><td><strong>1.\u00a0Kur\u2019an-\u0131 Kerim<\/strong><\/td><\/tr><tr><td><strong>2. Fil Suresinin Tefsiri<\/strong><br \/><strong>2.1. HEDEF<\/strong><br \/>-Fil vakas\u0131n\u0131n tarihi arka plan\u0131n\u0131n ele al\u0131nmas\u0131<br \/>-Kibrin, gururun insanlar \u00fczerindeki etkilerin ele al\u0131nmas\u0131 ve getirdi\u011fi sonu\u00e7lar<br \/>-Allah&#8217;u Teala&#8217;n\u0131n k\u00fc\u00e7\u00fck \u015feylerle b\u00fcy\u00fck azametini, kudretini g\u00f6stermesi<br \/>-\u0130sl\u00e2m&#8217;\u0131n ve inananlar\u0131n \u00a0kar\u015f\u0131s\u0131ndaki g\u00fc\u00e7ler hangi seviyede olursa olsunlar, kesinlikle \u0130sl\u00e2m&#8217;a zarar veremeyeceklerini, peri\u015fan olup gideceklerini, ister s\u00fcper g\u00fc\u00e7 olsunlar, ister hiper g\u00fc\u00e7, hangi g\u00fcce sahip olurlarsa olsunlar Allah&#8217;\u0131n dini kar\u015f\u0131s\u0131nda hi\u00e7 bir anlam ifade etmeyeceklerini bahsetmek.<br \/><strong>2.2. \u00d6NE \u00c7IKAN KAVRAMLAR<\/strong><br \/>F\u0130L SAH\u0130PLER\u0130, EBAB\u0130L, TAYR, ASF, S\u0130CC\u0130L<\/td><\/tr><tr><td><strong>2.3. ETK\u0130NL\u0130K &#8211; Y\u00d6NTEM \/ MATERYALLER<\/strong><br \/>-Kibirli ve gururlu insanlar\u0131n i\u00e7 d\u00fcnyas\u0131n\u0131 ve karakterini yans\u0131tan ayetlerin incelenmesi<br \/>-\u2018Gurur ve kibir y\u0131k\u0131mdan \u00f6nce gelir\u2019 s\u00f6z\u00fcn\u00fc a\u00e7\u0131klay\u0131n\u0131z. (Ebrehe i\u00e7in)\u00a0\u00a0 (orta ve lise seviyesi)<br \/>-Kuranda ge\u00e7en ba\u015fka mucizeler var m\u0131? \u0130ki tanesini ara\u015ft\u0131r\u0131n\u0131z?<br \/>-Kur\u2019an\u2019da hayvan isimlerinin ge\u00e7ti\u011fi ayetlerden iki tanesini ara\u015ft\u0131r\u0131n\u0131z?<\/td><\/tr><tr><td><strong>3. Genel K\u00fclt\u00fcr<\/strong><\/td><\/tr><\/tbody><\/table><\/figure>\n","protected":false},"excerpt":{"rendered":"<p>1.\u00a0Ders: Kur\u2019an-\u0131 Kerim2. Ders: K\u0131sa Surelerin tefsiri3.\u00a0Ders: Genel K\u00fclt\u00fcr\u00d6\u011fretmen G\u00f6zlemleri 2013\u20132014 1.\u00a0Kur\u2019an-\u0131 Kerim 2. Fil Suresinin Tefsiri2.1. HEDEF-Fil vakas\u0131n\u0131n tarihi<\/p>\n","protected":false},"author":1,"featured_media":0,"parent":6292,"menu_order":0,"comment_status":"open","ping_status":"open","template":"","meta":{"colormag_page_container_layout":"default_layout","colormag_page_sidebar_layout":"default_layout","footnotes":""},"class_list":["post-6325","page","type-page","status-publish","hentry"],"_links":{"self":[{"href":"https:\/\/pusuladernegi.org\/index.php?rest_route=\/wp\/v2\/pages\/6325"}],"collection":[{"href":"https:\/\/pusuladernegi.org\/index.php?rest_route=\/wp\/v2\/pages"}],"about":[{"href":"https:\/\/pusuladernegi.org\/index.php?rest_route=\/wp\/v2\/types\/page"}],"author":[{"embeddable":true,"href":"https:\/\/pusuladernegi.org\/index.php?rest_route=\/wp\/v2\/users\/1"}],"replies":[{"embeddable":true,"href":"https:\/\/pusuladernegi.org\/index.php?rest_route=%2Fwp%2Fv2%2Fcomments&post=6325"}],"version-history":[{"count":9,"href":"https:\/\/pusuladernegi.org\/index.php?rest_route=\/wp\/v2\/pages\/6325\/revisions"}],"predecessor-version":[{"id":36895,"href":"https:\/\/pusuladernegi.org\/index.php?rest_route=\/wp\/v2\/pages\/6325\/revisions\/36895"}],"up":[{"embeddable":true,"href":"https:\/\/pusuladernegi.org\/index.php?rest_route=\/wp\/v2\/pages\/6292"}],"wp:attachment":[{"href":"https:\/\/pusuladernegi.org\/index.php?rest_route=%2Fwp%2Fv2%2Fmedia&parent=6325"}],"curies":[{"name":"wp","href":"https:\/\/api.w.org\/{rel}","templated":true}]}}