{"id":6356,"date":"2013-09-27T13:42:09","date_gmt":"2013-09-27T13:42:09","guid":{"rendered":"http:\/\/pusuladernegi.org\/?page_id=6356"},"modified":"2013-09-27T13:42:30","modified_gmt":"2013-09-27T13:42:30","slug":"aganin-yeri","status":"publish","type":"page","link":"https:\/\/pusuladernegi.org\/?page_id=6356","title":{"rendered":"A\u011fan\u0131n Yeri"},"content":{"rendered":"<p>Arkada\u015flar\u0131mdan birka\u00e7\u0131 yan\u0131ma gelerek:<\/p>\n<p>-Fakir \u00f6\u011frenciler i\u00e7in yurt binas\u0131 yap\u0131yoruz, dediler. \u00d6n ayak ol da, biraz yard\u0131m toplayal\u0131m.<\/p>\n<p>Tekliflerini kabul ettim ve ertesi g\u00fcn, zenginli\u011finden dolay\u0131 \u2018A\u011fa\u2019 lakab\u0131yla tan\u0131nan bir i\u015f adam\u0131n\u0131 arad\u0131m. Para istedi\u011fimi anlay\u0131nca;<\/p>\n<p>-Gerekeni yapar\u0131z, dedi. Gel de g\u00f6r\u00fc\u015felim.<\/p>\n<p>B\u00fcy\u00fck bir hevesle b\u00fcrosuna gittim ve sekreterinden izin al\u0131p odas\u0131na girdim. Bina hakk\u0131nda verdi\u011fim bilgileri dinledikten sonra, cebinden bir on binlik \u00e7\u0131kar\u0131p:<\/p>\n<p>-Buyur, dedi. Bizim de katk\u0131m\u0131z olsun.<\/p>\n<p>\u015ea\u015f\u0131rm\u0131\u015ft\u0131m. Ama yine de pi\u015fkinli\u011fe vurup;<\/p>\n<p>-Sondaki s\u0131f\u0131rlar biraz az olmad\u0131 m\u0131? Dedim. Hi\u00e7 olmazsa, onmilyon verece\u011finizi tahmin etmi\u015ftim.<\/p>\n<p>Pek ald\u0131rmam\u0131\u015f g\u00f6r\u00fcnerek:<\/p>\n<p>-\u015eimdilik bu kadar yetsin, dedi. Toplu konut sitesi i\u00e7in yer almam gerekti\u011finden fazla a\u00e7\u0131lam\u0131yorum.<\/p>\n<p>-Ne kadar laz\u0131m? diye sordum.<\/p>\n<p>-\u0130ki y\u00fcz d\u00f6n\u00fcm kadar, dedi. Bu i\u015fi becerir ve planlad\u0131\u011f\u0131m arsalar\u0131 kapat\u0131rsam, vakf\u0131n\u0131za on milyon ba\u011f\u0131\u015flar\u0131m. E\u011fer binaya ismimi verirseniz, bu miktar\u0131 daha da artt\u0131rabilirim.<\/p>\n<p>Teklifini ister istemez kabul ettikten sonra, el s\u0131k\u0131\u015f\u0131p ayr\u0131ld\u0131k ve k\u0131sa bir s\u00fcre sonra da in\u015faata ba\u015flad\u0131k. \u0130n\u015faat\u0131n kabas\u0131 tamamland\u0131\u011f\u0131nda adam\u0131 tekrar arad\u0131k.<\/p>\n<p>-A\u011fan\u0131n yeri, g\u00f6l kenar\u0131nda ve \u00e7am a\u011fa\u00e7lar\u0131 aras\u0131nda olmak \u00fczere 150 d\u00f6n\u00fcm \u00e7\u0131kt\u0131, dedi. Birka\u00e7 ay sonra i\u015f tamamlan\u0131r.<\/p>\n<p>On milyona ula\u015fmak \u00fcmidiyle bir daha arad\u0131\u011f\u0131m\u0131zda:<\/p>\n<p>-A\u011fan\u0131n yeri bir selvi a\u011fac\u0131n\u0131n alt\u0131nda olmak \u00fczere iki metrekareye indi, dedi. Ge\u00e7en hafta \u00f6ld\u00fc, duymad\u0131n\u0131z m\u0131?<\/p>\n","protected":false},"excerpt":{"rendered":"<p>Arkada\u015flar\u0131mdan birka\u00e7\u0131 yan\u0131ma gelerek: -Fakir \u00f6\u011frenciler i\u00e7in yurt binas\u0131 yap\u0131yoruz, dediler. \u00d6n ayak ol da, biraz yard\u0131m toplayal\u0131m. Tekliflerini kabul<\/p>\n","protected":false},"author":1,"featured_media":0,"parent":6354,"menu_order":0,"comment_status":"open","ping_status":"open","template":"template-onecolumn.php","meta":{"colormag_page_container_layout":"default_layout","colormag_page_sidebar_layout":"default_layout","footnotes":""},"class_list":["post-6356","page","type-page","status-publish","hentry"],"_links":{"self":[{"href":"https:\/\/pusuladernegi.org\/index.php?rest_route=\/wp\/v2\/pages\/6356"}],"collection":[{"href":"https:\/\/pusuladernegi.org\/index.php?rest_route=\/wp\/v2\/pages"}],"about":[{"href":"https:\/\/pusuladernegi.org\/index.php?rest_route=\/wp\/v2\/types\/page"}],"author":[{"embeddable":true,"href":"https:\/\/pusuladernegi.org\/index.php?rest_route=\/wp\/v2\/users\/1"}],"replies":[{"embeddable":true,"href":"https:\/\/pusuladernegi.org\/index.php?rest_route=%2Fwp%2Fv2%2Fcomments&post=6356"}],"version-history":[{"count":2,"href":"https:\/\/pusuladernegi.org\/index.php?rest_route=\/wp\/v2\/pages\/6356\/revisions"}],"predecessor-version":[{"id":6358,"href":"https:\/\/pusuladernegi.org\/index.php?rest_route=\/wp\/v2\/pages\/6356\/revisions\/6358"}],"up":[{"embeddable":true,"href":"https:\/\/pusuladernegi.org\/index.php?rest_route=\/wp\/v2\/pages\/6354"}],"wp:attachment":[{"href":"https:\/\/pusuladernegi.org\/index.php?rest_route=%2Fwp%2Fv2%2Fmedia&parent=6356"}],"curies":[{"name":"wp","href":"https:\/\/api.w.org\/{rel}","templated":true}]}}