{"id":6377,"date":"2013-09-30T06:24:04","date_gmt":"2013-09-30T06:24:04","guid":{"rendered":"http:\/\/pusuladernegi.org\/?page_id=6377"},"modified":"2023-12-06T06:23:06","modified_gmt":"2023-12-06T06:23:06","slug":"6-kevser-suresi","status":"publish","type":"page","link":"https:\/\/pusuladernegi.org\/?page_id=6377","title":{"rendered":"6. Kevser Suresi"},"content":{"rendered":"\n<figure class=\"wp-block-table is-style-stripes\"><table><tbody><tr><td><strong>1.\u00a0Ders: Kur\u2019an-\u0131 Kerim<\/strong><br \/><strong>2. Ders: K\u0131sa Surelerin tefsiri<\/strong><br \/><strong>3.\u00a0Ders: Genel K\u00fclt\u00fcr<\/strong><br \/><a href=\"https:\/\/pusuladernegi.org\/?page_id=6303\"><strong>\u00d6\u011fretmen G\u00f6zlemleri 2013\u20132014<\/strong><\/a><\/td><\/tr><tr><td><strong>1.\u00a0Kur\u2019an-\u0131 Kerim<\/strong><\/td><\/tr><tr><td><strong>2. Kevser Suresinin Tefsi<\/strong>ri<br \/><strong>2.1. HEDEF<\/strong><br \/>1- Kevser kelimesinin anlam\u0131<br \/>2- \u0130n\u015firah ve Duha suresi gibi, Surenin \u00a0muhatab\u0131n\u0131 motive eden bir muhtevaya sahip olmas\u0131<br \/>3- Surenin Allah rasul\u00fcn\u00fcn umidini ve maneviyat\u0131n\u0131 y\u00fckseltmesi. Peygamber efendimize vahiy ve n\u00fcb\u00fcvvetin sadece a\u011f\u0131r bir sorumluluk de\u011fil ayn\u0131 zamanda b\u00fcy\u00fck bir hay\u0131r oldu\u011funu hat\u0131rlatmas\u0131<br \/>4- \u015e\u00fckr\u00fcn en b\u00fcy\u00fc\u011f\u00fcn\u00fc ve ibadeti yaln\u0131zca Allah&#8217;a tahsis etmemiz gerekti\u011fi.<br \/><strong>5-<\/strong>Kurey\u015f ve maun suresi ile ba\u011flant\u0131 kurulup; &#8220;\u0130badet etsinler.&#8221; (Kurey\u015f, 106\/3) emrini dinlemeyenlerin, dini yalanlayanlar\u0131n ve namazlar\u0131ndan yan\u0131lanlar\u0131n ( Maun, 107\/) z\u0131dd\u0131na olarak evvela bu sure de namaz k\u0131l\u0131nmas\u0131, ve namaza devam edilmesinin en b\u00fcy\u00fck hay\u0131r ve \u015f\u00fck\u00fcr oldu\u011fu.<br \/>6- \u00a0Y\u00fcce Allah soyu kesik olan\u0131n Hz. Muhammed olmad\u0131\u011f\u0131n\u0131, bilakis O\u2019na kin tutanlar ve O\u2019ndan ho\u015flanmayanlar oldu\u011funu vurgulamaktad\u0131r. Ger\u00e7ekten de y\u00fcce Allah\u2019\u0131n onlar hakk\u0131ndaki s\u00f6z\u00fc ger\u00e7ekle\u015fmi\u015ftir ve onlar\u0131n ad\u0131 san\u0131 an\u0131lmaz olmu\u015ftur. Defterleri d\u00fcr\u00fclm\u00fc\u015ft\u00fcr. Bunun yan\u0131nda Hz. Muhammed\u2019in s\u00fcrekli ad\u0131 an\u0131lm\u0131\u015f ve y\u00fcceltilmi\u015ftir.<br \/>7-Hi\u00e7 \u015f\u00fcphesiz iman\u0131n, hakk\u0131n ve iyili\u011fin soyunun kesik olmas\u0131 m\u00fcmk\u00fcn de\u011fildir. \u00c7\u00fcnk\u00fc onlar\u0131n k\u00f6kleri derinlerde, dallar\u0131 alabildi\u011fine yayg\u0131nd\u0131r. Soyu kesik olan k\u00fcf\u00fcr, bat\u0131l ve k\u00f6t\u00fcl\u00fckt\u00fcr. Ne kadar parlarsa parlas\u0131n, ne kadar geli\u015fip azg\u0131nla\u015f\u0131rsa azg\u0131nla\u015fs\u0131n.\u00a0Allah\u2019a, hakka ve hayr\u2019a \u00e7a\u011f\u0131r\u0131n\u0131n asla soyu kesik olmaz ve bu i\u015fleri yapanlar\u0131n da soylar\u0131 kesik olmaz. Bunlar diri, baki, ezeli ve sonsuz olan Allah\u2019a ba\u011fl\u0131 olduklar\u0131 halde nas\u0131l sonlar\u0131 kesik olabilir ki? Ancak k\u00fcf\u00fcrd\u00fcr, bat\u0131ld\u0131r, k\u00f6t\u00fcl\u00fckt\u00fcr soyu kesik olan ve bunlara sahip \u00e7\u0131kanlard\u0131r. Herhangi bir zaman diliminde uzun bir zaman ya\u015fayacaklar\u0131 k\u00f6klerinin derinlerde oldu\u011fu san\u0131lsa da as\u0131l k\u00f6ks\u00fczler onlard\u0131r.<\/td><\/tr><tr><td><strong>2.2. \u00d6NE \u00c7IKAN KAVRAMLAR<\/strong><br \/>Kevser, ebter, \u015fanieke, a\u011ftayna<\/td><\/tr><tr><td><strong>2.3. ETK\u0130NL\u0130K &#8211; Y\u00d6NTEM \/ MATERYALLER<\/strong><\/td><\/tr><\/tbody><\/table><\/figure>\n","protected":false},"excerpt":{"rendered":"<p>1.\u00a0Ders: Kur\u2019an-\u0131 Kerim2. Ders: K\u0131sa Surelerin tefsiri3.\u00a0Ders: Genel K\u00fclt\u00fcr\u00d6\u011fretmen G\u00f6zlemleri 2013\u20132014 1.\u00a0Kur\u2019an-\u0131 Kerim 2. Kevser Suresinin Tefsiri2.1. HEDEF1- Kevser kelimesinin<\/p>\n","protected":false},"author":1,"featured_media":0,"parent":6292,"menu_order":0,"comment_status":"open","ping_status":"open","template":"","meta":{"colormag_page_container_layout":"default_layout","colormag_page_sidebar_layout":"default_layout","footnotes":""},"class_list":["post-6377","page","type-page","status-publish","hentry"],"_links":{"self":[{"href":"https:\/\/pusuladernegi.org\/index.php?rest_route=\/wp\/v2\/pages\/6377"}],"collection":[{"href":"https:\/\/pusuladernegi.org\/index.php?rest_route=\/wp\/v2\/pages"}],"about":[{"href":"https:\/\/pusuladernegi.org\/index.php?rest_route=\/wp\/v2\/types\/page"}],"author":[{"embeddable":true,"href":"https:\/\/pusuladernegi.org\/index.php?rest_route=\/wp\/v2\/users\/1"}],"replies":[{"embeddable":true,"href":"https:\/\/pusuladernegi.org\/index.php?rest_route=%2Fwp%2Fv2%2Fcomments&post=6377"}],"version-history":[{"count":6,"href":"https:\/\/pusuladernegi.org\/index.php?rest_route=\/wp\/v2\/pages\/6377\/revisions"}],"predecessor-version":[{"id":36902,"href":"https:\/\/pusuladernegi.org\/index.php?rest_route=\/wp\/v2\/pages\/6377\/revisions\/36902"}],"up":[{"embeddable":true,"href":"https:\/\/pusuladernegi.org\/index.php?rest_route=\/wp\/v2\/pages\/6292"}],"wp:attachment":[{"href":"https:\/\/pusuladernegi.org\/index.php?rest_route=%2Fwp%2Fv2%2Fmedia&parent=6377"}],"curies":[{"name":"wp","href":"https:\/\/api.w.org\/{rel}","templated":true}]}}