{"id":6389,"date":"2013-09-30T06:27:31","date_gmt":"2013-09-30T06:27:31","guid":{"rendered":"http:\/\/pusuladernegi.org\/?page_id=6389"},"modified":"2023-12-06T06:36:36","modified_gmt":"2023-12-06T06:36:36","slug":"11-felak-suresi","status":"publish","type":"page","link":"https:\/\/pusuladernegi.org\/?page_id=6389","title":{"rendered":"11. Felak Suresi"},"content":{"rendered":"\n<figure class=\"wp-block-table is-style-stripes\"><table><tbody><tr><td><strong>1.\u00a0Ders: Kur\u2019an-\u0131 Kerim<\/strong><br \/><strong>2. Ders: K\u0131sa Surelerin tefsiri<\/strong><br \/><strong>3.\u00a0Ders: Genel K\u00fclt\u00fcr<\/strong><br \/><a href=\"https:\/\/pusuladernegi.org\/?page_id=6303\"><strong>\u00d6\u011fretmen G\u00f6zlemleri 2013\u20132014<\/strong><\/a><\/td><\/tr><tr><td><strong>1.\u00a0Kur\u2019an-\u0131 Kerim<\/strong><\/td><\/tr><tr><td><strong>2. Felak Suresinin Tefsiri<\/strong><br \/><strong>2.1. HEDEF<\/strong><br \/>1- Surenin ismi hakk\u0131nda<br \/>2- Fatiha suresi ile <strong>muavezeteyn <\/strong>suresinin aras\u0131ndaki ili\u015fki.<br \/>3- \u0130lk sureler gibi muhatab\u0131n\u0131 in\u015fa edici \u00f6zellikte olmas\u0131.<br \/>4- \u0130nsan iradesinin g\u00f6r\u00fcnmeye ve bilinmeyen taraf\u0131ndan esir al\u0131nma tehdidine kar\u015f\u0131 muhte\u015fem bir form\u00fcl sunmas\u0131. Sure bu y\u00f6n\u00fcyle icat edilmi\u015f ve icat edeni esir alan korkular\u0131n terbiyesine dairdir.<br \/>5- Sure z\u0131mmen g\u00f6r\u00fcnmeyen ve bilinmeyen varl\u0131klardan korkmay\u0131, insan\u0131n Allah&#8217;la ili\u015fkisinde ki zafiyetine ba\u011flar. Allah&#8217;\u0131n g\u00f6r\u00fcnen ve g\u00f6r\u00fcnmeyen, bilinen ve bilinmeyen t\u00fcm varl\u0131klar\u0131n da Rabbi oldu\u011funu vurgular. Muhatab\u0131ndan, t\u00fcm varl\u0131klar\u0131n \u015ferrinden Rabbe s\u0131\u011f\u0131nmas\u0131n\u0131 ister. \u00c7\u00fcnk\u00fc sure ayn\u0131 zamanda g\u00f6r\u00fcnmeyen ve bilinmeyen kar\u015f\u0131s\u0131nda Allah&#8217;tan ba\u015fkas\u0131na s\u0131\u011f\u0131nmay\u0131 z\u0131mnen d\u0131\u015flar ve reddeder.<br \/>6- \u0130man eden insana Rabbe s\u0131\u011f\u0131nmay\u0131 \u00f6\u011fretir ve \u00f6\u011f\u00fctler. Yaln\u0131zca cin gibi g\u00f6r\u00fcnmeyen ve bilinmeyen d\u00fcnyalara dair vehme dayal\u0131 korkulardan de\u011fil, ayn\u0131 zamanda &#8220;cehalet karanl\u0131\u011f\u0131&#8221; gibi kendini bilmezlik durumundan da Rabbine s\u0131\u011f\u0131nacakt\u0131r.<br \/>7- Kalbin ak\u0131lla olan ba\u011f\u0131n\u0131 kopar\u0131p insanlar\u0131 &#8221; bilgiye de\u011fil korkuya, makule de\u011fil mahsusa, imana de\u011fil heyecana \u00e7a\u011f\u0131ran \u00fcf\u00fcr\u00fck\u00e7\u00fcler&#8221; gibi \u015farlatanlardan ve &#8221; hased\u00e7inin hasedi&#8221; gibi zararl\u0131 duygulardan da Rabbe s\u0131\u011f\u0131nmak.<br \/>8-Hayatta olumluluklar oldu\u011fu kadar olumsuzluklar da var. \u0130\u015fte bu y\u00fczden ba\u015fa gelebilecek b\u00fct\u00fcn olumsuzluklardan da dua ya s\u0131\u011f\u0131nmak<\/td><\/tr><tr><td><strong>2.2. \u00d6NE \u00c7IKAN KAVRAMLAR<\/strong><br \/>S\u0131\u011f\u0131nma, \u015eer, Gas\u0131k, Ukad, Nefese, Hased<\/td><\/tr><tr><td><strong>2.3. ETK\u0130NL\u0130K &#8211; Y\u00d6NTEM \/ MATERYALLER \/ TARTI\u015eMA<\/strong><br \/>-Sihir ve b\u00fcy\u00fc ne demek?<br \/>-Allah&#8217;\u0131n izni olmadan sihir ve b\u00fcy\u00fc insana tesir eder mi?<br \/>-Peygamber Efendimizin yatmadan \u00f6nce \u0130hlas, Muavezeteyn, Ayetel K\u00fcrsi ve Fatiha surelerini okuyup, avucunun i\u00e7ine \u00fcfleyip v\u00fccudunu s\u0131vazlamas\u0131 ve bunu 3 kere tekrarlamas\u0131. Bu s\u00fcnnetin uygulamaya ge\u00e7irerek ya\u015fant\u0131m\u0131zda yer etmesi.<\/td><\/tr><tr><td><strong>3. Genel K\u00fclt\u00fcr<\/strong><\/td><\/tr><\/tbody><\/table><\/figure>\n","protected":false},"excerpt":{"rendered":"<p>1.\u00a0Ders: Kur\u2019an-\u0131 Kerim2. Ders: K\u0131sa Surelerin tefsiri3.\u00a0Ders: Genel K\u00fclt\u00fcr\u00d6\u011fretmen G\u00f6zlemleri 2013\u20132014 1.\u00a0Kur\u2019an-\u0131 Kerim 2. Felak Suresinin Tefsiri2.1. HEDEF1- Surenin ismi<\/p>\n","protected":false},"author":1,"featured_media":0,"parent":6292,"menu_order":0,"comment_status":"open","ping_status":"open","template":"","meta":{"colormag_page_container_layout":"default_layout","colormag_page_sidebar_layout":"default_layout","footnotes":""},"class_list":["post-6389","page","type-page","status-publish","hentry"],"_links":{"self":[{"href":"https:\/\/pusuladernegi.org\/index.php?rest_route=\/wp\/v2\/pages\/6389"}],"collection":[{"href":"https:\/\/pusuladernegi.org\/index.php?rest_route=\/wp\/v2\/pages"}],"about":[{"href":"https:\/\/pusuladernegi.org\/index.php?rest_route=\/wp\/v2\/types\/page"}],"author":[{"embeddable":true,"href":"https:\/\/pusuladernegi.org\/index.php?rest_route=\/wp\/v2\/users\/1"}],"replies":[{"embeddable":true,"href":"https:\/\/pusuladernegi.org\/index.php?rest_route=%2Fwp%2Fv2%2Fcomments&post=6389"}],"version-history":[{"count":6,"href":"https:\/\/pusuladernegi.org\/index.php?rest_route=\/wp\/v2\/pages\/6389\/revisions"}],"predecessor-version":[{"id":36911,"href":"https:\/\/pusuladernegi.org\/index.php?rest_route=\/wp\/v2\/pages\/6389\/revisions\/36911"}],"up":[{"embeddable":true,"href":"https:\/\/pusuladernegi.org\/index.php?rest_route=\/wp\/v2\/pages\/6292"}],"wp:attachment":[{"href":"https:\/\/pusuladernegi.org\/index.php?rest_route=%2Fwp%2Fv2%2Fmedia&parent=6389"}],"curies":[{"name":"wp","href":"https:\/\/api.w.org\/{rel}","templated":true}]}}