{"id":6439,"date":"2013-09-30T09:25:16","date_gmt":"2013-09-30T09:25:16","guid":{"rendered":"http:\/\/pusuladernegi.org\/?page_id=6439"},"modified":"2013-12-04T14:17:24","modified_gmt":"2013-12-04T14:17:24","slug":"10-hz-davud-ve-suleyman","status":"publish","type":"page","link":"https:\/\/pusuladernegi.org\/?page_id=6439","title":{"rendered":"10. Hz. Davud ve S\u00fcleyman (as)"},"content":{"rendered":"<p><strong>1.\u00a0Ders: Kur\u2019an-\u0131 Kerim <\/strong><\/p>\n<p><strong>2. Ders: Kur\u2019an\u2019da Ge\u00e7en Peygamberlerin K\u0131ssalar\u0131<\/strong><\/p>\n<p><strong>3.\u00a0Ders: Genel K\u00fclt\u00fcr<\/strong><\/p>\n<p>\u00a0<a title=\"\u00d6\u011fretmen G\u00f6zlemleri 2013\u20132014\" href=\"https:\/\/pusuladernegi.org\/?page_id=6343\"><strong>\u00d6\u011fretmen G\u00f6zlemleri 2013\u20132014<\/strong><\/a><\/p>\n<h2><strong><strong>1.\u00a0Kur\u2019an-\u0131 Kerim<\/strong><\/strong><\/h2>\n<p>1.<\/p>\n<p>2.<\/p>\n<h2><strong>2. Hz. Davud ve S\u00fcleyman\u00a0(as)<\/strong><\/h2>\n<p>&nbsp;<\/p>\n<div>\n<table width=\"117\" border=\"0\" cellspacing=\"0\" cellpadding=\"0\">\n<colgroup>\n<col width=\"117\" \/><\/colgroup>\n<tbody>\n<tr>\n<td width=\"117\" height=\"21\"><a href=\"https:\/\/pusuladernegi.org\/wp-content\/uploads\/3.3.-hz-davud-hz-s\u00fcleyman.pdf\">Kur\u2019an\u2019da\u00a0Hz. Davud ve S\u00fcleyman (as)<\/a><\/td>\n<\/tr>\n<\/tbody>\n<\/table>\n<\/div>\n<div>\u00a0<\/div>\n<div><strong>2.1. HEDEF<\/strong><\/div>\n<div><strong><\/strong>\u00a0<\/div>\n<div>\n<p><strong>2.2. \u00d6NE \u00c7IKAN KAVRAMLAR<\/strong><\/p>\n<p><strong>2.3. ETK\u0130NL\u0130K-Y\u00d6NTEM\/\/MATERYALLER<\/strong><\/p>\n<p>\u00d6\u011frencilerle birlikte k\u0131ssalardan \u00e7\u0131kar\u0131lan hususlar de\u011ferlendirilmeli<\/p>\n<p>&nbsp;<\/p>\n<h2><strong>3. Genel K\u00fclt\u00fcr<\/strong><\/h2>\n<\/div>\n<div>\u00a0<\/div>\n","protected":false},"excerpt":{"rendered":"<p>1.\u00a0Ders: Kur\u2019an-\u0131 Kerim 2. Ders: Kur\u2019an\u2019da Ge\u00e7en Peygamberlerin K\u0131ssalar\u0131 3.\u00a0Ders: Genel K\u00fclt\u00fcr \u00a0\u00d6\u011fretmen G\u00f6zlemleri 2013\u20132014 1.\u00a0Kur\u2019an-\u0131 Kerim 1. 2. 2.<\/p>\n","protected":false},"author":1,"featured_media":0,"parent":6308,"menu_order":0,"comment_status":"open","ping_status":"open","template":"template-onecolumn.php","meta":{"colormag_page_container_layout":"default_layout","colormag_page_sidebar_layout":"default_layout","footnotes":""},"class_list":["post-6439","page","type-page","status-publish","hentry"],"_links":{"self":[{"href":"https:\/\/pusuladernegi.org\/index.php?rest_route=\/wp\/v2\/pages\/6439"}],"collection":[{"href":"https:\/\/pusuladernegi.org\/index.php?rest_route=\/wp\/v2\/pages"}],"about":[{"href":"https:\/\/pusuladernegi.org\/index.php?rest_route=\/wp\/v2\/types\/page"}],"author":[{"embeddable":true,"href":"https:\/\/pusuladernegi.org\/index.php?rest_route=\/wp\/v2\/users\/1"}],"replies":[{"embeddable":true,"href":"https:\/\/pusuladernegi.org\/index.php?rest_route=%2Fwp%2Fv2%2Fcomments&post=6439"}],"version-history":[{"count":3,"href":"https:\/\/pusuladernegi.org\/index.php?rest_route=\/wp\/v2\/pages\/6439\/revisions"}],"predecessor-version":[{"id":7400,"href":"https:\/\/pusuladernegi.org\/index.php?rest_route=\/wp\/v2\/pages\/6439\/revisions\/7400"}],"up":[{"embeddable":true,"href":"https:\/\/pusuladernegi.org\/index.php?rest_route=\/wp\/v2\/pages\/6308"}],"wp:attachment":[{"href":"https:\/\/pusuladernegi.org\/index.php?rest_route=%2Fwp%2Fv2%2Fmedia&parent=6439"}],"curies":[{"name":"wp","href":"https:\/\/api.w.org\/{rel}","templated":true}]}}