{"id":6738,"date":"2013-10-23T08:53:19","date_gmt":"2013-10-23T08:53:19","guid":{"rendered":"http:\/\/pusuladernegi.org\/?page_id=6738"},"modified":"2013-10-23T11:50:16","modified_gmt":"2013-10-23T11:50:16","slug":"guzel-sozler-3","status":"publish","type":"page","link":"https:\/\/pusuladernegi.org\/?page_id=6738","title":{"rendered":"G\u00fczel S\u00f6zler-3"},"content":{"rendered":"<p><a title=\"G\u00fczel S\u00f6zler-1\" href=\"https:\/\/pusuladernegi.org\/?page_id=6733\"><strong>G\u00fczel S\u00f6zler-1\u00a0<\/strong><\/a><strong>\u00a0\u00a0\u00a0\u00a0\u00a0\u00a0\u00a0\u00a0 <\/strong><a title=\"G\u00fczel S\u00f6zler-2\" href=\"https:\/\/pusuladernegi.org\/?page_id=6736\"><strong>G\u00fczel S\u00f6zler-2<\/strong><\/a><strong>\u00a0\u00a0\u00a0\u00a0\u00a0\u00a0\u00a0\u00a0\u00a0 <\/strong><a title=\"G\u00fczel S\u00f6zler-3\" href=\"https:\/\/pusuladernegi.org\/?page_id=6738\"><strong>G\u00fczel S\u00f6zler-3<\/strong><\/a><\/p>\n<p>1. Kendimize faydal\u0131 olmadan ba\u015fkas\u0131na faydal\u0131 olamazs\u0131n\u0131z. V. Paucht<\/p>\n<p>2. Ki\u015fiye mezar\u0131nda d\u00fcnyadaki amelinden ba\u015fka arkada\u015f yoktur. Hz. Ali\u00a0\u00a0\u00a0\u00a0<\/p>\n<p>3. Kolay bir i\u015fe zor diye, zor bir i\u015fe kolay diye ba\u015fla. B. Gracian<\/p>\n<p>4. Korkaklar hi\u00e7bir zaman zafer an\u0131tlar\u0131 dikmemi\u015flerdir. W. Watson<\/p>\n<p>5. Korku i\u00e7inde ya\u015fayan adam asla h\u00fcr de\u011fildir. Horalius<\/p>\n<p>6. Korku b\u00fct\u00fcn faziletlerin \u00f6n\u00fcne set \u00e7eker. Pubilius Syrus<\/p>\n<p>7. Kusurumuz ne kadar \u00e7oksa o kadar \u00e7ok kusur arar\u0131z. Cenap \u015eahabettin<\/p>\n<p>8. K\u00fckreyen bir fil bile g\u00f6rd\u00fc\u011f\u00fc iyilik y\u00fcz\u00fcnden sahibine sald\u0131rmaz. Sadi<\/p>\n<p>9. Mal sarho\u015flu\u011fu i\u00e7ki sarho\u015flu\u011fundan daha \u015fiddetlidir. Hz. Ali<\/p>\n<p>10. K\u00f6r olmak felaket de\u011fil felaket olan k\u00f6rl\u00fc\u011fe dayanamamakt\u0131r. John Milton<\/p>\n<p>11. K\u00f6rler \u00e7ar\u015f\u0131s\u0131nda ayna satma! Sa\u011f\u0131rlar \u00e7ar\u015f\u0131s\u0131nda gazel atma. Mevlana<\/p>\n<p>12. K\u00f6t\u00fc bir adam g\u00f6r\u00fcnce onun kusurlar\u0131n\u0131 kendinizde de\u00a0 aray\u0131n. Konfi\u00e7yus<\/p>\n<p>13. K\u00f6t\u00fc huyu adet edinme k\u00f6kle\u015fir, yerle\u015fir. Mevlana<\/p>\n<p>14. K\u00f6t\u00fcler kendilerine tahamm\u00fcl edildik\u00e7e daha \u00e7ok azarlar. Tolstoy<\/p>\n<p>15. K\u00f6t\u00fclerle oturmaktansa yaln\u0131z olmak daha iyidir. Hz. Ali<\/p>\n<p>16. K\u00f6t\u00fcl\u00fc\u011fe kolayca girilir, ama g\u00fc\u00e7 \u00e7\u0131k\u0131l\u0131r. Madame de Maintenon<\/p>\n<p>17. K\u00f6t\u00fcl\u00fc\u011f\u00fc bilmeyen onun tuza\u011f\u0131na d\u00fc\u015fer. Hz. \u00d6mer<\/p>\n<p>18. Kurtlar birbirine d\u00fc\u015ft\u00fc\u011f\u00fc zaman aralar\u0131nda koyun rahat eder. Sadi<\/p>\n<p>19. Kusuru kendisine s\u00f6ylenmeyen adam ay\u0131b\u0131n\u0131 h\u00fcner san\u0131r. Sadi \u015eirazi<\/p>\n<p>20. \u00d6l\u00fcm\u00fc unutmak demek, kalbin paslanmas\u0131 demektir. Hz. Ali<\/p>\n<p>21. Para \u00e7o\u011fald\u0131k\u00e7a paraya kar\u015f\u0131 olan sevgide \u00e7o\u011fal\u0131r. Juvenalis<\/p>\n<p>22. Onlar\u0131n pe\u015finden gidecek cesaretiniz varsa b\u00fct\u00fcn r\u00fcyalar ger\u00e7ek olabilir. W. Disney<\/p>\n<p>23. Onu i\u00e7imizde ta\u015f\u0131m\u0131yorsak asla bulamay\u0131z. R.W. Emerson<\/p>\n<p>24. \u00d6ld\u00fckten sonrada ya\u015famak istiyorsan\u0131z, \u00f6lmeyen eserler b\u0131rak\u0131n\u0131z. Hz. Ali<\/p>\n<p>25. Nezaket para ile al\u0131nmaz, ama her \u015feyi sat\u0131n al\u0131r. Mary Montagu<\/p>\n<p>&nbsp;<\/p>\n<p><span style=\"color: #ff0000;\">1. Allah sevdi\u011fi insan\u0131, kendisine ihtiya\u00e7 duyulan yere g\u00f6nderir. (Goethe)<\/span><\/p>\n<p><span style=\"color: #ff0000;\">2. Kendini hak ile me\u015fgul etmezsen,bat\u0131l seni istila eder. (\u0130mam \u015eafi)<\/span><\/p>\n<p><span style=\"color: #ff0000;\">3. As\u0131l olan yanl\u0131\u015ftan d\u00f6nmek de\u011fil, do\u011frudan sapmamakt\u0131r. C\u00fcneyd-i Ba\u011fdadi<\/span><\/p>\n<p><span style=\"color: #ff0000;\">4. K\u00f6t\u00fc bir adam g\u00f6r\u00fcnce onun kusurlar\u0131n\u0131 kendinizde de aray\u0131n. Konfi\u00e7yus<\/span><\/p>\n<p><span style=\"color: #ff0000;\">5. Sizi \u00f6venlerden \u00e7ok, size \u00f6\u011f\u00fct verenlere ba\u011flan\u0131n. Boiteav<\/span><\/p>\n<p>&nbsp;<\/p>\n","protected":false},"excerpt":{"rendered":"<p>G\u00fczel S\u00f6zler-1\u00a0\u00a0\u00a0\u00a0\u00a0\u00a0\u00a0\u00a0\u00a0 G\u00fczel S\u00f6zler-2\u00a0\u00a0\u00a0\u00a0\u00a0\u00a0\u00a0\u00a0\u00a0 G\u00fczel S\u00f6zler-3 1. Kendimize faydal\u0131 olmadan ba\u015fkas\u0131na faydal\u0131 olamazs\u0131n\u0131z. V. Paucht 2. Ki\u015fiye mezar\u0131nda d\u00fcnyadaki amelinden<\/p>\n","protected":false},"author":1,"featured_media":0,"parent":6731,"menu_order":0,"comment_status":"open","ping_status":"open","template":"template-onecolumn.php","meta":{"colormag_page_container_layout":"default_layout","colormag_page_sidebar_layout":"default_layout","footnotes":""},"class_list":["post-6738","page","type-page","status-publish","hentry"],"_links":{"self":[{"href":"https:\/\/pusuladernegi.org\/index.php?rest_route=\/wp\/v2\/pages\/6738"}],"collection":[{"href":"https:\/\/pusuladernegi.org\/index.php?rest_route=\/wp\/v2\/pages"}],"about":[{"href":"https:\/\/pusuladernegi.org\/index.php?rest_route=\/wp\/v2\/types\/page"}],"author":[{"embeddable":true,"href":"https:\/\/pusuladernegi.org\/index.php?rest_route=\/wp\/v2\/users\/1"}],"replies":[{"embeddable":true,"href":"https:\/\/pusuladernegi.org\/index.php?rest_route=%2Fwp%2Fv2%2Fcomments&post=6738"}],"version-history":[{"count":4,"href":"https:\/\/pusuladernegi.org\/index.php?rest_route=\/wp\/v2\/pages\/6738\/revisions"}],"predecessor-version":[{"id":6744,"href":"https:\/\/pusuladernegi.org\/index.php?rest_route=\/wp\/v2\/pages\/6738\/revisions\/6744"}],"up":[{"embeddable":true,"href":"https:\/\/pusuladernegi.org\/index.php?rest_route=\/wp\/v2\/pages\/6731"}],"wp:attachment":[{"href":"https:\/\/pusuladernegi.org\/index.php?rest_route=%2Fwp%2Fv2%2Fmedia&parent=6738"}],"curies":[{"name":"wp","href":"https:\/\/api.w.org\/{rel}","templated":true}]}}