{"id":7034,"date":"2013-11-08T06:06:09","date_gmt":"2013-11-08T06:06:09","guid":{"rendered":"http:\/\/pusuladernegi.org\/?page_id=7034"},"modified":"2025-10-12T11:56:06","modified_gmt":"2025-10-12T11:56:06","slug":"oncu-ve-onder-sahsiyetler","status":"publish","type":"page","link":"https:\/\/pusuladernegi.org\/?page_id=7034","title":{"rendered":"\u00d6nc\u00fc ve \u00d6nder \u015eahsiyetler"},"content":{"rendered":"\n<figure class=\"wp-block-table is-style-stripes\"><table class=\"has-fixed-layout\"><tbody><tr><td class=\"has-text-align-left\" data-align=\"left\">\u00d6nc\u00fc ve \u00f6nder \u015fahsiyetlerin sunumunda;<br \/>K\u0131sa tarihsel biyografisi verilir\u2026 An\u0131lar\u0131ndan anektodlar aktar\u0131l\u0131r\u2026 \u00d6ne \u00e7\u0131kan en \u00f6nemli \u00f6zelli\u011fi vurgulan\u0131r\u2026 \u00d6zl\u00fc s\u00f6zlerinden bir ka\u00e7\u0131 aktar\u0131l\u0131r\u2026 Varsa k\u0131sa bir filmi izlettirilir\u2026 \u015eiiri varsa bir tanesi okunur\u2026<\/td><td class=\"has-text-align-left\" data-align=\"left\">2013-2014 d\u00f6neminde Gen\u00e7 Pusula \u00f6\u011frencileri<br \/>&#8211;<a href=\"https:\/\/pusuladernegi.org\/?page_id=7045\">Malcolm X<\/a> (Ekim ay\u0131nda i\u015flendi)&nbsp;<br \/>-Hz. H\u00fcseyin (Kas\u0131m ay\u0131nda Muharrem ay\u0131)<br \/>&#8211;<a href=\"https:\/\/pusuladernegi.org\/?page_id=7047\">\u015eeyh Ahmet Yasin<\/a><br \/>&#8211;<a href=\"https:\/\/pusuladernegi.org\/?page_id=7051\">\u015eeyh \u015eamil<\/a><br \/>-M\u0131s\u0131r ve Esma<br \/>-Mavi Marmara \u015fehitleri ve Furkan (may\u0131s ay\u0131)<\/td><\/tr><\/tbody><\/table><\/figure>\n","protected":false},"excerpt":{"rendered":"<p>\u00d6nc\u00fc ve \u00f6nder \u015fahsiyetlerin sunumunda;K\u0131sa tarihsel biyografisi verilir\u2026 An\u0131lar\u0131ndan anektodlar aktar\u0131l\u0131r\u2026 \u00d6ne \u00e7\u0131kan en \u00f6nemli \u00f6zelli\u011fi vurgulan\u0131r\u2026 \u00d6zl\u00fc s\u00f6zlerinden bir<\/p>\n","protected":false},"author":1,"featured_media":0,"parent":7040,"menu_order":0,"comment_status":"open","ping_status":"open","template":"","meta":{"colormag_page_container_layout":"default_layout","colormag_page_sidebar_layout":"default_layout","footnotes":""},"class_list":["post-7034","page","type-page","status-publish","hentry"],"_links":{"self":[{"href":"https:\/\/pusuladernegi.org\/index.php?rest_route=\/wp\/v2\/pages\/7034"}],"collection":[{"href":"https:\/\/pusuladernegi.org\/index.php?rest_route=\/wp\/v2\/pages"}],"about":[{"href":"https:\/\/pusuladernegi.org\/index.php?rest_route=\/wp\/v2\/types\/page"}],"author":[{"embeddable":true,"href":"https:\/\/pusuladernegi.org\/index.php?rest_route=\/wp\/v2\/users\/1"}],"replies":[{"embeddable":true,"href":"https:\/\/pusuladernegi.org\/index.php?rest_route=%2Fwp%2Fv2%2Fcomments&post=7034"}],"version-history":[{"count":11,"href":"https:\/\/pusuladernegi.org\/index.php?rest_route=\/wp\/v2\/pages\/7034\/revisions"}],"predecessor-version":[{"id":40291,"href":"https:\/\/pusuladernegi.org\/index.php?rest_route=\/wp\/v2\/pages\/7034\/revisions\/40291"}],"up":[{"embeddable":true,"href":"https:\/\/pusuladernegi.org\/index.php?rest_route=\/wp\/v2\/pages\/7040"}],"wp:attachment":[{"href":"https:\/\/pusuladernegi.org\/index.php?rest_route=%2Fwp%2Fv2%2Fmedia&parent=7034"}],"curies":[{"name":"wp","href":"https:\/\/api.w.org\/{rel}","templated":true}]}}