{"id":8533,"date":"2014-05-20T15:02:51","date_gmt":"2014-05-20T15:02:51","guid":{"rendered":"http:\/\/pusuladernegi.org\/?page_id=8533"},"modified":"2024-08-20T16:49:30","modified_gmt":"2024-08-20T16:49:30","slug":"cizgilerle-kirk-hadis-sergisi","status":"publish","type":"page","link":"https:\/\/pusuladernegi.org\/?page_id=8533","title":{"rendered":"\u00c7\u0130ZG\u0130LERLE KIRK HAD\u0130S SERG\u0130S\u0130 FOTO\u011eRAFLAR"},"content":{"rendered":"\n<p>A\u015fa\u011f\u0131da 23-25 May\u0131s 2014 tarihinde yap\u0131lan \u201c\u00c7izgilerle K\u0131rk Hadis Sergisine&#8221; ait foto\u011fraflar\u0131 bulabilirsiniz.<\/p>\n\n\n\n<figure class=\"wp-block-gallery has-nested-images columns-4 is-cropped wp-block-gallery-1 is-layout-flex wp-block-gallery-is-layout-flex\">\n<figure class=\"wp-block-image size-full\"><a href=\"https:\/\/pusuladernegi.org\/wp-content\/uploads\/2014_5_23-25_\u00e7izgilerle-k\u0131rk-hadis-sergisi-121.jpg\"><img loading=\"lazy\" decoding=\"async\" width=\"800\" height=\"600\" data-id=\"8581\" src=\"https:\/\/pusuladernegi.org\/wp-content\/uploads\/2014_5_23-25_\u00e7izgilerle-k\u0131rk-hadis-sergisi-121.jpg\" alt=\"\" class=\"wp-image-8581\" srcset=\"https:\/\/pusuladernegi.org\/wp-content\/uploads\/2014_5_23-25_\u00e7izgilerle-k\u0131rk-hadis-sergisi-121.jpg 800w, https:\/\/pusuladernegi.org\/wp-content\/uploads\/2014_5_23-25_\u00e7izgilerle-k\u0131rk-hadis-sergisi-121-300x225.jpg 300w\" sizes=\"(max-width: 800px) 100vw, 800px\" \/><\/a><figcaption>Bayrampa\u015fa kaymakam\u0131, belediye ba\u015fkan\u0131, AK Parti il\u00e7e Ba\u015fkan\u0131 ve dernek ba\u015fkan\u0131m\u0131z a\u00e7\u0131l\u0131\u015f\u0131 ger\u00e7ekle\u015ftirirken<\/figcaption><\/figure>\n\n\n\n<figure class=\"wp-block-image size-full\"><a href=\"https:\/\/pusuladernegi.org\/wp-content\/uploads\/2014_5_23-25_\u00e7izgilerle-k\u0131rk-hadis-sergisi-23.jpg\"><img loading=\"lazy\" decoding=\"async\" width=\"800\" height=\"600\" data-id=\"8593\" src=\"https:\/\/pusuladernegi.org\/wp-content\/uploads\/2014_5_23-25_\u00e7izgilerle-k\u0131rk-hadis-sergisi-23.jpg\" alt=\"\" class=\"wp-image-8593\" srcset=\"https:\/\/pusuladernegi.org\/wp-content\/uploads\/2014_5_23-25_\u00e7izgilerle-k\u0131rk-hadis-sergisi-23.jpg 800w, https:\/\/pusuladernegi.org\/wp-content\/uploads\/2014_5_23-25_\u00e7izgilerle-k\u0131rk-hadis-sergisi-23-300x225.jpg 300w\" sizes=\"(max-width: 800px) 100vw, 800px\" \/><\/a><\/figure>\n\n\n\n<figure class=\"wp-block-image size-full\"><a href=\"https:\/\/pusuladernegi.org\/wp-content\/uploads\/2014_5_23-25_\u00e7izgilerle-k\u0131rk-hadis-sergisi-28.jpg\"><img loading=\"lazy\" decoding=\"async\" width=\"800\" height=\"600\" data-id=\"8602\" src=\"https:\/\/pusuladernegi.org\/wp-content\/uploads\/2014_5_23-25_\u00e7izgilerle-k\u0131rk-hadis-sergisi-28.jpg\" alt=\"\" class=\"wp-image-8602\" srcset=\"https:\/\/pusuladernegi.org\/wp-content\/uploads\/2014_5_23-25_\u00e7izgilerle-k\u0131rk-hadis-sergisi-28.jpg 800w, https:\/\/pusuladernegi.org\/wp-content\/uploads\/2014_5_23-25_\u00e7izgilerle-k\u0131rk-hadis-sergisi-28-300x225.jpg 300w\" sizes=\"(max-width: 800px) 100vw, 800px\" \/><\/a><\/figure>\n\n\n\n<figure class=\"wp-block-image size-full\"><a href=\"https:\/\/pusuladernegi.org\/wp-content\/uploads\/2014_5_23-25_\u00e7izgilerle-k\u0131rk-hadis-sergisi-27.jpg\"><img loading=\"lazy\" decoding=\"async\" width=\"800\" height=\"600\" data-id=\"8599\" src=\"https:\/\/pusuladernegi.org\/wp-content\/uploads\/2014_5_23-25_\u00e7izgilerle-k\u0131rk-hadis-sergisi-27.jpg\" alt=\"\" class=\"wp-image-8599\" srcset=\"https:\/\/pusuladernegi.org\/wp-content\/uploads\/2014_5_23-25_\u00e7izgilerle-k\u0131rk-hadis-sergisi-27.jpg 800w, https:\/\/pusuladernegi.org\/wp-content\/uploads\/2014_5_23-25_\u00e7izgilerle-k\u0131rk-hadis-sergisi-27-300x225.jpg 300w\" sizes=\"(max-width: 800px) 100vw, 800px\" \/><\/a><\/figure>\n\n\n\n<figure class=\"wp-block-image size-full\"><a href=\"https:\/\/pusuladernegi.org\/wp-content\/uploads\/2014_5_23-25_\u00e7izgilerle-k\u0131rk-hadis-sergisi-22.jpg\"><img loading=\"lazy\" decoding=\"async\" width=\"800\" height=\"600\" data-id=\"8592\" src=\"https:\/\/pusuladernegi.org\/wp-content\/uploads\/2014_5_23-25_\u00e7izgilerle-k\u0131rk-hadis-sergisi-22.jpg\" alt=\"\" class=\"wp-image-8592\" srcset=\"https:\/\/pusuladernegi.org\/wp-content\/uploads\/2014_5_23-25_\u00e7izgilerle-k\u0131rk-hadis-sergisi-22.jpg 800w, https:\/\/pusuladernegi.org\/wp-content\/uploads\/2014_5_23-25_\u00e7izgilerle-k\u0131rk-hadis-sergisi-22-300x225.jpg 300w\" sizes=\"(max-width: 800px) 100vw, 800px\" \/><\/a><\/figure>\n\n\n\n<figure class=\"wp-block-image size-full\"><a href=\"https:\/\/pusuladernegi.org\/wp-content\/uploads\/web_\u00fcst_\u00e7izgilerle-k\u0131rk-hadis_sergisi_2014_5_23-251.jpg\"><img loading=\"lazy\" decoding=\"async\" width=\"960\" height=\"198\" data-id=\"8535\" src=\"https:\/\/pusuladernegi.org\/wp-content\/uploads\/web_\u00fcst_\u00e7izgilerle-k\u0131rk-hadis_sergisi_2014_5_23-251.jpg\" alt=\"\" class=\"wp-image-8535\" srcset=\"https:\/\/pusuladernegi.org\/wp-content\/uploads\/web_\u00fcst_\u00e7izgilerle-k\u0131rk-hadis_sergisi_2014_5_23-251.jpg 960w, https:\/\/pusuladernegi.org\/wp-content\/uploads\/web_\u00fcst_\u00e7izgilerle-k\u0131rk-hadis_sergisi_2014_5_23-251-300x61.jpg 300w\" sizes=\"(max-width: 960px) 100vw, 960px\" \/><\/a><figcaption>\u00e7izgilerle k\u0131rk hadis sergisi direkler aras\u0131 vinil afi\u015f<\/figcaption><\/figure>\n\n\n\n<figure class=\"wp-block-image size-full\"><a href=\"https:\/\/pusuladernegi.org\/wp-content\/uploads\/2014_5_23-25_\u00e7izgilerle-k\u0131rk-hadis-sergisi-21.jpg\"><img loading=\"lazy\" decoding=\"async\" width=\"800\" height=\"600\" data-id=\"8591\" src=\"https:\/\/pusuladernegi.org\/wp-content\/uploads\/2014_5_23-25_\u00e7izgilerle-k\u0131rk-hadis-sergisi-21.jpg\" alt=\"\" class=\"wp-image-8591\" srcset=\"https:\/\/pusuladernegi.org\/wp-content\/uploads\/2014_5_23-25_\u00e7izgilerle-k\u0131rk-hadis-sergisi-21.jpg 800w, https:\/\/pusuladernegi.org\/wp-content\/uploads\/2014_5_23-25_\u00e7izgilerle-k\u0131rk-hadis-sergisi-21-300x225.jpg 300w\" sizes=\"(max-width: 800px) 100vw, 800px\" \/><\/a><figcaption>Bayrampa\u015fa Kaymakam\u0131 hasan g\u00f6zen \u00e7ocuklarla<\/figcaption><\/figure>\n\n\n\n<figure class=\"wp-block-image size-full\"><a href=\"https:\/\/pusuladernegi.org\/wp-content\/uploads\/2014_5_23-25_\u00e7izgilerle-k\u0131rk-hadis-sergisi-20.jpg\"><img loading=\"lazy\" decoding=\"async\" width=\"800\" height=\"600\" data-id=\"8590\" src=\"https:\/\/pusuladernegi.org\/wp-content\/uploads\/2014_5_23-25_\u00e7izgilerle-k\u0131rk-hadis-sergisi-20.jpg\" alt=\"\" class=\"wp-image-8590\" srcset=\"https:\/\/pusuladernegi.org\/wp-content\/uploads\/2014_5_23-25_\u00e7izgilerle-k\u0131rk-hadis-sergisi-20.jpg 800w, https:\/\/pusuladernegi.org\/wp-content\/uploads\/2014_5_23-25_\u00e7izgilerle-k\u0131rk-hadis-sergisi-20-300x225.jpg 300w\" sizes=\"(max-width: 800px) 100vw, 800px\" \/><\/a><figcaption>pusula \u00e7ocuk erkek \u00f6\u011frencileri ayet ve hadis okudu<\/figcaption><\/figure>\n\n\n\n<figure class=\"wp-block-image size-full\"><a href=\"https:\/\/pusuladernegi.org\/wp-content\/uploads\/2014_5_23-25_\u00e7izgilerle-k\u0131rk-hadis-sergisi-19.jpg\"><img loading=\"lazy\" decoding=\"async\" width=\"800\" height=\"600\" data-id=\"8589\" src=\"https:\/\/pusuladernegi.org\/wp-content\/uploads\/2014_5_23-25_\u00e7izgilerle-k\u0131rk-hadis-sergisi-19.jpg\" alt=\"\" class=\"wp-image-8589\" srcset=\"https:\/\/pusuladernegi.org\/wp-content\/uploads\/2014_5_23-25_\u00e7izgilerle-k\u0131rk-hadis-sergisi-19.jpg 800w, https:\/\/pusuladernegi.org\/wp-content\/uploads\/2014_5_23-25_\u00e7izgilerle-k\u0131rk-hadis-sergisi-19-300x225.jpg 300w\" sizes=\"(max-width: 800px) 100vw, 800px\" \/><\/a><figcaption>pusula \u00e7ocuk erkek \u00f6\u011frencileri ayet ve hadis okudu<\/figcaption><\/figure>\n\n\n\n<figure class=\"wp-block-image size-full\"><a href=\"https:\/\/pusuladernegi.org\/wp-content\/uploads\/2014_5_23-25_\u00e7izgilerle-k\u0131rk-hadis-sergisi-10.jpg\"><img loading=\"lazy\" decoding=\"async\" width=\"800\" height=\"600\" data-id=\"8579\" src=\"https:\/\/pusuladernegi.org\/wp-content\/uploads\/2014_5_23-25_\u00e7izgilerle-k\u0131rk-hadis-sergisi-10.jpg\" alt=\"\" class=\"wp-image-8579\" srcset=\"https:\/\/pusuladernegi.org\/wp-content\/uploads\/2014_5_23-25_\u00e7izgilerle-k\u0131rk-hadis-sergisi-10.jpg 800w, https:\/\/pusuladernegi.org\/wp-content\/uploads\/2014_5_23-25_\u00e7izgilerle-k\u0131rk-hadis-sergisi-10-300x225.jpg 300w\" sizes=\"(max-width: 800px) 100vw, 800px\" \/><\/a><\/figure>\n\n\n\n<figure class=\"wp-block-image size-full\"><a href=\"https:\/\/pusuladernegi.org\/wp-content\/uploads\/2014_5_23-25_\u00e7izgilerle-k\u0131rk-hadis-sergisi-11.jpg\"><img loading=\"lazy\" decoding=\"async\" width=\"800\" height=\"600\" data-id=\"8580\" src=\"https:\/\/pusuladernegi.org\/wp-content\/uploads\/2014_5_23-25_\u00e7izgilerle-k\u0131rk-hadis-sergisi-11.jpg\" alt=\"\" class=\"wp-image-8580\" srcset=\"https:\/\/pusuladernegi.org\/wp-content\/uploads\/2014_5_23-25_\u00e7izgilerle-k\u0131rk-hadis-sergisi-11.jpg 800w, https:\/\/pusuladernegi.org\/wp-content\/uploads\/2014_5_23-25_\u00e7izgilerle-k\u0131rk-hadis-sergisi-11-300x225.jpg 300w\" sizes=\"(max-width: 800px) 100vw, 800px\" \/><\/a><\/figure>\n\n\n\n<figure class=\"wp-block-image size-full\"><a href=\"https:\/\/pusuladernegi.org\/wp-content\/uploads\/2014_5_23-25_\u00e7izgilerle-k\u0131rk-hadis-sergisi-13.jpg\"><img loading=\"lazy\" decoding=\"async\" width=\"800\" height=\"600\" data-id=\"8582\" src=\"https:\/\/pusuladernegi.org\/wp-content\/uploads\/2014_5_23-25_\u00e7izgilerle-k\u0131rk-hadis-sergisi-13.jpg\" alt=\"\" class=\"wp-image-8582\" srcset=\"https:\/\/pusuladernegi.org\/wp-content\/uploads\/2014_5_23-25_\u00e7izgilerle-k\u0131rk-hadis-sergisi-13.jpg 800w, https:\/\/pusuladernegi.org\/wp-content\/uploads\/2014_5_23-25_\u00e7izgilerle-k\u0131rk-hadis-sergisi-13-300x225.jpg 300w\" sizes=\"(max-width: 800px) 100vw, 800px\" \/><\/a><figcaption>belediye ba\u015fkan\u0131m\u0131z atila ayd\u0131ner \u00e7ocuklarla yak\u0131ndan ilgilendi<\/figcaption><\/figure>\n\n\n\n<figure class=\"wp-block-image size-full\"><a href=\"https:\/\/pusuladernegi.org\/wp-content\/uploads\/2014_5_23-25_\u00e7izgilerle-k\u0131rk-hadis-sergisi-14.jpg\"><img loading=\"lazy\" decoding=\"async\" width=\"800\" height=\"600\" data-id=\"8583\" src=\"https:\/\/pusuladernegi.org\/wp-content\/uploads\/2014_5_23-25_\u00e7izgilerle-k\u0131rk-hadis-sergisi-14.jpg\" alt=\"\" class=\"wp-image-8583\" srcset=\"https:\/\/pusuladernegi.org\/wp-content\/uploads\/2014_5_23-25_\u00e7izgilerle-k\u0131rk-hadis-sergisi-14.jpg 800w, https:\/\/pusuladernegi.org\/wp-content\/uploads\/2014_5_23-25_\u00e7izgilerle-k\u0131rk-hadis-sergisi-14-300x225.jpg 300w\" sizes=\"(max-width: 800px) 100vw, 800px\" \/><\/a><figcaption>pusula \u00e7ocuk korosu ezgi seslendirirken<\/figcaption><\/figure>\n\n\n\n<figure class=\"wp-block-image size-full\"><a href=\"https:\/\/pusuladernegi.org\/wp-content\/uploads\/2014_5_23-25_\u00e7izgilerle-k\u0131rk-hadis-sergisi-15.jpg\"><img loading=\"lazy\" decoding=\"async\" width=\"800\" height=\"600\" data-id=\"8584\" src=\"https:\/\/pusuladernegi.org\/wp-content\/uploads\/2014_5_23-25_\u00e7izgilerle-k\u0131rk-hadis-sergisi-15.jpg\" alt=\"\" class=\"wp-image-8584\" srcset=\"https:\/\/pusuladernegi.org\/wp-content\/uploads\/2014_5_23-25_\u00e7izgilerle-k\u0131rk-hadis-sergisi-15.jpg 800w, https:\/\/pusuladernegi.org\/wp-content\/uploads\/2014_5_23-25_\u00e7izgilerle-k\u0131rk-hadis-sergisi-15-300x225.jpg 300w\" sizes=\"(max-width: 800px) 100vw, 800px\" \/><\/a><figcaption>pusula \u00e7ocuk korosu ezgi seslendirirken<\/figcaption><\/figure>\n\n\n\n<figure class=\"wp-block-image size-full\"><a href=\"https:\/\/pusuladernegi.org\/wp-content\/uploads\/2014_5_23-25_\u00e7izgilerle-k\u0131rk-hadis-sergisi-16.jpg\"><img loading=\"lazy\" decoding=\"async\" width=\"800\" height=\"600\" data-id=\"8585\" src=\"https:\/\/pusuladernegi.org\/wp-content\/uploads\/2014_5_23-25_\u00e7izgilerle-k\u0131rk-hadis-sergisi-16.jpg\" alt=\"\" class=\"wp-image-8585\" srcset=\"https:\/\/pusuladernegi.org\/wp-content\/uploads\/2014_5_23-25_\u00e7izgilerle-k\u0131rk-hadis-sergisi-16.jpg 800w, https:\/\/pusuladernegi.org\/wp-content\/uploads\/2014_5_23-25_\u00e7izgilerle-k\u0131rk-hadis-sergisi-16-300x225.jpg 300w\" sizes=\"(max-width: 800px) 100vw, 800px\" \/><\/a><figcaption>pusula \u00e7ocuk korosu ezgilerini b\u00fcy\u00fck bir dikkatle dinlenildi<\/figcaption><\/figure>\n\n\n\n<figure class=\"wp-block-image size-full\"><a href=\"https:\/\/pusuladernegi.org\/wp-content\/uploads\/2014_5_23-25_\u00e7izgilerle-k\u0131rk-hadis-sergisi-17.jpg\"><img loading=\"lazy\" decoding=\"async\" width=\"800\" height=\"600\" data-id=\"8587\" src=\"https:\/\/pusuladernegi.org\/wp-content\/uploads\/2014_5_23-25_\u00e7izgilerle-k\u0131rk-hadis-sergisi-17.jpg\" alt=\"\" class=\"wp-image-8587\" srcset=\"https:\/\/pusuladernegi.org\/wp-content\/uploads\/2014_5_23-25_\u00e7izgilerle-k\u0131rk-hadis-sergisi-17.jpg 800w, https:\/\/pusuladernegi.org\/wp-content\/uploads\/2014_5_23-25_\u00e7izgilerle-k\u0131rk-hadis-sergisi-17-300x225.jpg 300w\" sizes=\"(max-width: 800px) 100vw, 800px\" \/><\/a><figcaption>pusula \u00e7ocuk erkek \u00f6\u011frencileri ayet ve hadis okudu<\/figcaption><\/figure>\n\n\n\n<figure class=\"wp-block-image size-full\"><a href=\"https:\/\/pusuladernegi.org\/wp-content\/uploads\/2014_5_23-25_\u00e7izgilerle-k\u0131rk-hadis-sergisi-18.jpg\"><img loading=\"lazy\" decoding=\"async\" width=\"800\" height=\"600\" data-id=\"8588\" src=\"https:\/\/pusuladernegi.org\/wp-content\/uploads\/2014_5_23-25_\u00e7izgilerle-k\u0131rk-hadis-sergisi-18.jpg\" alt=\"\" class=\"wp-image-8588\" srcset=\"https:\/\/pusuladernegi.org\/wp-content\/uploads\/2014_5_23-25_\u00e7izgilerle-k\u0131rk-hadis-sergisi-18.jpg 800w, https:\/\/pusuladernegi.org\/wp-content\/uploads\/2014_5_23-25_\u00e7izgilerle-k\u0131rk-hadis-sergisi-18-300x225.jpg 300w\" sizes=\"(max-width: 800px) 100vw, 800px\" \/><\/a><figcaption>pusula \u00e7ocuk erkek \u00f6\u011frencileri ayet ve hadis okudu<\/figcaption><\/figure>\n\n\n\n<figure class=\"wp-block-image size-full\"><a href=\"https:\/\/pusuladernegi.org\/wp-content\/uploads\/2014_5_23-25_\u00e7izgilerle-k\u0131rk-hadis-sergisi-9.jpg\"><img loading=\"lazy\" decoding=\"async\" width=\"800\" height=\"600\" data-id=\"8578\" src=\"https:\/\/pusuladernegi.org\/wp-content\/uploads\/2014_5_23-25_\u00e7izgilerle-k\u0131rk-hadis-sergisi-9.jpg\" alt=\"\" class=\"wp-image-8578\" srcset=\"https:\/\/pusuladernegi.org\/wp-content\/uploads\/2014_5_23-25_\u00e7izgilerle-k\u0131rk-hadis-sergisi-9.jpg 800w, https:\/\/pusuladernegi.org\/wp-content\/uploads\/2014_5_23-25_\u00e7izgilerle-k\u0131rk-hadis-sergisi-9-300x225.jpg 300w\" sizes=\"(max-width: 800px) 100vw, 800px\" \/><\/a><\/figure>\n\n\n\n<figure class=\"wp-block-image size-full\"><a href=\"https:\/\/pusuladernegi.org\/wp-content\/uploads\/2014_5_23-25_\u00e7izgilerle-k\u0131rk-hadis-sergisi-8.jpg\"><img loading=\"lazy\" decoding=\"async\" width=\"800\" height=\"600\" data-id=\"8577\" src=\"https:\/\/pusuladernegi.org\/wp-content\/uploads\/2014_5_23-25_\u00e7izgilerle-k\u0131rk-hadis-sergisi-8.jpg\" alt=\"\" class=\"wp-image-8577\" srcset=\"https:\/\/pusuladernegi.org\/wp-content\/uploads\/2014_5_23-25_\u00e7izgilerle-k\u0131rk-hadis-sergisi-8.jpg 800w, https:\/\/pusuladernegi.org\/wp-content\/uploads\/2014_5_23-25_\u00e7izgilerle-k\u0131rk-hadis-sergisi-8-300x225.jpg 300w\" sizes=\"(max-width: 800px) 100vw, 800px\" \/><\/a><\/figure>\n\n\n\n<figure class=\"wp-block-image size-full\"><a href=\"https:\/\/pusuladernegi.org\/wp-content\/uploads\/2014_5_23-25_\u00e7izgilerle-k\u0131rk-hadis-sergisi-7.jpg\"><img loading=\"lazy\" decoding=\"async\" width=\"800\" height=\"600\" data-id=\"8576\" src=\"https:\/\/pusuladernegi.org\/wp-content\/uploads\/2014_5_23-25_\u00e7izgilerle-k\u0131rk-hadis-sergisi-7.jpg\" alt=\"\" class=\"wp-image-8576\" srcset=\"https:\/\/pusuladernegi.org\/wp-content\/uploads\/2014_5_23-25_\u00e7izgilerle-k\u0131rk-hadis-sergisi-7.jpg 800w, https:\/\/pusuladernegi.org\/wp-content\/uploads\/2014_5_23-25_\u00e7izgilerle-k\u0131rk-hadis-sergisi-7-300x225.jpg 300w\" sizes=\"(max-width: 800px) 100vw, 800px\" \/><\/a><\/figure>\n\n\n\n<figure class=\"wp-block-image size-full\"><a href=\"https:\/\/pusuladernegi.org\/wp-content\/uploads\/2014_5_23-25_\u00e7izgilerle-k\u0131rk-hadis-sergisi-6.jpg\"><img loading=\"lazy\" decoding=\"async\" width=\"800\" height=\"600\" data-id=\"8575\" src=\"https:\/\/pusuladernegi.org\/wp-content\/uploads\/2014_5_23-25_\u00e7izgilerle-k\u0131rk-hadis-sergisi-6.jpg\" alt=\"\" class=\"wp-image-8575\" srcset=\"https:\/\/pusuladernegi.org\/wp-content\/uploads\/2014_5_23-25_\u00e7izgilerle-k\u0131rk-hadis-sergisi-6.jpg 800w, https:\/\/pusuladernegi.org\/wp-content\/uploads\/2014_5_23-25_\u00e7izgilerle-k\u0131rk-hadis-sergisi-6-300x225.jpg 300w\" sizes=\"(max-width: 800px) 100vw, 800px\" \/><\/a><\/figure>\n\n\n\n<figure class=\"wp-block-image size-full\"><a href=\"https:\/\/pusuladernegi.org\/wp-content\/uploads\/2014_5_23-25_\u00e7izgilerle-k\u0131rk-hadis-sergisi-5.jpg\"><img loading=\"lazy\" decoding=\"async\" width=\"800\" height=\"600\" data-id=\"8574\" src=\"https:\/\/pusuladernegi.org\/wp-content\/uploads\/2014_5_23-25_\u00e7izgilerle-k\u0131rk-hadis-sergisi-5.jpg\" alt=\"\" class=\"wp-image-8574\" srcset=\"https:\/\/pusuladernegi.org\/wp-content\/uploads\/2014_5_23-25_\u00e7izgilerle-k\u0131rk-hadis-sergisi-5.jpg 800w, https:\/\/pusuladernegi.org\/wp-content\/uploads\/2014_5_23-25_\u00e7izgilerle-k\u0131rk-hadis-sergisi-5-300x225.jpg 300w\" sizes=\"(max-width: 800px) 100vw, 800px\" \/><\/a><figcaption>pusula \u00e7ocuk kul\u00fcb\u00fc \u00f6\u011frencileri belediye ba\u015fkan\u0131m\u0131z ile birlikte<\/figcaption><\/figure>\n\n\n\n<figure class=\"wp-block-image size-full\"><a href=\"https:\/\/pusuladernegi.org\/wp-content\/uploads\/2014_5_23-25_\u00e7izgilerle-k\u0131rk-hadis-sergisi-4.jpg\"><img loading=\"lazy\" decoding=\"async\" width=\"800\" height=\"600\" data-id=\"8573\" src=\"https:\/\/pusuladernegi.org\/wp-content\/uploads\/2014_5_23-25_\u00e7izgilerle-k\u0131rk-hadis-sergisi-4.jpg\" alt=\"\" class=\"wp-image-8573\" srcset=\"https:\/\/pusuladernegi.org\/wp-content\/uploads\/2014_5_23-25_\u00e7izgilerle-k\u0131rk-hadis-sergisi-4.jpg 800w, https:\/\/pusuladernegi.org\/wp-content\/uploads\/2014_5_23-25_\u00e7izgilerle-k\u0131rk-hadis-sergisi-4-300x225.jpg 300w\" sizes=\"(max-width: 800px) 100vw, 800px\" \/><\/a><figcaption>pusula \u00e7ocuk kul\u00fcb\u00fc \u00f6\u011frencileri belediye ba\u015fkan\u0131m\u0131z ile birlikte<\/figcaption><\/figure>\n\n\n\n<figure class=\"wp-block-image size-full\"><a href=\"https:\/\/pusuladernegi.org\/wp-content\/uploads\/2014_5_23-25_\u00e7izgilerle-k\u0131rk-hadis-sergisi-2.jpg\"><img loading=\"lazy\" decoding=\"async\" width=\"800\" height=\"600\" data-id=\"8571\" src=\"https:\/\/pusuladernegi.org\/wp-content\/uploads\/2014_5_23-25_\u00e7izgilerle-k\u0131rk-hadis-sergisi-2.jpg\" alt=\"\" class=\"wp-image-8571\" srcset=\"https:\/\/pusuladernegi.org\/wp-content\/uploads\/2014_5_23-25_\u00e7izgilerle-k\u0131rk-hadis-sergisi-2.jpg 800w, https:\/\/pusuladernegi.org\/wp-content\/uploads\/2014_5_23-25_\u00e7izgilerle-k\u0131rk-hadis-sergisi-2-300x225.jpg 300w\" sizes=\"(max-width: 800px) 100vw, 800px\" \/><\/a><figcaption>yemek kermesinde gen\u00e7 pusula \u00f6\u011frenci ve \u00f6\u011fretmenleri g\u00f6rev ald\u0131<\/figcaption><\/figure>\n\n\n\n<figure class=\"wp-block-image size-full\"><a href=\"https:\/\/pusuladernegi.org\/wp-content\/uploads\/2014_5_23-25_\u00e7izgilerle-k\u0131rk-hadis-sergisi-1.jpg\"><img loading=\"lazy\" decoding=\"async\" width=\"800\" height=\"600\" data-id=\"8570\" src=\"https:\/\/pusuladernegi.org\/wp-content\/uploads\/2014_5_23-25_\u00e7izgilerle-k\u0131rk-hadis-sergisi-1.jpg\" alt=\"\" class=\"wp-image-8570\" srcset=\"https:\/\/pusuladernegi.org\/wp-content\/uploads\/2014_5_23-25_\u00e7izgilerle-k\u0131rk-hadis-sergisi-1.jpg 800w, https:\/\/pusuladernegi.org\/wp-content\/uploads\/2014_5_23-25_\u00e7izgilerle-k\u0131rk-hadis-sergisi-1-300x225.jpg 300w\" sizes=\"(max-width: 800px) 100vw, 800px\" \/><\/a><figcaption>yemek kermesinden<\/figcaption><\/figure>\n\n\n\n<figure class=\"wp-block-image size-full\"><a href=\"https:\/\/pusuladernegi.org\/wp-content\/uploads\/2014_5_23-25_\u00e7izgilerle-k\u0131rk-hadis-sergisi-26.jpg\"><img loading=\"lazy\" decoding=\"async\" width=\"800\" height=\"600\" data-id=\"8597\" src=\"https:\/\/pusuladernegi.org\/wp-content\/uploads\/2014_5_23-25_\u00e7izgilerle-k\u0131rk-hadis-sergisi-26.jpg\" alt=\"\" class=\"wp-image-8597\" srcset=\"https:\/\/pusuladernegi.org\/wp-content\/uploads\/2014_5_23-25_\u00e7izgilerle-k\u0131rk-hadis-sergisi-26.jpg 800w, https:\/\/pusuladernegi.org\/wp-content\/uploads\/2014_5_23-25_\u00e7izgilerle-k\u0131rk-hadis-sergisi-26-300x225.jpg 300w\" sizes=\"(max-width: 800px) 100vw, 800px\" \/><\/a><\/figure>\n\n\n\n<figure class=\"wp-block-image size-full\"><a href=\"https:\/\/pusuladernegi.org\/wp-content\/uploads\/2014_5_23-25_\u00e7izgilerle-k\u0131rk-hadis-sergisi-24.jpg\"><img loading=\"lazy\" decoding=\"async\" width=\"800\" height=\"600\" data-id=\"8568\" src=\"https:\/\/pusuladernegi.org\/wp-content\/uploads\/2014_5_23-25_\u00e7izgilerle-k\u0131rk-hadis-sergisi-24.jpg\" alt=\"\" class=\"wp-image-8568\" srcset=\"https:\/\/pusuladernegi.org\/wp-content\/uploads\/2014_5_23-25_\u00e7izgilerle-k\u0131rk-hadis-sergisi-24.jpg 800w, https:\/\/pusuladernegi.org\/wp-content\/uploads\/2014_5_23-25_\u00e7izgilerle-k\u0131rk-hadis-sergisi-24-300x225.jpg 300w\" sizes=\"(max-width: 800px) 100vw, 800px\" \/><\/a><figcaption>pusula ailesi toplu foto\u011frafta<\/figcaption><\/figure>\n\n\n\n<figure class=\"wp-block-image size-full\"><a href=\"https:\/\/pusuladernegi.org\/wp-content\/uploads\/2014_5_23-25_\u00e7izgilerle-k\u0131rk-hadis-sergisi.jpg\"><img loading=\"lazy\" decoding=\"async\" width=\"800\" height=\"600\" data-id=\"8569\" src=\"https:\/\/pusuladernegi.org\/wp-content\/uploads\/2014_5_23-25_\u00e7izgilerle-k\u0131rk-hadis-sergisi.jpg\" alt=\"\" class=\"wp-image-8569\" srcset=\"https:\/\/pusuladernegi.org\/wp-content\/uploads\/2014_5_23-25_\u00e7izgilerle-k\u0131rk-hadis-sergisi.jpg 800w, https:\/\/pusuladernegi.org\/wp-content\/uploads\/2014_5_23-25_\u00e7izgilerle-k\u0131rk-hadis-sergisi-300x225.jpg 300w\" sizes=\"(max-width: 800px) 100vw, 800px\" \/><\/a><\/figure>\n\n\n\n<figure class=\"wp-block-image size-full\"><a href=\"https:\/\/pusuladernegi.org\/wp-content\/uploads\/2014_5_23-25_\u00e7izgilerle-k\u0131rk-hadis-sergisi-3.jpg\"><img loading=\"lazy\" decoding=\"async\" width=\"600\" height=\"800\" data-id=\"8572\" src=\"https:\/\/pusuladernegi.org\/wp-content\/uploads\/2014_5_23-25_\u00e7izgilerle-k\u0131rk-hadis-sergisi-3.jpg\" alt=\"\" class=\"wp-image-8572\" srcset=\"https:\/\/pusuladernegi.org\/wp-content\/uploads\/2014_5_23-25_\u00e7izgilerle-k\u0131rk-hadis-sergisi-3.jpg 600w, https:\/\/pusuladernegi.org\/wp-content\/uploads\/2014_5_23-25_\u00e7izgilerle-k\u0131rk-hadis-sergisi-3-225x300.jpg 225w\" sizes=\"(max-width: 600px) 100vw, 600px\" \/><\/a><figcaption>pusula \u00e7ocuk kul\u00fcb\u00fc \u00f6\u011frencileri sergiye gelirken<\/figcaption><\/figure>\n\n\n\n<figure class=\"wp-block-image size-full\"><a href=\"https:\/\/pusuladernegi.org\/wp-content\/uploads\/2014_5_23-25_\u00e7izgilerle-k\u0131rk-hadis-sergisi-25.jpg\"><img loading=\"lazy\" decoding=\"async\" width=\"600\" height=\"800\" data-id=\"8598\" src=\"https:\/\/pusuladernegi.org\/wp-content\/uploads\/2014_5_23-25_\u00e7izgilerle-k\u0131rk-hadis-sergisi-25.jpg\" alt=\"\" class=\"wp-image-8598\" srcset=\"https:\/\/pusuladernegi.org\/wp-content\/uploads\/2014_5_23-25_\u00e7izgilerle-k\u0131rk-hadis-sergisi-25.jpg 600w, https:\/\/pusuladernegi.org\/wp-content\/uploads\/2014_5_23-25_\u00e7izgilerle-k\u0131rk-hadis-sergisi-25-225x300.jpg 225w\" sizes=\"(max-width: 600px) 100vw, 600px\" \/><\/a><\/figure>\n\n\n\n<figure class=\"wp-block-image size-full\"><a href=\"https:\/\/pusuladernegi.org\/wp-content\/uploads\/web_\u00e7izgilerle-k\u0131rk-hadis_sergisi_2014_5_23-25-ka\u011f\u0131t-afi\u015f1.jpg\"><img loading=\"lazy\" decoding=\"async\" width=\"600\" height=\"849\" data-id=\"8534\" src=\"https:\/\/pusuladernegi.org\/wp-content\/uploads\/web_\u00e7izgilerle-k\u0131rk-hadis_sergisi_2014_5_23-25-ka\u011f\u0131t-afi\u015f1.jpg\" alt=\"\" class=\"wp-image-8534\" srcset=\"https:\/\/pusuladernegi.org\/wp-content\/uploads\/web_\u00e7izgilerle-k\u0131rk-hadis_sergisi_2014_5_23-25-ka\u011f\u0131t-afi\u015f1.jpg 600w, https:\/\/pusuladernegi.org\/wp-content\/uploads\/web_\u00e7izgilerle-k\u0131rk-hadis_sergisi_2014_5_23-25-ka\u011f\u0131t-afi\u015f1-212x300.jpg 212w\" sizes=\"(max-width: 600px) 100vw, 600px\" \/><\/a><figcaption>izgilerle k\u0131rk-hadis sergisi ka\u011f\u0131t afi\u015f<\/figcaption><\/figure>\n<\/figure>\n","protected":false},"excerpt":{"rendered":"<p>A\u015fa\u011f\u0131da 23-25 May\u0131s 2014 tarihinde yap\u0131lan \u201c\u00c7izgilerle K\u0131rk Hadis Sergisine&#8221; ait foto\u011fraflar\u0131 bulabilirsiniz.<\/p>\n","protected":false},"author":1,"featured_media":0,"parent":6569,"menu_order":0,"comment_status":"open","ping_status":"open","template":"","meta":{"colormag_page_container_layout":"default_layout","colormag_page_sidebar_layout":"default_layout","footnotes":""},"class_list":["post-8533","page","type-page","status-publish","hentry"],"_links":{"self":[{"href":"https:\/\/pusuladernegi.org\/index.php?rest_route=\/wp\/v2\/pages\/8533"}],"collection":[{"href":"https:\/\/pusuladernegi.org\/index.php?rest_route=\/wp\/v2\/pages"}],"about":[{"href":"https:\/\/pusuladernegi.org\/index.php?rest_route=\/wp\/v2\/types\/page"}],"author":[{"embeddable":true,"href":"https:\/\/pusuladernegi.org\/index.php?rest_route=\/wp\/v2\/users\/1"}],"replies":[{"embeddable":true,"href":"https:\/\/pusuladernegi.org\/index.php?rest_route=%2Fwp%2Fv2%2Fcomments&post=8533"}],"version-history":[{"count":12,"href":"https:\/\/pusuladernegi.org\/index.php?rest_route=\/wp\/v2\/pages\/8533\/revisions"}],"predecessor-version":[{"id":39585,"href":"https:\/\/pusuladernegi.org\/index.php?rest_route=\/wp\/v2\/pages\/8533\/revisions\/39585"}],"up":[{"embeddable":true,"href":"https:\/\/pusuladernegi.org\/index.php?rest_route=\/wp\/v2\/pages\/6569"}],"wp:attachment":[{"href":"https:\/\/pusuladernegi.org\/index.php?rest_route=%2Fwp%2Fv2%2Fmedia&parent=8533"}],"curies":[{"name":"wp","href":"https:\/\/api.w.org\/{rel}","templated":true}]}}