{"id":9628,"date":"2014-10-11T14:21:34","date_gmt":"2014-10-11T14:21:34","guid":{"rendered":"http:\/\/pusuladernegi.org\/?page_id=9628"},"modified":"2015-04-20T05:49:15","modified_gmt":"2015-04-20T05:49:15","slug":"okul-ders-takviyesi-2013-2014","status":"publish","type":"page","link":"https:\/\/pusuladernegi.org\/?page_id=9628","title":{"rendered":"Okul Ders Takviyesi (2013-2014)"},"content":{"rendered":"<table width=\"660\" border=\"0\" cellspacing=\"0\" cellpadding=\"0\">\n<tbody>\n<tr>\n<td colspan=\"2\" valign=\"top\" width=\"214\"><strong>Pazartesi<\/strong><\/td>\n<td colspan=\"2\" valign=\"top\" width=\"223\"><strong>Sal\u0131<\/strong><\/td>\n<td colspan=\"2\" valign=\"top\" width=\"223\"><strong>Per\u015fembe<\/strong><\/td>\n<\/tr>\n<tr>\n<td valign=\"top\" width=\"71\">10.00-10.40<\/td>\n<td valign=\"top\" width=\"143\">\u0130ngilizce \u0130lkokul 4.s\u0131n\u0131f<\/td>\n<td valign=\"top\" width=\"71\"><\/td>\n<td valign=\"top\" width=\"152\"><\/td>\n<td valign=\"top\" width=\"71\">10.00-10.40<\/td>\n<td valign=\"top\" width=\"152\">Matematik \u0130lkokul 4.s\u0131n\u0131f<\/td>\n<\/tr>\n<tr>\n<td valign=\"top\" width=\"71\">10.50-11.30<\/td>\n<td valign=\"top\" width=\"143\">\u0130ngilizce \u0130lkokul 4.s\u0131n\u0131f<\/td>\n<td valign=\"top\" width=\"71\"><\/td>\n<td valign=\"top\" width=\"152\"><\/td>\n<td valign=\"top\" width=\"71\">10.50-11.30<\/td>\n<td valign=\"top\" width=\"152\">Matematik \u0130lkokul 4.s\u0131n\u0131f<\/td>\n<\/tr>\n<tr>\n<td valign=\"top\" width=\"71\"><\/td>\n<td valign=\"top\" width=\"143\"><\/td>\n<td valign=\"top\" width=\"71\">14.00-15.00<\/td>\n<td valign=\"top\" width=\"152\">\u0130ngilizce \u0130lkokul 4.s\u0131n\u0131f<\/td>\n<td valign=\"top\" width=\"71\"><\/td>\n<td valign=\"top\" width=\"152\"><\/td>\n<\/tr>\n<tr>\n<td valign=\"top\" width=\"71\"><\/td>\n<td valign=\"top\" width=\"143\"><\/td>\n<td valign=\"top\" width=\"71\">15.10-16.10<\/td>\n<td valign=\"top\" width=\"152\">Matematik \u0130lkokul 4.s\u0131n\u0131f<\/td>\n<td valign=\"top\" width=\"71\"><\/td>\n<td valign=\"top\" width=\"152\"><\/td>\n<\/tr>\n<\/tbody>\n<\/table>\n<p>&nbsp;<\/p>\n","protected":false},"excerpt":{"rendered":"<p>Pazartesi Sal\u0131 Per\u015fembe 10.00-10.40 \u0130ngilizce \u0130lkokul 4.s\u0131n\u0131f 10.00-10.40 Matematik \u0130lkokul 4.s\u0131n\u0131f 10.50-11.30 \u0130ngilizce \u0130lkokul 4.s\u0131n\u0131f 10.50-11.30 Matematik \u0130lkokul 4.s\u0131n\u0131f 14.00-15.00<\/p>\n","protected":false},"author":1,"featured_media":0,"parent":7311,"menu_order":0,"comment_status":"open","ping_status":"open","template":"template-twocolumnsright.php","meta":{"colormag_page_container_layout":"default_layout","colormag_page_sidebar_layout":"default_layout","footnotes":""},"class_list":["post-9628","page","type-page","status-publish","hentry"],"_links":{"self":[{"href":"https:\/\/pusuladernegi.org\/index.php?rest_route=\/wp\/v2\/pages\/9628"}],"collection":[{"href":"https:\/\/pusuladernegi.org\/index.php?rest_route=\/wp\/v2\/pages"}],"about":[{"href":"https:\/\/pusuladernegi.org\/index.php?rest_route=\/wp\/v2\/types\/page"}],"author":[{"embeddable":true,"href":"https:\/\/pusuladernegi.org\/index.php?rest_route=\/wp\/v2\/users\/1"}],"replies":[{"embeddable":true,"href":"https:\/\/pusuladernegi.org\/index.php?rest_route=%2Fwp%2Fv2%2Fcomments&post=9628"}],"version-history":[{"count":3,"href":"https:\/\/pusuladernegi.org\/index.php?rest_route=\/wp\/v2\/pages\/9628\/revisions"}],"predecessor-version":[{"id":9631,"href":"https:\/\/pusuladernegi.org\/index.php?rest_route=\/wp\/v2\/pages\/9628\/revisions\/9631"}],"up":[{"embeddable":true,"href":"https:\/\/pusuladernegi.org\/index.php?rest_route=\/wp\/v2\/pages\/7311"}],"wp:attachment":[{"href":"https:\/\/pusuladernegi.org\/index.php?rest_route=%2Fwp%2Fv2%2Fmedia&parent=9628"}],"curies":[{"name":"wp","href":"https:\/\/api.w.org\/{rel}","templated":true}]}}