{"id":9756,"date":"2014-10-27T09:47:41","date_gmt":"2014-10-27T09:47:41","guid":{"rendered":"http:\/\/pusuladernegi.org\/?page_id=9756"},"modified":"2014-12-17T13:27:04","modified_gmt":"2014-12-17T13:27:04","slug":"sirk-en-buyuk-zulumdur","status":"publish","type":"page","link":"https:\/\/pusuladernegi.org\/?page_id=9756","title":{"rendered":"\u015eirk En B\u00fcy\u00fck Zul\u00fcmd\u00fcr"},"content":{"rendered":"<p>&nbsp;<\/p>\n<p><strong>Ayetler:\u00a0<\/strong>Lokman Suresi 12-19 ayetler<\/p>\n<p><strong>Ba\u011flant\u0131l\u0131 Ayetler:\u00a0<\/strong><\/p>\n<p><strong>2.1. HEDEF<\/strong><\/p>\n<p>\u015eirk kavram\u0131n\u0131 a\u00e7\u0131klayabilmek,<\/p>\n<p>\u015firk \u00e7e\u015fitlerini tan\u0131mak,<\/p>\n<p>g\u00fcn\u00fcm\u00fczdeki baz\u0131 bat\u0131l bat\u0131l uygulamalar hakk\u0131nda fikir sahibi olmak<\/p>\n<p>Zul\u00fcm kavram\u0131n\u0131 a\u00e7\u0131klayabilmek,<\/p>\n<p>\u015firk ko\u015fman\u0131n nas\u0131l zul\u00fcm oldu\u011funu a\u00e7\u0131klayabilmek,<\/p>\n<p>zul\u00fcm \u00f6rneklerini sayabilmek<\/p>\n<p>Ana babaya iyi davranman\u0131n neden \u00f6nemli oldu\u011fu ve neden ayetlerle vurguland\u0131\u011f\u0131 kavramak<\/p>\n<p><strong>2.2. \u00d6NE \u00c7IKAN KAVRAMLAR<\/strong><\/p>\n<p>\u015eirk, zul\u00fcm (Tevhit\/Adalet)<\/p>\n<p><strong>2.3. ETK\u0130NL\u0130K-Y\u00d6NTEM \/ MATERYALLER<\/strong><\/p>\n<p>&nbsp;<\/p>\n","protected":false},"excerpt":{"rendered":"<p>&nbsp; Ayetler:\u00a0Lokman Suresi 12-19 ayetler Ba\u011flant\u0131l\u0131 Ayetler:\u00a0 2.1. HEDEF \u015eirk kavram\u0131n\u0131 a\u00e7\u0131klayabilmek, \u015firk \u00e7e\u015fitlerini tan\u0131mak, g\u00fcn\u00fcm\u00fczdeki baz\u0131 bat\u0131l bat\u0131l uygulamalar<\/p>\n","protected":false},"author":1,"featured_media":0,"parent":9741,"menu_order":0,"comment_status":"open","ping_status":"open","template":"template-twocolumnsright.php","meta":{"colormag_page_container_layout":"default_layout","colormag_page_sidebar_layout":"default_layout","footnotes":""},"class_list":["post-9756","page","type-page","status-publish","hentry"],"_links":{"self":[{"href":"https:\/\/pusuladernegi.org\/index.php?rest_route=\/wp\/v2\/pages\/9756"}],"collection":[{"href":"https:\/\/pusuladernegi.org\/index.php?rest_route=\/wp\/v2\/pages"}],"about":[{"href":"https:\/\/pusuladernegi.org\/index.php?rest_route=\/wp\/v2\/types\/page"}],"author":[{"embeddable":true,"href":"https:\/\/pusuladernegi.org\/index.php?rest_route=\/wp\/v2\/users\/1"}],"replies":[{"embeddable":true,"href":"https:\/\/pusuladernegi.org\/index.php?rest_route=%2Fwp%2Fv2%2Fcomments&post=9756"}],"version-history":[{"count":5,"href":"https:\/\/pusuladernegi.org\/index.php?rest_route=\/wp\/v2\/pages\/9756\/revisions"}],"predecessor-version":[{"id":10348,"href":"https:\/\/pusuladernegi.org\/index.php?rest_route=\/wp\/v2\/pages\/9756\/revisions\/10348"}],"up":[{"embeddable":true,"href":"https:\/\/pusuladernegi.org\/index.php?rest_route=\/wp\/v2\/pages\/9741"}],"wp:attachment":[{"href":"https:\/\/pusuladernegi.org\/index.php?rest_route=%2Fwp%2Fv2%2Fmedia&parent=9756"}],"curies":[{"name":"wp","href":"https:\/\/api.w.org\/{rel}","templated":true}]}}