{"id":9767,"date":"2014-10-27T09:51:59","date_gmt":"2014-10-27T09:51:59","guid":{"rendered":"http:\/\/pusuladernegi.org\/?page_id=9767"},"modified":"2014-10-28T10:31:02","modified_gmt":"2014-10-28T10:31:02","slug":"ashab-i-kehf-kissasi","status":"publish","type":"page","link":"https:\/\/pusuladernegi.org\/?page_id=9767","title":{"rendered":"Ashab-\u0131 Kehf K\u0131ssas\u0131"},"content":{"rendered":"<p>&nbsp;<\/p>\n<p><strong>Ayetler:<\/strong><\/p>\n<p><strong>Ba\u011flant\u0131l\u0131 Ayetler:\u00a0<\/strong><\/p>\n<p><strong>2.1. HEDEF<\/strong><\/p>\n<p>&nbsp;<\/p>\n<p><strong>2.2. \u00d6NE \u00c7IKAN KAVRAMLAR<\/strong><\/p>\n<p>&nbsp;<\/p>\n<p><strong>2.3. ETK\u0130NL\u0130K-Y\u00d6NTEM \/ MATERYALLER<\/strong><\/p>\n","protected":false},"excerpt":{"rendered":"<p>&nbsp; Ayetler: Ba\u011flant\u0131l\u0131 Ayetler:\u00a0 2.1. HEDEF &nbsp; 2.2. \u00d6NE \u00c7IKAN KAVRAMLAR &nbsp; 2.3. ETK\u0130NL\u0130K-Y\u00d6NTEM \/ MATERYALLER<\/p>\n","protected":false},"author":1,"featured_media":0,"parent":9741,"menu_order":0,"comment_status":"open","ping_status":"open","template":"template-twocolumnsright.php","meta":{"colormag_page_container_layout":"default_layout","colormag_page_sidebar_layout":"default_layout","footnotes":""},"class_list":["post-9767","page","type-page","status-publish","hentry"],"_links":{"self":[{"href":"https:\/\/pusuladernegi.org\/index.php?rest_route=\/wp\/v2\/pages\/9767"}],"collection":[{"href":"https:\/\/pusuladernegi.org\/index.php?rest_route=\/wp\/v2\/pages"}],"about":[{"href":"https:\/\/pusuladernegi.org\/index.php?rest_route=\/wp\/v2\/types\/page"}],"author":[{"embeddable":true,"href":"https:\/\/pusuladernegi.org\/index.php?rest_route=\/wp\/v2\/users\/1"}],"replies":[{"embeddable":true,"href":"https:\/\/pusuladernegi.org\/index.php?rest_route=%2Fwp%2Fv2%2Fcomments&post=9767"}],"version-history":[{"count":3,"href":"https:\/\/pusuladernegi.org\/index.php?rest_route=\/wp\/v2\/pages\/9767\/revisions"}],"predecessor-version":[{"id":9802,"href":"https:\/\/pusuladernegi.org\/index.php?rest_route=\/wp\/v2\/pages\/9767\/revisions\/9802"}],"up":[{"embeddable":true,"href":"https:\/\/pusuladernegi.org\/index.php?rest_route=\/wp\/v2\/pages\/9741"}],"wp:attachment":[{"href":"https:\/\/pusuladernegi.org\/index.php?rest_route=%2Fwp%2Fv2%2Fmedia&parent=9767"}],"curies":[{"name":"wp","href":"https:\/\/api.w.org\/{rel}","templated":true}]}}