{"id":9906,"date":"2014-11-08T12:44:48","date_gmt":"2014-11-08T12:44:48","guid":{"rendered":"http:\/\/pusuladernegi.org\/?page_id=9906"},"modified":"2024-01-21T15:16:05","modified_gmt":"2024-01-21T15:16:05","slug":"pusuladan-kareler-204-2015","status":"publish","type":"page","link":"https:\/\/pusuladernegi.org\/?page_id=9906","title":{"rendered":"Pusuladan Kareler (2014-2015)"},"content":{"rendered":"\n<p>A\u015fa\u011f\u0131da Pusula \u00c7ocuk Haftasonu derslerden kareler yer almaktad\u0131r.<\/p>\n\n\n\n<figure class=\"wp-block-gallery has-nested-images columns-default is-cropped wp-block-gallery-1 is-layout-flex wp-block-gallery-is-layout-flex\">\n<figure class=\"wp-block-image size-large\"><a href=\"https:\/\/pusuladernegi.org\/wp-content\/uploads\/pusula-satran\u00e7-11-ekim-2014-003.jpg\"><img loading=\"lazy\" decoding=\"async\" width=\"800\" height=\"600\" data-id=\"9918\" src=\"https:\/\/pusuladernegi.org\/wp-content\/uploads\/pusula-satran\u00e7-11-ekim-2014-003.jpg\" alt=\"\" class=\"wp-image-9918\" srcset=\"https:\/\/pusuladernegi.org\/wp-content\/uploads\/pusula-satran\u00e7-11-ekim-2014-003.jpg 800w, https:\/\/pusuladernegi.org\/wp-content\/uploads\/pusula-satran\u00e7-11-ekim-2014-003-300x225.jpg 300w\" sizes=\"(max-width: 800px) 100vw, 800px\" \/><\/a><\/figure>\n\n\n\n<figure class=\"wp-block-image size-large\"><a href=\"https:\/\/pusuladernegi.org\/wp-content\/uploads\/pusula-satran\u00e7-11-ekim-2014-001.jpg\"><img loading=\"lazy\" decoding=\"async\" width=\"800\" height=\"600\" data-id=\"9917\" src=\"https:\/\/pusuladernegi.org\/wp-content\/uploads\/pusula-satran\u00e7-11-ekim-2014-001.jpg\" alt=\"\" class=\"wp-image-9917\" srcset=\"https:\/\/pusuladernegi.org\/wp-content\/uploads\/pusula-satran\u00e7-11-ekim-2014-001.jpg 800w, https:\/\/pusuladernegi.org\/wp-content\/uploads\/pusula-satran\u00e7-11-ekim-2014-001-300x225.jpg 300w\" sizes=\"(max-width: 800px) 100vw, 800px\" \/><\/a><\/figure>\n\n\n\n<figure class=\"wp-block-image size-large\"><a href=\"https:\/\/pusuladernegi.org\/wp-content\/uploads\/pusula-satran\u00e7-11-ekim-2014-004.jpg\"><img loading=\"lazy\" decoding=\"async\" width=\"800\" height=\"600\" data-id=\"9916\" src=\"https:\/\/pusuladernegi.org\/wp-content\/uploads\/pusula-satran\u00e7-11-ekim-2014-004.jpg\" alt=\"\" class=\"wp-image-9916\" srcset=\"https:\/\/pusuladernegi.org\/wp-content\/uploads\/pusula-satran\u00e7-11-ekim-2014-004.jpg 800w, https:\/\/pusuladernegi.org\/wp-content\/uploads\/pusula-satran\u00e7-11-ekim-2014-004-300x225.jpg 300w\" sizes=\"(max-width: 800px) 100vw, 800px\" \/><\/a><\/figure>\n<\/figure>\n","protected":false},"excerpt":{"rendered":"<p>A\u015fa\u011f\u0131da Pusula \u00c7ocuk Haftasonu derslerden kareler yer almaktad\u0131r.<\/p>\n","protected":false},"author":1,"featured_media":0,"parent":9531,"menu_order":0,"comment_status":"open","ping_status":"open","template":"","meta":{"colormag_page_container_layout":"default_layout","colormag_page_sidebar_layout":"default_layout","footnotes":""},"class_list":["post-9906","page","type-page","status-publish","hentry"],"_links":{"self":[{"href":"https:\/\/pusuladernegi.org\/index.php?rest_route=\/wp\/v2\/pages\/9906"}],"collection":[{"href":"https:\/\/pusuladernegi.org\/index.php?rest_route=\/wp\/v2\/pages"}],"about":[{"href":"https:\/\/pusuladernegi.org\/index.php?rest_route=\/wp\/v2\/types\/page"}],"author":[{"embeddable":true,"href":"https:\/\/pusuladernegi.org\/index.php?rest_route=\/wp\/v2\/users\/1"}],"replies":[{"embeddable":true,"href":"https:\/\/pusuladernegi.org\/index.php?rest_route=%2Fwp%2Fv2%2Fcomments&post=9906"}],"version-history":[{"count":6,"href":"https:\/\/pusuladernegi.org\/index.php?rest_route=\/wp\/v2\/pages\/9906\/revisions"}],"predecessor-version":[{"id":37540,"href":"https:\/\/pusuladernegi.org\/index.php?rest_route=\/wp\/v2\/pages\/9906\/revisions\/37540"}],"up":[{"embeddable":true,"href":"https:\/\/pusuladernegi.org\/index.php?rest_route=\/wp\/v2\/pages\/9531"}],"wp:attachment":[{"href":"https:\/\/pusuladernegi.org\/index.php?rest_route=%2Fwp%2Fv2%2Fmedia&parent=9906"}],"curies":[{"name":"wp","href":"https:\/\/api.w.org\/{rel}","templated":true}]}}